{"id":10,"date":"2011-11-18T09:19:28","date_gmt":"2011-11-18T09:19:28","guid":{"rendered":"https:\/\/blogs.ua.es\/alacanti\/?page_id=10"},"modified":"2012-01-19T00:31:11","modified_gmt":"2012-01-19T00:31:11","slug":"presentacion","status":"publish","type":"page","link":"https:\/\/blogs.ua.es\/alacanti\/presentacion\/","title":{"rendered":"Presentaci\u00f3n"},"content":{"rendered":"<p><a href=\"https:\/\/blogs.ua.es\/alacanti\/files\/2011\/11\/alicante-explanada.jpg\"><img loading=\"lazy\" decoding=\"async\" class=\"aligncenter size-medium wp-image-38\" src=\"https:\/\/blogs.ua.es\/alacanti\/files\/2011\/11\/alicante-explanada-300x204.jpg\" alt=\"\" width=\"300\" height=\"204\" srcset=\"https:\/\/blogs.ua.es\/alacanti\/files\/2011\/11\/alicante-explanada-300x204.jpg 300w, https:\/\/blogs.ua.es\/alacanti\/files\/2011\/11\/alicante-explanada.jpg 431w\" sizes=\"auto, (max-width: 300px) 100vw, 300px\" \/><\/a>Hola, somos Lourdes y Manuel, dos estudiantes de historia de la Universidad de Alicante.<\/p>\n<p>Este blog pertenece a\u00a0 la asignatura de Fuentes y Documentos para la Historia, y en \u00e9l pretendemos desarrollar diversos aspectos sobre Alicante y su comarca que a nuestro parecer resultar\u00e1n interesantes, ya que es importante conocer nuestro entorno, sus caracter\u00edsticas y curiosidades.<\/p>\n<p>&nbsp;<\/p>\n","protected":false},"excerpt":{"rendered":"<p>Hola, somos Lourdes y Manuel, dos estudiantes de historia de la Universidad de Alicante. Este blog pertenece a\u00a0 la asignatura de Fuentes y Documentos para la Historia, y en \u00e9l pretendemos desarrollar diversos aspectos sobre Alicante y su comarca que &hellip; <a href=\"https:\/\/blogs.ua.es\/alacanti\/presentacion\/\">Continue reading <span class=\"meta-nav\">&rarr;<\/span><\/a><\/p>\n","protected":false},"author":2336,"featured_media":0,"parent":0,"menu_order":0,"comment_status":"open","ping_status":"open","template":"","meta":{"footnotes":""},"class_list":["post-10","page","type-page","status-publish","hentry"],"_links":{"self":[{"href":"https:\/\/blogs.ua.es\/alacanti\/wp-json\/wp\/v2\/pages\/10","targetHints":{"allow":["GET"]}}],"collection":[{"href":"https:\/\/blogs.ua.es\/alacanti\/wp-json\/wp\/v2\/pages"}],"about":[{"href":"https:\/\/blogs.ua.es\/alacanti\/wp-json\/wp\/v2\/types\/page"}],"author":[{"embeddable":true,"href":"https:\/\/blogs.ua.es\/alacanti\/wp-json\/wp\/v2\/users\/2336"}],"replies":[{"embeddable":true,"href":"https:\/\/blogs.ua.es\/alacanti\/wp-json\/wp\/v2\/comments?post=10"}],"version-history":[{"count":8,"href":"https:\/\/blogs.ua.es\/alacanti\/wp-json\/wp\/v2\/pages\/10\/revisions"}],"predecessor-version":[{"id":70,"href":"https:\/\/blogs.ua.es\/alacanti\/wp-json\/wp\/v2\/pages\/10\/revisions\/70"}],"wp:attachment":[{"href":"https:\/\/blogs.ua.es\/alacanti\/wp-json\/wp\/v2\/media?parent=10"}],"curies":[{"name":"wp","href":"https:\/\/api.w.org\/{rel}","templated":true}]}}