{"id":68,"date":"2012-01-19T00:30:41","date_gmt":"2012-01-19T00:30:41","guid":{"rendered":"https:\/\/blogs.ua.es\/alacanti\/?page_id=68"},"modified":"2012-01-19T00:31:36","modified_gmt":"2012-01-19T00:31:36","slug":"explicacion-general","status":"publish","type":"page","link":"https:\/\/blogs.ua.es\/alacanti\/explicacion-general\/","title":{"rendered":"Explicaci\u00f3n general"},"content":{"rendered":"<p>L\u2019Alacant\u00ed es una comarca que se encuentra al sur de la Comunidad Valenciana, situada en la costa de la provincia de Alicante, y ser\u00e1 la materia sobre la cual se expondr\u00e1\u00a0 informaci\u00f3n en este blog.<\/p>\n<p>El tema que va a tratar este blog no se resumir\u00e1 en algo concreto, ya que tendremos la oportunidad de analizar en muchos sentidos c\u00f3mo es Alicante y, si no todas, s\u00ed alguna de las partes de su comarca. As\u00ed pues, vamos a conocer varios de los m\u00e1s significativos s\u00edmbolos de identidad de esta zona, rica en gran cantidad de aspectos, que iremos detallando a medida que se desarrolle nuestro trabajo. Entre estos, por ejemplo, vamos a encontrar informaci\u00f3n acerca de la gente de Alicante, sus costumbres, etc. con entradas acerca de una gran diversidad de temas como la gastronom\u00eda, el deporte, historia y otros.<\/p>\n<p>Sin m\u00e1s pre\u00e1mbulos, os dejamos con las primeras entradas del blog, que esperemos sep\u00e1is apreciar y os puedan suscitar algo de inter\u00e9s por esta peque\u00f1a comarca que es l\u2019Alacant\u00ed.<\/p>\n","protected":false},"excerpt":{"rendered":"<p>L\u2019Alacant\u00ed es una comarca que se encuentra al sur de la Comunidad Valenciana, situada en la costa de la provincia de Alicante, y ser\u00e1 la materia sobre la cual se expondr\u00e1\u00a0 informaci\u00f3n en este blog. El tema que va a &hellip; <a href=\"https:\/\/blogs.ua.es\/alacanti\/explicacion-general\/\">Continue reading <span class=\"meta-nav\">&rarr;<\/span><\/a><\/p>\n","protected":false},"author":2336,"featured_media":0,"parent":0,"menu_order":0,"comment_status":"open","ping_status":"open","template":"","meta":{"footnotes":""},"class_list":["post-68","page","type-page","status-publish","hentry"],"_links":{"self":[{"href":"https:\/\/blogs.ua.es\/alacanti\/wp-json\/wp\/v2\/pages\/68","targetHints":{"allow":["GET"]}}],"collection":[{"href":"https:\/\/blogs.ua.es\/alacanti\/wp-json\/wp\/v2\/pages"}],"about":[{"href":"https:\/\/blogs.ua.es\/alacanti\/wp-json\/wp\/v2\/types\/page"}],"author":[{"embeddable":true,"href":"https:\/\/blogs.ua.es\/alacanti\/wp-json\/wp\/v2\/users\/2336"}],"replies":[{"embeddable":true,"href":"https:\/\/blogs.ua.es\/alacanti\/wp-json\/wp\/v2\/comments?post=68"}],"version-history":[{"count":3,"href":"https:\/\/blogs.ua.es\/alacanti\/wp-json\/wp\/v2\/pages\/68\/revisions"}],"predecessor-version":[{"id":72,"href":"https:\/\/blogs.ua.es\/alacanti\/wp-json\/wp\/v2\/pages\/68\/revisions\/72"}],"wp:attachment":[{"href":"https:\/\/blogs.ua.es\/alacanti\/wp-json\/wp\/v2\/media?parent=68"}],"curies":[{"name":"wp","href":"https:\/\/api.w.org\/{rel}","templated":true}]}}