{"id":10,"date":"2013-11-15T09:25:44","date_gmt":"2013-11-15T09:25:44","guid":{"rendered":"https:\/\/blogs.ua.es\/alcoi2\/?page_id=10"},"modified":"2014-01-14T23:02:48","modified_gmt":"2014-01-14T23:02:48","slug":"valoracion","status":"publish","type":"page","link":"https:\/\/blogs.ua.es\/alcoi2\/valoracion\/","title":{"rendered":"Valoraci\u00f3n"},"content":{"rendered":"<p>Con este trabajo he podido poner en pr\u00e1ctica los conocimientos adquiridos en clase y a la vez he aprendido los diferentes tipos de fuentes y documentos hist\u00f3ricos. Por otra parte tambi\u00e9n he aprendido como hacer un blog desde cero, en el cual se demuestra el esfuerzo realizado, ya sea mucho o poco, y que gracias a nuestra contribuci\u00f3n, el resto de la comunidad pueda saber m\u00e1s sobre nuestro municipio a trav\u00e9s de las fuentes que hemos analizado. &#8211; Alvaro Miguel Alonso L\u00f3pez<\/p>\n","protected":false},"excerpt":{"rendered":"<p>Con este trabajo he podido poner en pr\u00e1ctica los conocimientos adquiridos en clase y a la vez he aprendido los diferentes tipos de fuentes y documentos hist\u00f3ricos. Por otra parte tambi\u00e9n he aprendido como hacer un blog desde cero, en el cual se demuestra el esfuerzo realizado, ya sea mucho o poco, y que gracias [&hellip;]<\/p>\n","protected":false},"author":3240,"featured_media":0,"parent":0,"menu_order":3,"comment_status":"open","ping_status":"open","template":"","meta":{"footnotes":""},"class_list":["post-10","page","type-page","status-publish","hentry"],"_links":{"self":[{"href":"https:\/\/blogs.ua.es\/alcoi2\/wp-json\/wp\/v2\/pages\/10","targetHints":{"allow":["GET"]}}],"collection":[{"href":"https:\/\/blogs.ua.es\/alcoi2\/wp-json\/wp\/v2\/pages"}],"about":[{"href":"https:\/\/blogs.ua.es\/alcoi2\/wp-json\/wp\/v2\/types\/page"}],"author":[{"embeddable":true,"href":"https:\/\/blogs.ua.es\/alcoi2\/wp-json\/wp\/v2\/users\/3240"}],"replies":[{"embeddable":true,"href":"https:\/\/blogs.ua.es\/alcoi2\/wp-json\/wp\/v2\/comments?post=10"}],"version-history":[{"count":4,"href":"https:\/\/blogs.ua.es\/alcoi2\/wp-json\/wp\/v2\/pages\/10\/revisions"}],"predecessor-version":[{"id":178,"href":"https:\/\/blogs.ua.es\/alcoi2\/wp-json\/wp\/v2\/pages\/10\/revisions\/178"}],"wp:attachment":[{"href":"https:\/\/blogs.ua.es\/alcoi2\/wp-json\/wp\/v2\/media?parent=10"}],"curies":[{"name":"wp","href":"https:\/\/api.w.org\/{rel}","templated":true}]}}