{"id":5,"date":"2013-11-15T09:22:54","date_gmt":"2013-11-15T09:22:54","guid":{"rendered":"https:\/\/blogs.ua.es\/alcoi2\/?page_id=5"},"modified":"2013-11-15T09:26:45","modified_gmt":"2013-11-15T09:26:45","slug":"presentacion","status":"publish","type":"page","link":"https:\/\/blogs.ua.es\/alcoi2\/presentacion\/","title":{"rendered":"Presentaci\u00f3n"},"content":{"rendered":"<p>Hola a todos.<\/p>\n<p>Somos:\u00a0<strong>\u00c1lvaro Miguel Alonso L\u00f3pez<\/strong>, <strong>David Cant\u00f3 Va\u00f1\u00f3<\/strong> y<strong> Hern\u00e1n Rodr\u00edguez Blanco\u00a0<\/strong>alumnos de 1\u00ba de Grado en Historia de la Universidad de Alicante , pertenecientes a la asignatura de &#8220;Fuentes y Documentos para la Historia&#8221;.<\/p>\n<p>En este blog vamos a exponer las diferentes escrituras expuestas que nos han asignado, sobre el municipio de Alcoi. En \u00e9l trabajaremos los &#8220;Grafittis iconogr\u00e1ficos&#8221; y las inscripciones y placas en recintos religiosos&#8221;.<\/p>\n<p><a href=\"http:\/\/www.ua.es\/\">http:\/\/www.ua.es\/<\/a><\/p>\n<p>Esperemos que os resulte interesante \ud83d\ude09<\/p>\n<p>&nbsp;<\/p>\n","protected":false},"excerpt":{"rendered":"<p>Hola a todos. Somos:\u00a0\u00c1lvaro Miguel Alonso L\u00f3pez, David Cant\u00f3 Va\u00f1\u00f3 y Hern\u00e1n Rodr\u00edguez Blanco\u00a0alumnos de 1\u00ba de Grado en Historia de la Universidad de Alicante , pertenecientes a la asignatura de &#8220;Fuentes y Documentos para la Historia&#8221;. En este blog vamos a exponer las diferentes escrituras expuestas que nos han asignado, sobre el municipio de [&hellip;]<\/p>\n","protected":false},"author":3240,"featured_media":0,"parent":0,"menu_order":1,"comment_status":"open","ping_status":"open","template":"","meta":{"footnotes":""},"class_list":["post-5","page","type-page","status-publish","hentry"],"_links":{"self":[{"href":"https:\/\/blogs.ua.es\/alcoi2\/wp-json\/wp\/v2\/pages\/5","targetHints":{"allow":["GET"]}}],"collection":[{"href":"https:\/\/blogs.ua.es\/alcoi2\/wp-json\/wp\/v2\/pages"}],"about":[{"href":"https:\/\/blogs.ua.es\/alcoi2\/wp-json\/wp\/v2\/types\/page"}],"author":[{"embeddable":true,"href":"https:\/\/blogs.ua.es\/alcoi2\/wp-json\/wp\/v2\/users\/3240"}],"replies":[{"embeddable":true,"href":"https:\/\/blogs.ua.es\/alcoi2\/wp-json\/wp\/v2\/comments?post=5"}],"version-history":[{"count":2,"href":"https:\/\/blogs.ua.es\/alcoi2\/wp-json\/wp\/v2\/pages\/5\/revisions"}],"predecessor-version":[{"id":7,"href":"https:\/\/blogs.ua.es\/alcoi2\/wp-json\/wp\/v2\/pages\/5\/revisions\/7"}],"wp:attachment":[{"href":"https:\/\/blogs.ua.es\/alcoi2\/wp-json\/wp\/v2\/media?parent=5"}],"curies":[{"name":"wp","href":"https:\/\/api.w.org\/{rel}","templated":true}]}}