{"id":4,"date":"2013-12-13T09:00:32","date_gmt":"2013-12-13T09:00:32","guid":{"rendered":"https:\/\/blogs.ua.es\/alcoi3\/?page_id=4"},"modified":"2014-01-14T23:12:17","modified_gmt":"2014-01-14T23:12:17","slug":"presentacio","status":"publish","type":"page","link":"https:\/\/blogs.ua.es\/alcoi3\/presentacio\/","title":{"rendered":"Presentaci\u00f3"},"content":{"rendered":"<p>Benvinguts al nostre blog de la ciutat d&#8217;Alcoi!!<\/p>\n<p>Aquest blog de la UA ha estat creat per al treball de Fonts i Documents per a la Hist\u00f2ria, amb l&#8217;objectiu de mostrar a tots aquells interessats les inscripcions i les plaques oficials, aix\u00ed com els lletrers de mercats ambulants de la d&#8217;Alcoi, que constitueixen un petit i clar reflex de l&#8217;immens patrimoni cultural i hist\u00f2ric que t\u00e9 aquesta interessant i meravellosa ciutat.<\/p>\n<p>Els autors del blog som I\u00f1aki Mira i Joan Torr\u00f3, dos estudiants de la UA que estem estudiant el grau en Geografia i Ordenaci\u00f3 del Territori.<\/p>\n<p>Esperem que vos agrade i que disfruteu del blog!!<\/p>\n<p style=\"text-align: right\">Els redactors i bloguers del blog d\u2019Esciptures exposades \u201cAlcoi3\u2033<\/p>\n","protected":false},"excerpt":{"rendered":"<p>Benvinguts al nostre blog de la ciutat d&#8217;Alcoi!! Aquest blog de la UA ha estat creat per al treball de Fonts i Documents per a la Hist\u00f2ria, amb l&#8217;objectiu de mostrar a tots aquells interessats les inscripcions i les plaques &hellip; <a href=\"https:\/\/blogs.ua.es\/alcoi3\/presentacio\/\">Continue reading <span class=\"meta-nav\">&rarr;<\/span><\/a><\/p>\n","protected":false},"author":3456,"featured_media":0,"parent":0,"menu_order":0,"comment_status":"open","ping_status":"open","template":"","meta":{"footnotes":""},"class_list":["post-4","page","type-page","status-publish","hentry"],"_links":{"self":[{"href":"https:\/\/blogs.ua.es\/alcoi3\/wp-json\/wp\/v2\/pages\/4","targetHints":{"allow":["GET"]}}],"collection":[{"href":"https:\/\/blogs.ua.es\/alcoi3\/wp-json\/wp\/v2\/pages"}],"about":[{"href":"https:\/\/blogs.ua.es\/alcoi3\/wp-json\/wp\/v2\/types\/page"}],"author":[{"embeddable":true,"href":"https:\/\/blogs.ua.es\/alcoi3\/wp-json\/wp\/v2\/users\/3456"}],"replies":[{"embeddable":true,"href":"https:\/\/blogs.ua.es\/alcoi3\/wp-json\/wp\/v2\/comments?post=4"}],"version-history":[{"count":5,"href":"https:\/\/blogs.ua.es\/alcoi3\/wp-json\/wp\/v2\/pages\/4\/revisions"}],"predecessor-version":[{"id":695,"href":"https:\/\/blogs.ua.es\/alcoi3\/wp-json\/wp\/v2\/pages\/4\/revisions\/695"}],"wp:attachment":[{"href":"https:\/\/blogs.ua.es\/alcoi3\/wp-json\/wp\/v2\/media?parent=4"}],"curies":[{"name":"wp","href":"https:\/\/api.w.org\/{rel}","templated":true}]}}