{"id":6,"date":"2013-12-13T09:02:47","date_gmt":"2013-12-13T09:02:47","guid":{"rendered":"https:\/\/blogs.ua.es\/alcoi3\/?page_id=6"},"modified":"2014-01-12T12:10:03","modified_gmt":"2014-01-12T12:10:03","slug":"introduccio","status":"publish","type":"page","link":"https:\/\/blogs.ua.es\/alcoi3\/introduccio\/","title":{"rendered":"Introducci\u00f3"},"content":{"rendered":"<p>Per a introduir-vos el blog, a continuaci\u00f3 explicarem el funcionament del blog, la seua composici\u00f3 i farem alguns aclariments per a permetre una comprensi\u00f3 total d&#8217;aquest.<\/p>\n<p>El blog funciona de la forma seg\u00fcent: hi ha un total de 60 entrades publicades i cadascuna d&#8217;aquestes fa refer\u00e8ncia a una placa, inscripci\u00f3 o lletrer pertanyent a qualsevol de les dues categories (4 i 9) assignades d&#8217;Alcoi (\u201cInscripcions i plaques oficials\u201d, o \u201cLletrers de mercats ambulants\u201d). Cada entrada b\u00e0sicament estar\u00e0 composada d&#8217;una foto acompanyada de la seua data i la seua loclitzaci\u00f3\u00a0exacta, i d&#8217;una descripci\u00f3 general i aclaridora d&#8217;aquesta.<\/p>\n<p>A m\u00e9s, cal destacar que els creadors d&#8217;aquest blog som partidaris de les xarxes socials i per aix\u00f2 mateix hem habilitat l\u2019opci\u00f3 de compartir i difondre totes les entrades que vulgueu a les xarxes socials perqu\u00e8 nosaltres hem creat aquest blog per a compartir-lo i mostrar-lo a tota aquella gent interessada, \u00e9s a dir, es tracta d&#8217;un blog totalment p\u00fablic.<\/p>\n<p>Finalment, hem d&#8217;afegir que invitem a tots aquells que visiteu el blog a no ser t\u00edmids i a participar al blog publicant un comentari a cadascuna de les diferents entrades ja que ens agradaria saber la vostra opini\u00f3, valoraci\u00f3 o cr\u00edtica al respecte. Aix\u00ed, podrem interactuar amb vosaltres i ens ajudareu a millorar el blog.<\/p>\n<p>Moltes gr\u00e0cies per la vostra atenci\u00f3 i dedicaci\u00f3 i com ja hem mencionat a la p\u00e0gina referent a la &#8220;Presentaci\u00f3&#8221;, esperem que el blog vos agrade i que el disfruteu!!<\/p>\n<p style=\"text-align: right\">Els redactors i bloguers del blog d&#8217;Esciptures exposades &#8220;Alcoi3&#8221;<\/p>\n","protected":false},"excerpt":{"rendered":"<p>Per a introduir-vos el blog, a continuaci\u00f3 explicarem el funcionament del blog, la seua composici\u00f3 i farem alguns aclariments per a permetre una comprensi\u00f3 total d&#8217;aquest. El blog funciona de la forma seg\u00fcent: hi ha un total de 60 entrades &hellip; <a href=\"https:\/\/blogs.ua.es\/alcoi3\/introduccio\/\">Continue reading <span class=\"meta-nav\">&rarr;<\/span><\/a><\/p>\n","protected":false},"author":3456,"featured_media":0,"parent":0,"menu_order":1,"comment_status":"open","ping_status":"open","template":"","meta":{"footnotes":""},"class_list":["post-6","page","type-page","status-publish","hentry"],"_links":{"self":[{"href":"https:\/\/blogs.ua.es\/alcoi3\/wp-json\/wp\/v2\/pages\/6","targetHints":{"allow":["GET"]}}],"collection":[{"href":"https:\/\/blogs.ua.es\/alcoi3\/wp-json\/wp\/v2\/pages"}],"about":[{"href":"https:\/\/blogs.ua.es\/alcoi3\/wp-json\/wp\/v2\/types\/page"}],"author":[{"embeddable":true,"href":"https:\/\/blogs.ua.es\/alcoi3\/wp-json\/wp\/v2\/users\/3456"}],"replies":[{"embeddable":true,"href":"https:\/\/blogs.ua.es\/alcoi3\/wp-json\/wp\/v2\/comments?post=6"}],"version-history":[{"count":5,"href":"https:\/\/blogs.ua.es\/alcoi3\/wp-json\/wp\/v2\/pages\/6\/revisions"}],"predecessor-version":[{"id":431,"href":"https:\/\/blogs.ua.es\/alcoi3\/wp-json\/wp\/v2\/pages\/6\/revisions\/431"}],"wp:attachment":[{"href":"https:\/\/blogs.ua.es\/alcoi3\/wp-json\/wp\/v2\/media?parent=6"}],"curies":[{"name":"wp","href":"https:\/\/api.w.org\/{rel}","templated":true}]}}