{"id":8,"date":"2013-12-13T09:03:21","date_gmt":"2013-12-13T09:03:21","guid":{"rendered":"https:\/\/blogs.ua.es\/alcoi3\/?page_id=8"},"modified":"2014-01-14T23:12:43","modified_gmt":"2014-01-14T23:12:43","slug":"valoracio","status":"publish","type":"page","link":"https:\/\/blogs.ua.es\/alcoi3\/valoracio\/","title":{"rendered":"Valoraci\u00f3"},"content":{"rendered":"<p>En conclusi\u00f3, ens agradaria fer una valoraci\u00f3 general sobre el blog. Aix\u00ed, esperem que el blog haja sigut \u00fatil i haja sigut molt profit\u00f3s per a tots aquells que l\u2019hagen visitat i el visiten pr\u00f2ximament per a consultar dos aspecte ben distints d&#8217;Alcoi: les inscripcions i les pkaques oficials, aix\u00ed com els lletrers de mercats ambulants que s&#8217;han conservat a la perfecci\u00f3 i es seguiran conservant en un bon estat gr\u00e0cies al fet que Alcoi \u00e9s una ciutat cultural amb un gran valor patrimonial que es preocupa molt sobre la seua cultura i el seu patrimoni, i fins i tot no s&#8217;oblida de rendir homeatge a la seua mem\u00f2ria hist\u00f2rica, la qual mantindr\u00e0 viva eternament.<\/p>\n<p>Hem mostrat aquests dos aspecte de la nostra ciutat des del seu significat com a escriptures i imatges exposades al p\u00fablic, i encara que som dos ge\u00f2grafs, les hem intentat d&#8217;explicar des de la perspectiva hist\u00f2rica i geogr\u00e0fica amb el major rigor possible i amb la m\u00e0xima objectivitat possible.<\/p>\n<p>Per\u00f2, abans d&#8217;acabar ens agradaria mencionar i aclarir que Alcoi \u00e9s una ciutat comercial que malauradament compta amb molt poques evid\u00e8ncies de mercats ambulants ja que\u00a0aquests s\u00f3n molt escassos i molt dif\u00edcils de presenciar i viure a Alcoi i sols es donen cada certa quantitat de temps. Per aix\u00f2, voldr\u00edem presentar les nostres m\u00e9s sinceres disculpes per si no ens hem adequat perfectament a la categoria 9 de Lletrers de mercats ambulants ja que sincerment, la majoria de les nostres fotos pertanyents a aquesta categoria, no pertanyen a mercats ambulants sin\u00f3 a mercats fixes.<\/p>\n<p>Per \u00faltim, voldriem concloure dient que des del grup Alcoi3 acabem aquest treball satisfets del treball realitzat i dels coneixements obtinguts ja que hem col\u00b7laborat i hem participat en l&#8217;enriquiment cultural de la magn\u00edfica ciutat d&#8217;Alcoi com a ciutat cultural i patrimonial.<\/p>\n<p style=\"text-align: left\">Molt\u00edssimes gr\u00e0cies per la vostra atenci\u00f3 i consideraci\u00f3!<\/p>\n<p style=\"text-align: right\">Els redactors i bloguers del blog d\u2019Esciptures exposades \u201cAlcoi3\u2033<\/p>\n","protected":false},"excerpt":{"rendered":"<p>En conclusi\u00f3, ens agradaria fer una valoraci\u00f3 general sobre el blog. Aix\u00ed, esperem que el blog haja sigut \u00fatil i haja sigut molt profit\u00f3s per a tots aquells que l\u2019hagen visitat i el visiten pr\u00f2ximament per a consultar dos aspecte &hellip; <a href=\"https:\/\/blogs.ua.es\/alcoi3\/valoracio\/\">Continue reading <span class=\"meta-nav\">&rarr;<\/span><\/a><\/p>\n","protected":false},"author":3456,"featured_media":0,"parent":0,"menu_order":2,"comment_status":"open","ping_status":"open","template":"","meta":{"footnotes":""},"class_list":["post-8","page","type-page","status-publish","hentry"],"_links":{"self":[{"href":"https:\/\/blogs.ua.es\/alcoi3\/wp-json\/wp\/v2\/pages\/8","targetHints":{"allow":["GET"]}}],"collection":[{"href":"https:\/\/blogs.ua.es\/alcoi3\/wp-json\/wp\/v2\/pages"}],"about":[{"href":"https:\/\/blogs.ua.es\/alcoi3\/wp-json\/wp\/v2\/types\/page"}],"author":[{"embeddable":true,"href":"https:\/\/blogs.ua.es\/alcoi3\/wp-json\/wp\/v2\/users\/3456"}],"replies":[{"embeddable":true,"href":"https:\/\/blogs.ua.es\/alcoi3\/wp-json\/wp\/v2\/comments?post=8"}],"version-history":[{"count":4,"href":"https:\/\/blogs.ua.es\/alcoi3\/wp-json\/wp\/v2\/pages\/8\/revisions"}],"predecessor-version":[{"id":696,"href":"https:\/\/blogs.ua.es\/alcoi3\/wp-json\/wp\/v2\/pages\/8\/revisions\/696"}],"wp:attachment":[{"href":"https:\/\/blogs.ua.es\/alcoi3\/wp-json\/wp\/v2\/media?parent=8"}],"curies":[{"name":"wp","href":"https:\/\/api.w.org\/{rel}","templated":true}]}}