{"id":12,"date":"2019-03-15T10:08:47","date_gmt":"2019-03-15T10:08:47","guid":{"rendered":"https:\/\/blogs.ua.es\/alconpatespana\/?page_id=12"},"modified":"2022-02-15T10:07:01","modified_gmt":"2022-02-15T09:07:01","slug":"miembros-asociados","status":"publish","type":"page","link":"https:\/\/blogs.ua.es\/alconpatespana\/miembros-asociados\/","title":{"rendered":"Miembros asociados"},"content":{"rendered":"<h4><strong>LISTA MIEMBROS DE LA ASOCIACI\u00d3N ALCONPAT ESPA\u00d1A<\/strong><\/h4>\n<table border=\"1\">\n<tbody>\n<tr>\n<th><strong>APELLIDOS<\/strong><\/th>\n<th><strong>NOMBRE<\/strong><\/th>\n<th><strong>CENTRO<\/strong><\/th>\n<\/tr>\n<tr>\n<td>Aguado de Cea<\/td>\n<td>Antonio<\/td>\n<td>Universidad Polit\u00e9cnica de Catalunya<\/td>\n<\/tr>\n<tr>\n<td>Alegre Heitzmann<\/td>\n<td>Vicente<\/td>\n<td>Universidad Polit\u00e9cnica de Catalunya<\/td>\n<\/tr>\n<tr>\n<td>Andrade P\u00e9rdrix<\/td>\n<td>Carmen<\/td>\n<td>CIMNE-. Universidad Polit\u00e9cnica de Catalunya<\/td>\n<\/tr>\n<tr>\n<td>Argiz Lucio<\/td>\n<td>Cristina Gema<\/td>\n<td>Universidad Polit\u00e9cnica de Madrid<\/td>\n<\/tr>\n<tr>\n<td>Baeza Brotons<\/td>\n<td>Francisco<\/td>\n<td>Universidad de Alicante<\/td>\n<\/tr>\n<tr>\n<td>Baeza de los Santos<\/td>\n<td>Francisco Javier<\/td>\n<td>Universidad de Alicante<\/td>\n<\/tr>\n<tr>\n<td>Ba\u00f1\u00f3n Bl\u00e1zquez<\/td>\n<td>Luis<\/td>\n<td>Universidad de Alicante<\/td>\n<\/tr>\n<tr>\n<td>Borrachero Rosado<\/td>\n<td>Mar\u00eda Victoria<\/td>\n<td>Universidad Polit\u00e9cnica de Valencia<\/td>\n<\/tr>\n<tr>\n<td>Calder\u00f3n Carpintero<\/td>\n<td>Ver\u00f3nica<\/td>\n<td>Universidad de Burgos<\/td>\n<\/tr>\n<tr>\n<td>Cladera Bohigas<\/td>\n<td>Antoni<\/td>\n<td>Universitat de les Illes Balears<\/td>\n<\/tr>\n<tr>\n<td>Climent Llorca<\/td>\n<td>Miguel Angel<\/td>\n<td>Universidad de Alicante<\/td>\n<\/tr>\n<tr>\n<td>De la Rubia<\/td>\n<td>Miguel Angel<\/td>\n<td>Universidad Polit\u00e9cnica de Madrid<\/td>\n<\/tr>\n<tr>\n<td>De Vera Almenar<\/td>\n<td>Guillem<\/td>\n<td>Universidad de Alicante<\/td>\n<\/tr>\n<tr>\n<td>Del Moral<\/td>\n<td>Beatriz<\/td>\n<td>Universidad de Alicante<\/td>\n<\/tr>\n<tr>\n<td>Del R\u00edo Merino<\/td>\n<td>Mercedes<\/td>\n<td>Universidad Polit\u00e9cnica de Madrid<\/td>\n<\/tr>\n<tr>\n<td>D\u00edaz G\u00f3mez<\/td>\n<td>C\u00e9sar<\/td>\n<td>Universidad Polit\u00e9cnica de Catalunya<\/td>\n<\/tr>\n<tr>\n<td>Eiras L\u00f3pez<\/td>\n<td>Javier<\/td>\n<td>Universidad de A Coru\u00f1a<\/td>\n<\/tr>\n<tr>\n<td>Enfedaque D\u00edaz<\/td>\n<td>Alejandro Fortunato<\/td>\n<td>Universidad Polit\u00e9cnica de Madrid<\/td>\n<\/tr>\n<tr>\n<td>Fern\u00e1ndez Carrasco<\/td>\n<td>Lucia<\/td>\n<td>Universidad Polit\u00e9cnica de Catalunya<\/td>\n<\/tr>\n<tr>\n<td>Fern\u00e1ndez Prada<\/td>\n<td>Miguel Angel<\/td>\n<td>Universidad Polit\u00e9cnica de Valencia<\/td>\n<\/tr>\n<tr>\n<td>Fr\u00edas Rojas<\/td>\n<td>Mois\u00e9s<\/td>\n<td>ICC Euardo. Torroja (CSIC)<\/td>\n<\/tr>\n<tr>\n<td>Galao Malo<\/td>\n<td>Oscar<\/td>\n<td>Universidad de Alicante<\/td>\n<\/tr>\n<tr>\n<td>G\u00e1lvez Ruiz<\/td>\n<td>Jaime Carlos<\/td>\n<td>Universidad Polit\u00e9cnica de Madrid<\/td>\n<\/tr>\n<tr>\n<td>Garc\u00e9s Terradillos<\/td>\n<td>Pedro<\/td>\n<td>Universidad de Alicante<\/td>\n<\/tr>\n<tr>\n<td>Garc\u00eda Alberti<\/td>\n<td>Marcos<\/td>\n<td>Universidad Polit\u00e9cnica de Madrid<\/td>\n<\/tr>\n<tr>\n<td>Garc\u00eda Alcocel<\/td>\n<td>Eva<\/td>\n<td>Universidad de Alicante<\/td>\n<\/tr>\n<tr>\n<td>Garc\u00eda Barba<\/td>\n<td>Javier<\/td>\n<td>Universidad de Alicante<\/td>\n<\/tr>\n<tr>\n<td>Gonzalez Fonteboa<\/td>\n<td>Mar\u00eda Bel\u00e9<\/td>\n<td>Universidad de A Coru\u00f1a<\/td>\n<\/tr>\n<tr>\n<td>Herrador Barrios<\/td>\n<td>Manuel Francisco<\/td>\n<td>Universidad de A Coru\u00f1a<\/td>\n<\/tr>\n<tr>\n<td>Ivorra Chorro<\/td>\n<td>Salvador<\/td>\n<td>Universidad de Alicante<\/td>\n<\/tr>\n<tr>\n<td>Louis Cereceda<\/td>\n<td>Miguel<\/td>\n<td>Universidad de Alicante<\/td>\n<\/tr>\n<tr>\n<td>Maestre Garc\u00eda<\/td>\n<td>Eduardo<\/td>\n<td>Universidad de Alicante<\/td>\n<\/tr>\n<tr>\n<td>Mar\u00ed Bernat<\/td>\n<td>Antonio Ricardo<\/td>\n<td>Universidad Polit\u00e9cnica de Catalunya<\/td>\n<\/tr>\n<tr>\n<td>Martinez Abella<\/td>\n<td>Fernando<\/td>\n<td>Universidad de A Coru\u00f1a<\/td>\n<\/tr>\n<tr>\n<td>Mart\u00ednez Lage<\/td>\n<td>Mar\u00eda Isabel<\/td>\n<td>Universidad de A Coru\u00f1a<\/td>\n<\/tr>\n<tr>\n<td>Medina Mart\u00ednez<\/td>\n<td>C\u00e9sar<\/td>\n<td>Universidad de Extremadura<\/td>\n<\/tr>\n<tr>\n<td>Men\u00e9ndez M\u00e9ndez<\/td>\n<td>Esperanza<\/td>\n<td>ICC Euardo. Torroja (CSIC)<\/td>\n<\/tr>\n<tr>\n<td>Monz\u00f3 Balbuena<\/td>\n<td>Jos\u00e9<\/td>\n<td>Universidad Polit\u00e9cnica de Valencia<\/td>\n<\/tr>\n<tr>\n<td>Moragues Terrades<\/td>\n<td>Amparo<\/td>\n<td>Universidad Polit\u00e9cnica de Madrid<\/td>\n<\/tr>\n<tr>\n<td>Ortega \u00c1lvarez<\/td>\n<td>Jos\u00e9 Marcos<\/td>\n<td>Universidad de Alicante<\/td>\n<\/tr>\n<tr>\n<td>Ortin Rull Gabriel<\/td>\n<td>Angel<\/td>\n<td>MAPEI Spain SA<\/td>\n<\/tr>\n<tr>\n<td>Pay\u00e1 Bernabeu<\/td>\n<td>Jorge Juan<\/td>\n<td>Universidad Polit\u00e9cnica de Valencia<\/td>\n<\/tr>\n<tr>\n<td>P\u00e9rez Ordo\u00f1ez<\/td>\n<td>Juan Luis<\/td>\n<td>Universidad de A Coru\u00f1a<\/td>\n<\/tr>\n<tr>\n<td>Rebolledo Ramos<\/td>\n<td>Nuria<\/td>\n<td>ICC Euardo. Torroja (CSIC)<\/td>\n<\/tr>\n<tr>\n<td>Reyes Pozo<\/td>\n<td>Encarnaci\u00f3n<\/td>\n<td>Universidad Polit\u00e9cnica de Madrid<\/td>\n<\/tr>\n<tr>\n<td>Rodr\u00edguez<\/td>\n<td>Santiago<\/td>\n<td>Universidad Polit\u00e9cnica de Madrid<\/td>\n<\/tr>\n<tr>\n<td>Ruiz<\/td>\n<td>Gonzalo<\/td>\n<td>Universidad de Castilla-La Mancha<\/td>\n<\/tr>\n<tr>\n<td>S\u00e1nchez de Rojas<\/td>\n<td>Mar\u00eda Isabel<\/td>\n<td>ICC Euardo. Torroja (CSIC)<\/td>\n<\/tr>\n<tr>\n<td>S\u00e1nchez Mart\u00edn<\/td>\n<td>Isidro<\/td>\n<td>Universidad de Alicante<\/td>\n<\/tr>\n<tr>\n<td>S\u00e1nchez Montero<\/td>\n<td>Javier<\/td>\n<td>ICC Euardo. Torroja (CSIC)<\/td>\n<\/tr>\n<tr>\n<td>Saucedo Mora<\/td>\n<td>Luis<\/td>\n<td>ICC Euardo. Torroja (CSIC)<\/td>\n<\/tr>\n<tr>\n<td>Seara Paz<\/td>\n<td>Gumersinda<\/td>\n<td>Universidad de A Coru\u00f1a<\/td>\n<\/tr>\n<tr>\n<td>Serna Ros<\/td>\n<td>Pedro<\/td>\n<td>Universidad Polit\u00e9cnica de Valencia<\/td>\n<\/tr>\n<tr>\n<td>Zornoza G\u00f3mez<\/td>\n<td>Emilio<\/td>\n<td>Universidad de Alicante<\/td>\n<\/tr>\n<\/tbody>\n<\/table>\n","protected":false},"excerpt":{"rendered":"<p>LISTA MIEMBROS DE LA ASOCIACI\u00d3N ALCONPAT ESPA\u00d1A APELLIDOS NOMBRE CENTRO Aguado de Cea Antonio Universidad Polit\u00e9cnica de Catalunya Alegre Heitzmann Vicente Universidad Polit\u00e9cnica de Catalunya Andrade P\u00e9rdrix Carmen CIMNE-. Universidad Polit\u00e9cnica de Catalunya Argiz Lucio Cristina Gema Universidad Polit\u00e9cnica de &hellip;<\/p>\n<p class=\"read-more\"> <a class=\"more-link\" href=\"https:\/\/blogs.ua.es\/alconpatespana\/miembros-asociados\/\"> <span class=\"screen-reader-text\">Miembros asociados<\/span> Leer M\u00e1s  &raquo;<\/a><\/p>\n","protected":false},"author":4338,"featured_media":0,"parent":0,"menu_order":0,"comment_status":"closed","ping_status":"closed","template":"","meta":{"footnotes":""},"class_list":["post-12","page","type-page","status-publish","hentry"],"_links":{"self":[{"href":"https:\/\/blogs.ua.es\/alconpatespana\/wp-json\/wp\/v2\/pages\/12","targetHints":{"allow":["GET"]}}],"collection":[{"href":"https:\/\/blogs.ua.es\/alconpatespana\/wp-json\/wp\/v2\/pages"}],"about":[{"href":"https:\/\/blogs.ua.es\/alconpatespana\/wp-json\/wp\/v2\/types\/page"}],"author":[{"embeddable":true,"href":"https:\/\/blogs.ua.es\/alconpatespana\/wp-json\/wp\/v2\/users\/4338"}],"replies":[{"embeddable":true,"href":"https:\/\/blogs.ua.es\/alconpatespana\/wp-json\/wp\/v2\/comments?post=12"}],"version-history":[{"count":10,"href":"https:\/\/blogs.ua.es\/alconpatespana\/wp-json\/wp\/v2\/pages\/12\/revisions"}],"predecessor-version":[{"id":306,"href":"https:\/\/blogs.ua.es\/alconpatespana\/wp-json\/wp\/v2\/pages\/12\/revisions\/306"}],"wp:attachment":[{"href":"https:\/\/blogs.ua.es\/alconpatespana\/wp-json\/wp\/v2\/media?parent=12"}],"curies":[{"name":"wp","href":"https:\/\/api.w.org\/{rel}","templated":true}]}}