{"id":213,"date":"2021-02-23T11:34:11","date_gmt":"2021-02-23T10:34:11","guid":{"rendered":"https:\/\/blogs.ua.es\/alconpatespana\/?page_id=213"},"modified":"2022-02-07T13:45:41","modified_gmt":"2022-02-07T12:45:41","slug":"asamblea-junta-directiva-2021","status":"publish","type":"page","link":"https:\/\/blogs.ua.es\/alconpatespana\/asamblea-junta-directiva-2021\/","title":{"rendered":"Asamblea Junta Directiva 2021"},"content":{"rendered":"<h4>Acta de la Reuni\u00f3n celebrada el 29 de enero de 2021<\/h4>\n<p>En el siguiente enlace puede consultar el acta de la reuni\u00f3n:<\/p>\n<p><a href=\"https:\/\/blogs.ua.es\/alconpatespana\/files\/2021\/02\/ACTA_Reuni\u00f3n_Junta_Directiva_29_01_21.pdf\"><strong>ACTA_Reuni\u00f3n_Junta_Directiva_(29_01_21)<\/strong><\/a><\/p>\n","protected":false},"excerpt":{"rendered":"<p>Acta de la Reuni\u00f3n celebrada el 29 de enero de 2021 En el siguiente enlace puede consultar el acta de la reuni\u00f3n: ACTA_Reuni\u00f3n_Junta_Directiva_(29_01_21)<\/p>\n","protected":false},"author":4338,"featured_media":0,"parent":0,"menu_order":0,"comment_status":"closed","ping_status":"closed","template":"","meta":{"footnotes":""},"class_list":["post-213","page","type-page","status-publish","hentry"],"_links":{"self":[{"href":"https:\/\/blogs.ua.es\/alconpatespana\/wp-json\/wp\/v2\/pages\/213","targetHints":{"allow":["GET"]}}],"collection":[{"href":"https:\/\/blogs.ua.es\/alconpatespana\/wp-json\/wp\/v2\/pages"}],"about":[{"href":"https:\/\/blogs.ua.es\/alconpatespana\/wp-json\/wp\/v2\/types\/page"}],"author":[{"embeddable":true,"href":"https:\/\/blogs.ua.es\/alconpatespana\/wp-json\/wp\/v2\/users\/4338"}],"replies":[{"embeddable":true,"href":"https:\/\/blogs.ua.es\/alconpatespana\/wp-json\/wp\/v2\/comments?post=213"}],"version-history":[{"count":4,"href":"https:\/\/blogs.ua.es\/alconpatespana\/wp-json\/wp\/v2\/pages\/213\/revisions"}],"predecessor-version":[{"id":279,"href":"https:\/\/blogs.ua.es\/alconpatespana\/wp-json\/wp\/v2\/pages\/213\/revisions\/279"}],"wp:attachment":[{"href":"https:\/\/blogs.ua.es\/alconpatespana\/wp-json\/wp\/v2\/media?parent=213"}],"curies":[{"name":"wp","href":"https:\/\/api.w.org\/{rel}","templated":true}]}}