{"id":231,"date":"2022-02-01T18:07:43","date_gmt":"2022-02-01T17:07:43","guid":{"rendered":"https:\/\/blogs.ua.es\/alconpatespana\/?page_id=231"},"modified":"2022-12-19T12:37:21","modified_gmt":"2022-12-19T11:37:21","slug":"jornadas-cientifico-tecnicas","status":"publish","type":"page","link":"https:\/\/blogs.ua.es\/alconpatespana\/jornadas-cientifico-tecnicas\/","title":{"rendered":"Jornadas Cient\u00edfico-T\u00e9cnicas"},"content":{"rendered":"<h2>II Jornada Cient\u00edfico-T\u00e9cnica<\/h2>\n<p><strong>13 Diciembre 2022<\/strong><br \/>\n<a href=\"https:\/\/blogs.ua.es\/alconpatespana\/files\/2022\/12\/alconpat-jornadas-diciembre-2022.png\"><img loading=\"lazy\" decoding=\"async\" class=\"alignnone wp-image-308 size-full\" src=\"https:\/\/blogs.ua.es\/alconpatespana\/files\/2022\/12\/alconpat-jornadas-diciembre-2022.png\" alt=\"Jornadas diciembre 2022\" width=\"1222\" height=\"853\" srcset=\"https:\/\/blogs.ua.es\/alconpatespana\/files\/2022\/12\/alconpat-jornadas-diciembre-2022.png 1222w, https:\/\/blogs.ua.es\/alconpatespana\/files\/2022\/12\/alconpat-jornadas-diciembre-2022-300x209.png 300w, https:\/\/blogs.ua.es\/alconpatespana\/files\/2022\/12\/alconpat-jornadas-diciembre-2022-1024x715.png 1024w, https:\/\/blogs.ua.es\/alconpatespana\/files\/2022\/12\/alconpat-jornadas-diciembre-2022-768x536.png 768w, https:\/\/blogs.ua.es\/alconpatespana\/files\/2022\/12\/alconpat-jornadas-diciembre-2022-100x70.png 100w, https:\/\/blogs.ua.es\/alconpatespana\/files\/2022\/12\/alconpat-jornadas-diciembre-2022-150x105.png 150w, https:\/\/blogs.ua.es\/alconpatespana\/files\/2022\/12\/alconpat-jornadas-diciembre-2022-200x140.png 200w, https:\/\/blogs.ua.es\/alconpatespana\/files\/2022\/12\/alconpat-jornadas-diciembre-2022-450x314.png 450w, https:\/\/blogs.ua.es\/alconpatespana\/files\/2022\/12\/alconpat-jornadas-diciembre-2022-600x419.png 600w, https:\/\/blogs.ua.es\/alconpatespana\/files\/2022\/12\/alconpat-jornadas-diciembre-2022-900x628.png 900w\" sizes=\"auto, (max-width: 1222px) 100vw, 1222px\" \/><\/a><br \/>\n<a href=\"https:\/\/blogs.ua.es\/alconpatespana\/files\/2022\/12\/cartel_jornada_2022.pdf\"><strong>Enlace al folleto en PDF de la jornada &#8211; cartel_jornada_2022.pdf<\/strong><\/a><\/p>\n<p><span id=\"videoUPMDrive2022\"><\/span><br \/>\n<a href=\"https:\/\/drive.upm.es\/s\/Bh301obUpvoOq6M\"><strong>Enlace al v\u00eddeo de la jornada 2022 alojado en la plataforma UPMDrive de la Universidad Polit\u00e9cnica de Madrid<\/strong><\/a><\/p>\n<p><strong>Presentaciones Jornada 2022<\/strong><\/p>\n<ul>\n<li><a href=\"https:\/\/drive.upm.es\/s\/8I1p0OVGxV0zepR\/download?path=%2F&amp;files=2.WebinarAlconpat_GonzaloRuiz2022.pdf\"><strong>2. Webinar Alconpat &#8211; Gonzalo Ruiz 2022<\/strong><\/a><\/li>\n<li><a href=\"https:\/\/drive.upm.es\/s\/8I1p0OVGxV0zepR\/download?path=%2F&amp;files=3.Alcompat%20J%20Monzo_13%20dic.pdf\"><strong>3. Alconpat J Monzo &#8211; 13 dic<\/strong><\/a><\/li>\n<li><a href=\"https:\/\/drive.upm.es\/s\/8I1p0OVGxV0zepR\/download?path=%2F&amp;files=5.El%20puente%20de%20Colmenar.pdf\"><strong>5. El puente de Colmenar<\/strong><\/a><\/li>\n<\/ul>\n<hr \/>\n<h2>I Jornada Cient\u00edfico-T\u00e9cnica<\/h2>\n<p><strong>30 Noviembre 2021<\/strong><br \/>\n<a href=\"https:\/\/blogs.ua.es\/alconpatespana\/files\/2022\/02\/jornadas.png\"><img loading=\"lazy\" decoding=\"async\" class=\"alignnone size-full wp-image-232\" src=\"https:\/\/blogs.ua.es\/alconpatespana\/files\/2022\/02\/jornadas.png\" alt=\"Cartel de las Jornadas cientifico t\u00e9cnicas 2021\" width=\"1220\" height=\"852\" srcset=\"https:\/\/blogs.ua.es\/alconpatespana\/files\/2022\/02\/jornadas.png 1220w, https:\/\/blogs.ua.es\/alconpatespana\/files\/2022\/02\/jornadas-300x210.png 300w, https:\/\/blogs.ua.es\/alconpatespana\/files\/2022\/02\/jornadas-1024x715.png 1024w, https:\/\/blogs.ua.es\/alconpatespana\/files\/2022\/02\/jornadas-768x536.png 768w, https:\/\/blogs.ua.es\/alconpatespana\/files\/2022\/02\/jornadas-100x70.png 100w, https:\/\/blogs.ua.es\/alconpatespana\/files\/2022\/02\/jornadas-150x105.png 150w, https:\/\/blogs.ua.es\/alconpatespana\/files\/2022\/02\/jornadas-200x140.png 200w, https:\/\/blogs.ua.es\/alconpatespana\/files\/2022\/02\/jornadas-450x314.png 450w, https:\/\/blogs.ua.es\/alconpatespana\/files\/2022\/02\/jornadas-600x419.png 600w, https:\/\/blogs.ua.es\/alconpatespana\/files\/2022\/02\/jornadas-900x629.png 900w\" sizes=\"auto, (max-width: 1220px) 100vw, 1220px\" \/><\/a><br \/>\n<a href=\"https:\/\/blogs.ua.es\/alconpatespana\/files\/2022\/02\/2021_jornada_v03AED.pdf\"><strong>Enlace al folleto en PDF de la jornada &#8211; 2021_jornada_v03(AED)<\/strong><\/a><\/p>\n<p><span id=\"videoUPMDrive\"><\/span><br \/>\n<a href=\"https:\/\/drive.upm.es\/s\/GTNKPfrWUAu4FuV\"><strong>Enlace al v\u00eddeo de la jornada 2021 alojado en la plataforma UPMDrive de la Universidad Polit\u00e9cnica de Madrid<\/strong><\/a><\/p>\n","protected":false},"excerpt":{"rendered":"<p>II Jornada Cient\u00edfico-T\u00e9cnica 13 Diciembre 2022 Enlace al folleto en PDF de la jornada &#8211; cartel_jornada_2022.pdf Enlace al v\u00eddeo de la jornada 2022 alojado en la plataforma UPMDrive de la Universidad Polit\u00e9cnica de Madrid Presentaciones Jornada 2022 2. Webinar Alconpat &hellip;<\/p>\n<p class=\"read-more\"> <a class=\"more-link\" href=\"https:\/\/blogs.ua.es\/alconpatespana\/jornadas-cientifico-tecnicas\/\"> <span class=\"screen-reader-text\">Jornadas Cient\u00edfico-T\u00e9cnicas<\/span> Leer M\u00e1s  &raquo;<\/a><\/p>\n","protected":false},"author":4338,"featured_media":0,"parent":0,"menu_order":0,"comment_status":"closed","ping_status":"closed","template":"","meta":{"footnotes":""},"class_list":["post-231","page","type-page","status-publish","hentry"],"_links":{"self":[{"href":"https:\/\/blogs.ua.es\/alconpatespana\/wp-json\/wp\/v2\/pages\/231","targetHints":{"allow":["GET"]}}],"collection":[{"href":"https:\/\/blogs.ua.es\/alconpatespana\/wp-json\/wp\/v2\/pages"}],"about":[{"href":"https:\/\/blogs.ua.es\/alconpatespana\/wp-json\/wp\/v2\/types\/page"}],"author":[{"embeddable":true,"href":"https:\/\/blogs.ua.es\/alconpatespana\/wp-json\/wp\/v2\/users\/4338"}],"replies":[{"embeddable":true,"href":"https:\/\/blogs.ua.es\/alconpatespana\/wp-json\/wp\/v2\/comments?post=231"}],"version-history":[{"count":34,"href":"https:\/\/blogs.ua.es\/alconpatespana\/wp-json\/wp\/v2\/pages\/231\/revisions"}],"predecessor-version":[{"id":319,"href":"https:\/\/blogs.ua.es\/alconpatespana\/wp-json\/wp\/v2\/pages\/231\/revisions\/319"}],"wp:attachment":[{"href":"https:\/\/blogs.ua.es\/alconpatespana\/wp-json\/wp\/v2\/media?parent=231"}],"curies":[{"name":"wp","href":"https:\/\/api.w.org\/{rel}","templated":true}]}}