{"id":250,"date":"2022-02-02T14:09:25","date_gmt":"2022-02-02T13:09:25","guid":{"rendered":"https:\/\/blogs.ua.es\/alconpatespana\/?page_id=250"},"modified":"2022-02-08T09:58:32","modified_gmt":"2022-02-08T08:58:32","slug":"contacto","status":"publish","type":"page","link":"https:\/\/blogs.ua.es\/alconpatespana\/contacto\/","title":{"rendered":"Contacto"},"content":{"rendered":"<p>Si necesitas contactar con ALCONPAT Espa\u00f1a, puedes escribirnos por correo electr\u00f3nico:<\/p>\n<p><strong><i>Presidente<\/i><\/strong><\/p>\n<ul>\n<li><strong>Jaime C. G\u00e1lvez\u00a0<\/strong> <a href=\"mailto:jaime.galvez@upm.es\">jaime.galvez@upm.es<\/a><\/li>\n<\/ul>\n<p><strong><i>Secretario-Tesorero<\/i><\/strong><\/p>\n<ul>\n<li><strong>Alejandro Enfedaque<\/strong>\u00a0 <a href=\"mailto:alejandro.enfedaque@upm.es\">alejandro.enfedaque@upm.es<\/a><\/li>\n<\/ul>\n","protected":false},"excerpt":{"rendered":"<p>Si necesitas contactar con ALCONPAT Espa\u00f1a, puedes escribirnos por correo electr\u00f3nico: Presidente Jaime C. G\u00e1lvez\u00a0 jaime.galvez@upm.es Secretario-Tesorero Alejandro Enfedaque\u00a0 alejandro.enfedaque@upm.es<\/p>\n","protected":false},"author":4338,"featured_media":0,"parent":0,"menu_order":0,"comment_status":"closed","ping_status":"closed","template":"","meta":{"footnotes":""},"class_list":["post-250","page","type-page","status-publish","hentry"],"_links":{"self":[{"href":"https:\/\/blogs.ua.es\/alconpatespana\/wp-json\/wp\/v2\/pages\/250","targetHints":{"allow":["GET"]}}],"collection":[{"href":"https:\/\/blogs.ua.es\/alconpatespana\/wp-json\/wp\/v2\/pages"}],"about":[{"href":"https:\/\/blogs.ua.es\/alconpatespana\/wp-json\/wp\/v2\/types\/page"}],"author":[{"embeddable":true,"href":"https:\/\/blogs.ua.es\/alconpatespana\/wp-json\/wp\/v2\/users\/4338"}],"replies":[{"embeddable":true,"href":"https:\/\/blogs.ua.es\/alconpatespana\/wp-json\/wp\/v2\/comments?post=250"}],"version-history":[{"count":12,"href":"https:\/\/blogs.ua.es\/alconpatespana\/wp-json\/wp\/v2\/pages\/250\/revisions"}],"predecessor-version":[{"id":300,"href":"https:\/\/blogs.ua.es\/alconpatespana\/wp-json\/wp\/v2\/pages\/250\/revisions\/300"}],"wp:attachment":[{"href":"https:\/\/blogs.ua.es\/alconpatespana\/wp-json\/wp\/v2\/media?parent=250"}],"curies":[{"name":"wp","href":"https:\/\/api.w.org\/{rel}","templated":true}]}}