{"id":4,"date":"2019-03-15T10:07:54","date_gmt":"2019-03-15T10:07:54","guid":{"rendered":"https:\/\/blogs.ua.es\/alconpatespana\/?page_id=4"},"modified":"2019-09-18T13:30:33","modified_gmt":"2019-09-18T12:30:33","slug":"historico","status":"publish","type":"page","link":"https:\/\/blogs.ua.es\/alconpatespana\/historico\/","title":{"rendered":"Hist\u00f3rico"},"content":{"rendered":"<p style=\"text-align: justify\">La Asociaci\u00f3n Latinoamericana de Control de Calidad, Patolog\u00eda y Recuperaci\u00f3n de la Construcci\u00f3n Internacional, ALCONPAT Internacional, es una Asociaci\u00f3n no lucrativa de profesionales dedicados a la industria de la construcci\u00f3n en todas sus \u00e1reas, que conjuntamente coadyuvan a resolver los problemas que se presentan en las estructuras desde la planeaci\u00f3n, dise\u00f1o y proyecto hasta la ejecuci\u00f3n, construcci\u00f3n, mantenimiento y reparaci\u00f3n de las mismas, promoviendo la actualizaci\u00f3n profesional y la educaci\u00f3n como herramientas fundamentales para salvaguardar la calidad y la integridad de los servicios de sus profesionales.<\/p>\n<p style=\"text-align: justify\">ALCONPAT Internacional naci\u00f3 hace unos 25 a\u00f1os en el marco del congreso CONPAT (Congreso Latinoamericano de Patolog\u00eda de la Construcci\u00f3n), organizado por ex-alumnos y profesores del curso CEMCO (Curso de Estudios Mayores de la Construcci\u00f3n) realizado cada tres a\u00f1os por el Instituto Eduardo Torroja de Ciencias de la Construcci\u00f3n, en Madrid, Espa\u00f1a.<\/p>\n<p style=\"text-align: justify\">En el a\u00f1o 2001 en Santo Domingo se abre la historia de las Asociaciones de ALCONPAT por pa\u00edses. Este momento marca un hito importante en la historia de la Asociaci\u00f3n. La principal pol\u00edtica, a partir de ese momento fue la de legalizar las delegaciones de ALCONPAT en cada pa\u00eds. Se registra as\u00ed la primera versi\u00f3n de ALCONPAT en la Web, se formalizan las inscripciones de los miembros y se cuenta con un archivo integrado de la Asociaci\u00f3n.<\/p>\n<p style=\"text-align: justify\">A partir de 2001 y hasta 2003 se logra la legalizaci\u00f3n de las ALCONPAT nacionales de M\u00e9xico (2002), Venezuela (2002), Brasil (2002, acta de intenci\u00f3n), Paraguay (2003) y Uruguay (2003). Posteriormente, otras delegaciones como Guatemala, Rep. Dominicana, Argentina, Ecuador y Espa\u00f1a han hecho sus tr\u00e1mites de legalizaci\u00f3n. En esta \u00e9poca la internacionalizaci\u00f3n de ALCONPAT se consolid\u00f3 pues adem\u00e1s del CIB, instituciones como RILEM, ACI y otras, dan su apoyo a los congresos de la Asociaci\u00f3n.<\/p>\n<p style=\"text-align: justify\">En el octavo Congreso, CONPAT 2003, en la ciudad de Telchac, Yucat\u00e1n (M\u00e9xico), se logr\u00f3 dar un salto en el nivel acad\u00e9mico, el cual se conserva hasta la fecha. La selecci\u00f3n y arbitraje de los trabajos cient\u00edficos, la metodolog\u00eda utilizada, que por primera vez se utiliz\u00f3 en un congreso PRE-CONPAT, que en esa ocasi\u00f3n se hizo en Asunci\u00f3n (Paraguay), en donde se pudiesen evaluar los trabajos cient\u00edficos a trav\u00e9s de un acceso a Internet y previo entrenamiento. Por primera vez se hacen gestiones y se logra la oportunidad de publicar en una revista indexada: Materiales de Construcci\u00f3n del Instituto de Ciencias de la Construcci\u00f3n Eduardo Torroja. En este per\u00edodo, tambi\u00e9n por primera vez, se genera un directorio electr\u00f3nico de membres\u00eda, se publica una segunda edici\u00f3n de las memorias en CD e impresas. La organizaci\u00f3n de las Memorias y los resultados del Comit\u00e9 Cient\u00edfico marcaron un hito de importancia para los congresos venideros. Es en Telchac donde se maduran y se presentan los avances en educaci\u00f3n a trav\u00e9s de programas de certificaci\u00f3n y postgrado que poco a poco cobran importancia en Latinoam\u00e9rica.<\/p>\n<p style=\"text-align: justify\">ALCONPAT-Internacional da sustento a los congresos CONPAT, cada dos a\u00f1os a nivel internacional y cada a\u00f1o a nivel nacional en cada uno de los pa\u00edses miembros se celebra un evento cient\u00edfico que cada vez m\u00e1s da respuesta a los problemas t\u00edpicos de la construcci\u00f3n. Hasta ahora se han registrado m\u00e1s de 3000 profesionales en los 12 Congresos realizados en C\u00f3rdoba, Argentina (1991), Barquisimeto, Venezuela (1993), La Habana, Cuba (1995), Porto Alegre, Brasil (1997), Montevideo, Uruguay (1999), Santo Domingo, Rep\u00fablica Dominicana (2001), Telchac, M\u00e9xico (2003), Asunci\u00f3n, Paraguay (2005), Quito, Ecuador (2007), Valpara\u00edso, Chile (2009), La Antigua, Guatemala (2011) y Cartagena de Indias, Colombia (2013), cuyos presidentes respectivos han sido: Dante Domene, Liana Arrieta de Bustillos, Vitervo O&#8217;Reilly, Dario Klein, Ana In\u00e9s de la Fuente, M\u00e1ximo Corominas, Pedro Castro Borges, Ang\u00e9lica Ayala, Rody Cabezas, Patricia Mart\u00ednez, Francisco Ruiz y Sergio Espejo.<\/p>\n","protected":false},"excerpt":{"rendered":"<p>La Asociaci\u00f3n Latinoamericana de Control de Calidad, Patolog\u00eda y Recuperaci\u00f3n de la Construcci\u00f3n Internacional, ALCONPAT Internacional, es una Asociaci\u00f3n no lucrativa de profesionales dedicados a la industria de la construcci\u00f3n en todas sus \u00e1reas, que conjuntamente coadyuvan a resolver los &hellip;<\/p>\n<p class=\"read-more\"> <a class=\"more-link\" href=\"https:\/\/blogs.ua.es\/alconpatespana\/historico\/\"> <span class=\"screen-reader-text\">Hist\u00f3rico<\/span> Leer M\u00e1s  &raquo;<\/a><\/p>\n","protected":false},"author":4338,"featured_media":0,"parent":0,"menu_order":0,"comment_status":"closed","ping_status":"closed","template":"full-width-page.php","meta":{"footnotes":""},"class_list":["post-4","page","type-page","status-publish","hentry"],"_links":{"self":[{"href":"https:\/\/blogs.ua.es\/alconpatespana\/wp-json\/wp\/v2\/pages\/4","targetHints":{"allow":["GET"]}}],"collection":[{"href":"https:\/\/blogs.ua.es\/alconpatespana\/wp-json\/wp\/v2\/pages"}],"about":[{"href":"https:\/\/blogs.ua.es\/alconpatespana\/wp-json\/wp\/v2\/types\/page"}],"author":[{"embeddable":true,"href":"https:\/\/blogs.ua.es\/alconpatespana\/wp-json\/wp\/v2\/users\/4338"}],"replies":[{"embeddable":true,"href":"https:\/\/blogs.ua.es\/alconpatespana\/wp-json\/wp\/v2\/comments?post=4"}],"version-history":[{"count":5,"href":"https:\/\/blogs.ua.es\/alconpatespana\/wp-json\/wp\/v2\/pages\/4\/revisions"}],"predecessor-version":[{"id":110,"href":"https:\/\/blogs.ua.es\/alconpatespana\/wp-json\/wp\/v2\/pages\/4\/revisions\/110"}],"wp:attachment":[{"href":"https:\/\/blogs.ua.es\/alconpatespana\/wp-json\/wp\/v2\/media?parent=4"}],"curies":[{"name":"wp","href":"https:\/\/api.w.org\/{rel}","templated":true}]}}