{"id":58,"date":"2019-04-17T13:08:16","date_gmt":"2019-04-17T12:08:16","guid":{"rendered":"https:\/\/blogs.ua.es\/alconpatespana\/?page_id=58"},"modified":"2021-02-23T12:16:24","modified_gmt":"2021-02-23T11:16:24","slug":"asamblea-2018","status":"publish","type":"page","link":"https:\/\/blogs.ua.es\/alconpatespana\/asamblea-2018\/","title":{"rendered":"Asamblea 2018"},"content":{"rendered":"<h4>Acta de la Reuni\u00f3n celebrada el 19 de julio de 2018<\/h4>\n<p>En el siguiente enlace puede consultar el acta de la reuni\u00f3n: <a href=\"https:\/\/blogs.ua.es\/alconpatespana\/files\/2021\/02\/ACTA_Reuni\u00f3n_2\u00aa_19_07_18_firmada.pdf\"> ACTA_Reuni\u00f3n_2\u00aa_(19_07_18)_firmada<\/a><\/p>\n","protected":false},"excerpt":{"rendered":"<p>Acta de la Reuni\u00f3n celebrada el 19 de julio de 2018 En el siguiente enlace puede consultar el acta de la reuni\u00f3n: ACTA_Reuni\u00f3n_2\u00aa_(19_07_18)_firmada<\/p>\n","protected":false},"author":4338,"featured_media":0,"parent":0,"menu_order":0,"comment_status":"closed","ping_status":"closed","template":"","meta":{"footnotes":""},"class_list":["post-58","page","type-page","status-publish","hentry"],"_links":{"self":[{"href":"https:\/\/blogs.ua.es\/alconpatespana\/wp-json\/wp\/v2\/pages\/58","targetHints":{"allow":["GET"]}}],"collection":[{"href":"https:\/\/blogs.ua.es\/alconpatespana\/wp-json\/wp\/v2\/pages"}],"about":[{"href":"https:\/\/blogs.ua.es\/alconpatespana\/wp-json\/wp\/v2\/types\/page"}],"author":[{"embeddable":true,"href":"https:\/\/blogs.ua.es\/alconpatespana\/wp-json\/wp\/v2\/users\/4338"}],"replies":[{"embeddable":true,"href":"https:\/\/blogs.ua.es\/alconpatespana\/wp-json\/wp\/v2\/comments?post=58"}],"version-history":[{"count":11,"href":"https:\/\/blogs.ua.es\/alconpatespana\/wp-json\/wp\/v2\/pages\/58\/revisions"}],"predecessor-version":[{"id":201,"href":"https:\/\/blogs.ua.es\/alconpatespana\/wp-json\/wp\/v2\/pages\/58\/revisions\/201"}],"wp:attachment":[{"href":"https:\/\/blogs.ua.es\/alconpatespana\/wp-json\/wp\/v2\/media?parent=58"}],"curies":[{"name":"wp","href":"https:\/\/api.w.org\/{rel}","templated":true}]}}