{"id":6,"date":"2019-03-15T10:08:03","date_gmt":"2019-03-15T10:08:03","guid":{"rendered":"https:\/\/blogs.ua.es\/alconpatespana\/?page_id=6"},"modified":"2019-09-18T13:28:18","modified_gmt":"2019-09-18T12:28:18","slug":"estatutos","status":"publish","type":"page","link":"https:\/\/blogs.ua.es\/alconpatespana\/estatutos\/","title":{"rendered":"Estatutos"},"content":{"rendered":"<p><a href=\"https:\/\/blogs.ua.es\/alconpatespana\/files\/2019\/09\/Estatutos-Alconpat-Espa\u00f1a.pdf\">Fichero PDF con los Estatutos de la Asociaci\u00f3n Alconpat Espa\u00f1a<\/a><\/p>\n<h3 style=\"text-align: center\">ESTATUTOS DE LA ASOCIACI\u00d3N ALCONPAT-ESPA\u00d1A<\/h3>\n<p style=\"text-align: center\"><strong>CAPITULO I<\/strong><\/p>\n<p style=\"text-align: center\"><strong>DISPOSICIONES GENERALES<\/strong><\/p>\n<p style=\"text-align: justify\"><em>CAP\u00cdTULO I<\/em><\/p>\n<p style=\"text-align: justify\"><strong>DENOMINACI\u00d3N, FINES, DOMICILIO Y \u00c1MBITO TERRITORIAL DE ACCI\u00d3N.<\/strong><\/p>\n<p style=\"text-align: justify\"><strong>Art\u00edculo 1\u00ba<\/strong><\/p>\n<p style=\"text-align: justify\">Con la denominaci\u00f3n de \u201c<strong>ASOCIACI\u00d3N Latinoamericana de Control de Calidad, Patolog\u00eda y Recuperaci\u00f3n de la Construcci\u00f3n de Espa\u00f1a<\/strong>\u201d (en adelante ALCONPAT-Espa\u00f1a), se constituye en Madrid, el d\u00eda _26_ de _Diciembre_, de 2.014, una organizaci\u00f3n de naturaleza asociativa y sin \u00e1nimo de lucro, al amparo de lo dispuesto en el art\u00edculo 22 de la Constituci\u00f3n Espa\u00f1ola, la Ley Org\u00e1nica 1\/2002, de 22 de marzo, reguladora del Derecho de Asociaci\u00f3n y dem\u00e1s disposiciones vigentes dictadas en desarrollo y aplicaci\u00f3n de aqu\u00e9lla, as\u00ed como las disposiciones normativas concordantes. El r\u00e9gimen de la Asociaci\u00f3n se determinar\u00e1 por lo dispuesto en los presentes Estatutos.<\/p>\n<p style=\"text-align: justify\">El domicilio social de la Asociaci\u00f3n se establece en el Departamento de Ingenier\u00eda Civil (c\u00f3digo habit\u00e1culo: 0015p1043) de la Universidad de Alicante.<\/p>\n<p style=\"text-align: justify\"><strong>Art\u00edculo 2\u00ba<\/strong><\/p>\n<p style=\"text-align: justify\">ALCONPAT-Espa\u00f1a es una sociedad cient\u00edfico-tecnol\u00f3gica multidisciplinar, sin \u00e1nimo de lucro, cuya actividad se extiende a todo el territorio del Estado. Los fines de la Asociaci\u00f3n son:<\/p>\n<p style=\"text-align: justify\">a) Contribuir al desarrollo cient\u00edfico y t\u00e9cnico en el campo del control de calidad, patolog\u00eda y recuperaci\u00f3n de la construcci\u00f3n, con especial \u00e9nfasis en las estructuras y los materiales.<\/p>\n<p style=\"text-align: justify\">b) Proponer a las asociaciones internacionales a las que ALCONPAT-Espa\u00f1a est\u00e9 afiliada, en particular ALCONPAT-Internacional, el nombramiento de expertos espa\u00f1oles en sus comisiones y \u00f3rganos de trabajo.<\/p>\n<p style=\"text-align: justify\">c) Organizar congresos, seminarios, jornadas t\u00e9cnicas, conferencias, etc., para difundir los conocimientos, mostrar realizaciones t\u00e9cnicas que contribuyan al avance del conocimiento y propiciar foros de debate entre profesionales del sector.<\/p>\n<p style=\"text-align: justify\">d) Contribuir a la publicaci\u00f3n de trabajos cient\u00edficos y t\u00e9cnicos en revistas, en especial en la revista ALCONPAT, y medios de difusi\u00f3n para difundir los avances del conocimiento, mostrar realizaciones y noticias de inter\u00e9s en el \u00e1mbito de ALCONPAT-Espa\u00f1a.<\/p>\n<p style=\"text-align: justify\">e) Establecer relaciones con organismos oficiales, profesionales o de otro tipo que est\u00e9n relacionados con el \u00e1mbito de ALCONPAT-Espa\u00f1a.<\/p>\n<p style=\"text-align: justify\">f) Conceder peri\u00f3dicamente medallas u otras distinciones a aquellos miembros que hayan destacado por su contribuci\u00f3n al desarrollo de los fines de ALCONPAT-Espa\u00f1a.<\/p>\n<p style=\"text-align: justify\">g) Apoyar y fortalecer las actividades de ALCONPAT-Internacional.<\/p>\n<p style=\"text-align: justify\"><em>CAP\u00cdTULO II<\/em><\/p>\n<p style=\"text-align: justify\"><strong>DE LOS SOCIOS, SUS DERECHOS Y DEBERES<\/strong><\/p>\n<p style=\"text-align: justify\"><strong>Art\u00edculo 3\u00ba<\/strong><\/p>\n<p style=\"text-align: justify\">Se contemplan las siguientes clases de socios:<\/p>\n<p style=\"text-align: justify\">a) Ordinarios.- Podr\u00e1n ser socios ordinarios todas aquellas personas mayores de edad y con la capacidad de obrar, que tengan inter\u00e9s en el desarrollo de los fines ALCONPAT y se comprometan al pago de la cuota anual.<\/p>\n<p style=\"text-align: justify\">b) Patrocinadores.- Podr\u00e1n ser socios patrocinadores todas aquellas personas f\u00edsicas o jur\u00eddicas que tengan inter\u00e9s en el desarrollo de los fines de ALCONPAT-Espa\u00f1a y contribuyan de modo singular a su sostenimiento. Las personas f\u00edsicas deber\u00e1n cumplir los requisitos exigidos para los socios ordinarios. Las personas jur\u00eddicas designar\u00e1n, para que las representen en la Asamblea General, a una persona f\u00edsica que cumpla los requisitos exigidos para los socios ordinarios. Los socios patrocinadores tendr\u00e1n derecho a dos votos en la asamblea general.<\/p>\n<p style=\"text-align: justify\">c) Honorarios.- Podr\u00e1n ser socios honorarios las personas f\u00edsicas que, por su relevante contribuci\u00f3n en el campo de actividad de ALCONPAT-Espa\u00f1a, sean nombradas por la Asamblea. Est\u00e1n exentos del pago de cuota anual.<\/p>\n<p style=\"text-align: justify\"><strong>Art\u00edculo 4\u00ba<\/strong><\/p>\n<p style=\"text-align: justify\">La adquisici\u00f3n de la calidad de socio se realizar\u00e1 de la siguiente forma:<\/p>\n<p style=\"text-align: justify\">a) Los candidatos a socio ordinario y los patrocinadores enviar\u00e1n a la Junta Directiva una solicitud de admisi\u00f3n con el aval de un socio ordinario. La Junta Directiva examinar\u00e1 y, en su caso, aprobar\u00e1 esta solicitud.<\/p>\n<p style=\"text-align: justify\">b) Los socios honorarios ser\u00e1n nombrados en Asamblea General a propuesta de la Junta Directiva.<\/p>\n<p style=\"text-align: justify\"><strong>Art\u00edculo 5\u00ba<\/strong><\/p>\n<p style=\"text-align: justify\">Se perder\u00e1 la condici\u00f3n de socio por alguna de las causas siguientes:<\/p>\n<p style=\"text-align: justify\">a) Por la libre voluntad del asociado mediante la presentaci\u00f3n de renuncia escrita presentada ante la Secretar\u00eda de la Asociaci\u00f3n. Los efectos ser\u00e1n autom\u00e1ticos, desde la fecha de su presentaci\u00f3n.<\/p>\n<p style=\"text-align: justify\">b) Por impago de tres cuotas. Ser\u00e1 necesaria la expedici\u00f3n por el Tesorero de certificado de descubierto, con la firma conforme del Presidente. Los efectos ser\u00e1n desde su notificaci\u00f3n al socio moroso, haci\u00e9ndose constar, necesariamente, la p\u00e9rdida de la condici\u00f3n de socio.<\/p>\n<p style=\"text-align: justify\">c) Por incumplimiento grave de los presentes Estatutos o de los acuerdos v\u00e1lidamente adoptados por los \u00f3rganos sociales, previa comunicaci\u00f3n al interesado y tras la decisi\u00f3n de la Asamblea General.<\/p>\n<p style=\"text-align: justify\"><strong>Art\u00edculo 6\u00ba<\/strong><\/p>\n<p style=\"text-align: justify\">Son derechos de los socios:<\/p>\n<p style=\"text-align: justify\">a) Participar en las actividades de la asociaci\u00f3n y en los \u00f3rganos de gobierno y representaci\u00f3n, ejercer el derecho de voto, as\u00ed como a asistir a la Asamblea General.<\/p>\n<p style=\"text-align: justify\">b) Ser informado acerca de la composici\u00f3n de los \u00f3rganos de gobierno y representaci\u00f3n de la asociaci\u00f3n, de su estado de cuentas y del desarrollo de su actividad.<\/p>\n<p style=\"text-align: justify\">b) Ser o\u00eddo con car\u00e1cter previo a la adopci\u00f3n de medidas disciplinarias contra \u00e9l y ser informado de los hechos que den lugar a tales medidas, debiendo ser motivado el acuerdo que, en su caso, imponga la sanci\u00f3n.<\/p>\n<p style=\"text-align: justify\">d) Acceder a la documentaci\u00f3n de la Asociaci\u00f3n, a trav\u00e9s de la Junta Directiva.<\/p>\n<p style=\"text-align: justify\">e) Usar los bienes e instalaciones de uso com\u00fan de la Asociaci\u00f3n, con respeto a igual derecho del resto de los socios.<\/p>\n<p style=\"text-align: justify\"><strong>Art\u00edculo 7\u00ba<\/strong><\/p>\n<p style=\"text-align: justify\">Son deberes de los socios:<\/p>\n<p style=\"text-align: justify\">a) Compartir las finalidades de la asociaci\u00f3n y colaborar para la consecuci\u00f3n de las mismas.<\/p>\n<p style=\"text-align: justify\">b) Abonar las cuotas y otras aportaciones que, con arreglo a los Estatutos, puedan corresponder a cada socio.<\/p>\n<p style=\"text-align: justify\">c) Cumplir el resto de obligaciones que resulten de las disposiciones estatutarias.<\/p>\n<p style=\"text-align: justify\">d) Acatar y cumplir los acuerdos v\u00e1lidamente adoptados por la Junta Directiva y la Asamblea General.<\/p>\n<p style=\"text-align: justify\"><em>CAP\u00cdTULO III<\/em><\/p>\n<p style=\"text-align: justify\"><strong>\u00d3RGANOS DIRECTIVOS Y FORMA DE ADMINISTRACI\u00d3N<\/strong><\/p>\n<p style=\"text-align: justify\"><strong>Art\u00edculo 8\u00ba<\/strong><\/p>\n<p style=\"text-align: justify\">Los \u00f3rganos de gobierno ALCONPAT-Espa\u00f1a ser\u00e1n los siguientes:<\/p>\n<p style=\"text-align: justify\">a) Asamblea General<\/p>\n<p style=\"text-align: justify\">b) Junta Directiva<\/p>\n<p style=\"text-align: justify\"><strong>Art\u00edculo 9\u00ba<\/strong><\/p>\n<p style=\"text-align: justify\">a) El \u00f3rgano supremo de ALCONPAT-Espa\u00f1a ser\u00e1 la Asamblea General.<\/p>\n<p style=\"text-align: justify\">b) Todos los socios ALCONPAT-Espa\u00f1a que se hallen en pleno uso de sus derechos sociales podr\u00e1n participar en la Asamblea General, con las limitaciones indicadas en el art\u00edculo 6.<\/p>\n<p style=\"text-align: justify\">c) La Asamblea General se reunir\u00e1 al menos una vez al a\u00f1o en sesi\u00f3n ordinaria convocada por su Presidente, preferentemente coincidiendo con la realizaci\u00f3n de un Congreso de ALCONPAT-Espa\u00f1a.<\/p>\n<p style=\"text-align: justify\">d) La Asamblea General Ordinaria se convocar\u00e1 por escrito con al menos dos meses de antelaci\u00f3n expresando el lugar d\u00eda y hora de la reuni\u00f3n y un Orden del D\u00eda provisional. En el plazo m\u00e1ximo de quince d\u00edas se remitir\u00e1n enmiendas a dicho Orden del D\u00eda, cuya inclusi\u00f3n decidir\u00e1 la Junta Directiva, de acuerdo con lo que establezca el Reglamento de R\u00e9gimen Interior, si lo hubiera.<\/p>\n<p style=\"text-align: justify\">e) La Asamblea General se reunir\u00e1 en sesi\u00f3n extraordinaria cuando lo soliciten por escrito al menos un treinta por ciento de los socios ordinarios de ALCONPAT-Espa\u00f1a en plenitud de sus derechos, y ser\u00e1 convocada por escrito por su Presidente \u2013indicando el lugar, d\u00eda y hora de la reuni\u00f3n\u2013 con al menos un mes de antelaci\u00f3n. En ella se tratar\u00e1 exclusivamente el asunto que haya motivado su convocatoria, que ser\u00e1 recogido en el Orden del D\u00eda.<\/p>\n<p style=\"text-align: justify\">f) La Asamblea General, tanto ordinaria como extraordinaria, quedar\u00e1 v\u00e1lidamente constituida en primera convocatoria cuando concurra a ella la mayor\u00eda de los socios con derecho a voto, y en segunda convocatoria -media hora despu\u00e9s de la fijada para la primera- cualquiera que sea el n\u00famero de socios presentes.<\/p>\n<p style=\"text-align: justify\">g) Ser\u00e1n competencias de la Asamblea General Ordinaria, entre otras, el establecimiento de la pol\u00edtica de ALCONPAT-Espa\u00f1a, de las cuotas de sus miembros, la aprobaci\u00f3n y modificaci\u00f3n de Estatutos y Reglamentos, la aprobaci\u00f3n de la gesti\u00f3n anual de la Junta Directiva y las generales de cualquier Asamblea General, incluida la disoluci\u00f3n de ALCONPAT-Espa\u00f1a.<\/p>\n<p style=\"text-align: justify\">h) En la Asamblea General s\u00f3lo se podr\u00e1n adoptar decisiones sobre los asuntos incluidos en el Orden del D\u00eda, tom\u00e1ndose los acuerdos por mayor\u00eda simple de votos emitidos, excluidos los votos en blanco y nulos, decidiendo en caso de empate el voto de calidad del Presidente.<\/p>\n<p style=\"text-align: justify\"><strong>Art\u00edculo 10\u00ba<\/strong><\/p>\n<p style=\"text-align: justify\">Sin perjuicio de las facultades de la Asamblea General, ALCONPAT-Espa\u00f1a estar\u00e1 regido por una Junta Directiva, que estar\u00e1 compuesta por:<\/p>\n<p style=\"text-align: justify\">a) Presidente.<\/p>\n<p style=\"text-align: justify\">b) Vicepresidente.<\/p>\n<p style=\"text-align: justify\">c) Seis vocales.<\/p>\n<p style=\"text-align: justify\">d) Secretario.<\/p>\n<p style=\"text-align: justify\">e) Tesorero.<\/p>\n<p style=\"text-align: justify\">Todos los cargos deber\u00e1n recaer en socios ordinarios del ALCONPAT-Espa\u00f1a, ser\u00e1n gratuitos y tendr\u00e1n una duraci\u00f3n de dos a\u00f1os, renovables otros dos. Los miembros de la Junta Directiva causar\u00e1n baja por renuncia voluntaria comunicada por escrito a la Junta Directiva, por incumplimiento de las obligaciones que tuvieran encomendadas y por expiraci\u00f3n del mandato.<\/p>\n<p style=\"text-align: justify\">Los miembros de la Junta Directiva que hubieran agotado el plazo para el cual fueron elegidos, continuar\u00e1n ostentando sus cargos hasta el momento en que se produzca la aceptaci\u00f3n de los que les sustituyan.<\/p>\n<p style=\"text-align: justify\"><strong>Art\u00edculo 11\u00ba<\/strong><\/p>\n<p style=\"text-align: justify\">La Junta Directiva estar\u00e1 encargada de realizar todas las actividades ordinarias necesarias para el buen gobierno de ALCONPAT-Espa\u00f1a y el cumplimiento de sus fines estatutarios, ejecutando los mandatos de la Asamblea General.<\/p>\n<p style=\"text-align: justify\">La Junta Directiva se convocar\u00e1 por su Presidente, con un plazo de antelaci\u00f3n de dos semanas y un Orden del D\u00eda provisional. En el plazo de una semana se podr\u00e1n enviar enmiendas a dicho Orden del D\u00eda que el Presidente aceptar\u00e1 de acuerdo con lo establecido en el Reglamento de R\u00e9gimen Interior, si lo hubiere. Los acuerdos se tomar\u00e1n por mayor\u00eda simple de votos emitidos, excluidos los votos nulos y en blanco, decidiendo en caso de empate el voto de calidad del Presidente.<\/p>\n<p style=\"text-align: justify\"><strong>Art\u00edculo 12\u00ba<\/strong><\/p>\n<p style=\"text-align: justify\">Al Presidente le corresponde:<\/p>\n<p style=\"text-align: justify\">a) La representaci\u00f3n legal ALCONPAT-Espa\u00f1a.<\/p>\n<p style=\"text-align: justify\">b) Convocar, presidir y levantar las sesiones que celebre la Junta Directiva y la Asamblea General.<\/p>\n<p style=\"text-align: justify\">c) Cumplir y hacer cumplir los acuerdos tomados por la Junta Directiva y la Asamblea General.<\/p>\n<p style=\"text-align: justify\">d) Ordenar los gastos y pagos de ALCONPAT-Espa\u00f1a previstos en los Reglamentos, si los hubiere, y los acordados por la Junta Directiva o la Asamblea.<\/p>\n<p style=\"text-align: justify\">e) Realizar cualquier otra funci\u00f3n propia de su cargo decidida por la Asamblea General.<\/p>\n<p style=\"text-align: justify\"><strong>Art\u00edculo 13\u00ba<\/strong><\/p>\n<p style=\"text-align: justify\">El vicepresidente y los vocales ser\u00e1n elegidos entre los socios ordinarios de manera que se garantice la pluralidad territorial. La Junta Directiva no podr\u00e1 tener m\u00e1s de tres miembros cuya actividad profesional habitual se desarrolle en una misma Comunidad Aut\u00f3noma.<\/p>\n<p style=\"text-align: justify\">El vicepresidente y los vocales tendr\u00e1n misiones espec\u00edficas encomendadas por acuerdo de la Junta Directiva. El vicepresidente sustituir\u00e1 al Presidente en caso de ausencia, enfermedad o muerte y tendr\u00e1 las funciones que en \u00e9l delegue el Presidente o establezca el Reglamento de R\u00e9gimen Interior, si lo hubiere.<\/p>\n<p style=\"text-align: justify\"><strong>Art\u00edculo 14\u00ba<\/strong><\/p>\n<p style=\"text-align: justify\">Al Secretario le corresponde el funcionamiento administrativo de ALCONPAT-Espa\u00f1a, y entre sus tareas se encuentran:<\/p>\n<p style=\"text-align: justify\">a) Convocar por orden del Presidente la junta directiva y la Asamblea<br \/>\nb) Custodiar los libros y documentos, excepto los de Contabilidad, as\u00ed como el archivo.<\/p>\n<p style=\"text-align: justify\">b) Redactar y anotar en los libros correspondientes las reuniones de la Junta Directiva y de la Asamblea General.<\/p>\n<p style=\"text-align: justify\">c) Expedir certificaciones con el visto bueno del Presidente.<\/p>\n<p style=\"text-align: justify\">d) Redactar la Memoria Anual de ALCONPAT-Espa\u00f1a.<\/p>\n<p style=\"text-align: justify\">e) Llevar al d\u00eda el fichero con los nombres y datos de los socios afiliados, as\u00ed como las altas y bajas de los mismos.<\/p>\n<p style=\"text-align: justify\">f) Ejecutar los acuerdos estatutarios adoptados, bajo la supervisi\u00f3n del Presidente.<\/p>\n<p style=\"text-align: justify\"><strong>Art\u00edculo 15\u00ba<\/strong><\/p>\n<p style=\"text-align: justify\">El Tesorero tendr\u00e1 bajo su responsabilidad el funcionamiento econ\u00f3mico de la Asociaci\u00f3n y le corresponde:<\/p>\n<p style=\"text-align: justify\">a) Supervisar los fondos de la entidad, custodiarlos e invertirlos como lo determine la Junta Directiva.<\/p>\n<p style=\"text-align: justify\">b) Efectuar los pagos, con el visto bueno del Presidente.<\/p>\n<p style=\"text-align: justify\">c) Dirigir la contabilidad.<\/p>\n<p style=\"text-align: justify\">d) Llevar el libro de Estado de Cuentas, con las indicaciones de ingresos, gastos y saldo.<\/p>\n<p style=\"text-align: justify\">e) Confeccionar el estado de cuentas anual.<\/p>\n<p style=\"text-align: justify\"><em>CAP\u00cdTULO IV<br \/>\n<\/em><strong>DE LOS RECURSOS ECON\u00d3MICOS Y PATRIMONIO.<\/strong><\/p>\n<p style=\"text-align: justify\"><strong>Art\u00edculo 16\u00ba<\/strong><\/p>\n<p style=\"text-align: justify\">Los recursos econ\u00f3micos de ALCONPAT-Espa\u00f1a estar\u00e1n constituidos por:<\/p>\n<p style=\"text-align: justify\">a) Las cuotas de los socios.<\/p>\n<p style=\"text-align: justify\">b) Las subvenciones, legados o herencias que pudieran recibir de forma legal por parte de los asociados o terceras personas.<\/p>\n<p style=\"text-align: justify\">c) Cualquier otro ingreso derivado de sus actividades.<\/p>\n<p style=\"text-align: justify\"><em>CAP\u00cdTULO V<\/em><br \/>\n<strong>DISOLUCI\u00d3N Y APLICACI\u00d3N DEL CAPITAL SOCIAL EN SU CASO<\/strong><\/p>\n<p style=\"text-align: justify\"><strong>Art\u00edculo 17\u00ba<\/strong><\/p>\n<p style=\"text-align: justify\">La asociaci\u00f3n podr\u00e1 disolverse por las siguientes causas:<\/p>\n<p style=\"text-align: justify\">a) Por voluntad de los socios, mediante acuerdo adoptado en Asamblea General extraordinaria convocada al efecto y con mayor\u00eda de los 2\/3 de los asociados.<\/p>\n<p style=\"text-align: justify\">b) Por las causas determinadas en el art\u00edculo 39 del C\u00f3digo Civil.<\/p>\n<p style=\"text-align: justify\">c) Por sentencia judicial.<\/p>\n<p style=\"text-align: justify\"><strong>Art\u00edculo 18\u00ba<\/strong><\/p>\n<p style=\"text-align: justify\">En caso de disoluci\u00f3n, se nombrar\u00e1 una Comisi\u00f3n Liquidadora, la cual efectuar\u00e1 la liquidaci\u00f3n, enajenando los bienes sociales, pagando sus deudas, cobrando sus cr\u00e9ditos y fijando el haber l\u00edquido resultante si lo hubiere.<\/p>\n<p style=\"text-align: justify\"><strong>Art\u00edculo 19\u00ba<\/strong><\/p>\n<p style=\"text-align: justify\">El haber resultante, una vez efectuada la liquidaci\u00f3n, se donar\u00e1 a la\/s entidad\/es ben\u00e9fica\/s o asociaci\u00f3n\/es no lucrativa\/s que se haya determinado en la Asamblea General extraordinaria en la que se acord\u00f3 la disoluci\u00f3n, preferiblemente ALCONPAT-Internacional.<\/p>\n<p style=\"text-align: justify\"><em>CAP\u00cdTULO VI<\/em><br \/>\n<strong>CIERRE DEL EJERCICIO<\/strong><\/p>\n<p style=\"text-align: justify\"><strong>Art\u00edculo 20\u00ba<\/strong><\/p>\n<p style=\"text-align: justify\">El ejercicio asociativo y econ\u00f3mico ser\u00e1 anual y su cierre tendr\u00e1 lugar el 31 de diciembre de cada a\u00f1o.<\/p>\n<p style=\"text-align: center\"><strong>DISPOSICION ADICIONAL<\/strong><\/p>\n<p style=\"text-align: justify\">Con car\u00e1cter subsidiario de los estatutos y de los acuerdos v\u00e1lidamente adoptados por sus \u00f3rganos de gobierno, en todo cuanto no est\u00e1 previsto en los presentes estatutos se aplicar\u00e1 la vigente Ley Org\u00e1nica 1\/2002, de 22 de marzo, reguladora del Derecho de Asociaci\u00f3n y dem\u00e1s disposiciones complementarias.<\/p>\n","protected":false},"excerpt":{"rendered":"<p>Fichero PDF con los Estatutos de la Asociaci\u00f3n Alconpat Espa\u00f1a ESTATUTOS DE LA ASOCIACI\u00d3N ALCONPAT-ESPA\u00d1A CAPITULO I DISPOSICIONES GENERALES CAP\u00cdTULO I DENOMINACI\u00d3N, FINES, DOMICILIO Y \u00c1MBITO TERRITORIAL DE ACCI\u00d3N. Art\u00edculo 1\u00ba Con la denominaci\u00f3n de \u201cASOCIACI\u00d3N Latinoamericana de Control de &hellip;<\/p>\n<p class=\"read-more\"> <a class=\"more-link\" href=\"https:\/\/blogs.ua.es\/alconpatespana\/estatutos\/\"> <span class=\"screen-reader-text\">Estatutos<\/span> Leer M\u00e1s  &raquo;<\/a><\/p>\n","protected":false},"author":4338,"featured_media":0,"parent":0,"menu_order":0,"comment_status":"closed","ping_status":"closed","template":"full-width-page.php","meta":{"footnotes":""},"class_list":["post-6","page","type-page","status-publish","hentry"],"_links":{"self":[{"href":"https:\/\/blogs.ua.es\/alconpatespana\/wp-json\/wp\/v2\/pages\/6","targetHints":{"allow":["GET"]}}],"collection":[{"href":"https:\/\/blogs.ua.es\/alconpatespana\/wp-json\/wp\/v2\/pages"}],"about":[{"href":"https:\/\/blogs.ua.es\/alconpatespana\/wp-json\/wp\/v2\/types\/page"}],"author":[{"embeddable":true,"href":"https:\/\/blogs.ua.es\/alconpatespana\/wp-json\/wp\/v2\/users\/4338"}],"replies":[{"embeddable":true,"href":"https:\/\/blogs.ua.es\/alconpatespana\/wp-json\/wp\/v2\/comments?post=6"}],"version-history":[{"count":14,"href":"https:\/\/blogs.ua.es\/alconpatespana\/wp-json\/wp\/v2\/pages\/6\/revisions"}],"predecessor-version":[{"id":119,"href":"https:\/\/blogs.ua.es\/alconpatespana\/wp-json\/wp\/v2\/pages\/6\/revisions\/119"}],"wp:attachment":[{"href":"https:\/\/blogs.ua.es\/alconpatespana\/wp-json\/wp\/v2\/media?parent=6"}],"curies":[{"name":"wp","href":"https:\/\/api.w.org\/{rel}","templated":true}]}}