{"id":60,"date":"2019-04-17T13:08:16","date_gmt":"2019-04-17T12:08:16","guid":{"rendered":"https:\/\/blogs.ua.es\/alconpatespana\/?page_id=60"},"modified":"2019-10-15T09:25:55","modified_gmt":"2019-10-15T08:25:55","slug":"preconpat-espana-2018","status":"publish","type":"page","link":"https:\/\/blogs.ua.es\/alconpatespana\/preconpat-espana-2018\/","title":{"rendered":"PreConpat Espa\u00f1a 2018"},"content":{"rendered":"<p><strong>Cartel PRE-CONPAT 2018<strong><br \/>\n<a href=\"https:\/\/blogs.ua.es\/alconpatespana\/files\/2019\/10\/Cartel-CONPAT-2018.pdf\" target=\"blank\" rel=\"noopener noreferrer\">Cartel PRE-CONPAT 2018 (fichero PDF)<\/a><\/p>\n<p><strong>D\u00edptico PRE-CONPAT 2018 Espa\u00f1a<\/strong><br \/>\n<a href=\"https:\/\/blogs.ua.es\/alconpatespana\/preconpat-espana-2018\/diptico-pre-conpat18-espana-final\/\" target=\"blank\" rel=\"noopener noreferrer\">D\u00edptico Pre-Conpat18 Espa\u00f1a (fichero PDF)<\/a><\/p>\n<p><strong>Inauguraci\u00f3n Congreso PreConpat Espa\u00f1a 2018<\/strong><br \/>\n<\/p>\n<p><strong>Investigaciones en torno a la corrosi\u00f3n de armaduras de acero en hormig\u00f3n debida a los iones cloruro<\/strong><br \/>\n<\/p>\n<p><strong>Materiales y tecnolog\u00edas constructivas no convencionales para pa\u00edses en desarrollo<\/strong><br \/>\n<\/p>\n<p><strong>Estrategias de optimizaci\u00f3n en el uso de fibras estructurales para refuerzo del hormig\u00f3n<\/strong><br \/>\n<\/p>\n<p><strong>Adherencia, anclaje y empalme de las armaduras: cien a\u00f1os de investigaci\u00f3n sobre una cuesti\u00f3n a\u00fan abierta<\/strong><br \/>\n<\/p>\n<p><strong>Jornadas de J\u00f3venes Cient\u00edficos en Materiales de Construcci\u00f3n. T\u00e9cnica de caracterizaci\u00f3n en cementos (Microscopia Confocal Raman)<\/strong><br \/>\n<\/p>\n","protected":false},"excerpt":{"rendered":"<p>Cartel PRE-CONPAT 2018 Cartel PRE-CONPAT 2018 (fichero PDF) D\u00edptico PRE-CONPAT 2018 Espa\u00f1a D\u00edptico Pre-Conpat18 Espa\u00f1a (fichero PDF) Inauguraci\u00f3n Congreso PreConpat Espa\u00f1a 2018 Investigaciones en torno a la corrosi\u00f3n de armaduras de acero en hormig\u00f3n debida a los iones cloruro Materiales &hellip;<\/p>\n<p class=\"read-more\"> <a class=\"more-link\" href=\"https:\/\/blogs.ua.es\/alconpatespana\/preconpat-espana-2018\/\"> <span class=\"screen-reader-text\">PreConpat Espa\u00f1a 2018<\/span> Leer M\u00e1s  &raquo;<\/a><\/p>\n","protected":false},"author":4338,"featured_media":0,"parent":0,"menu_order":0,"comment_status":"closed","ping_status":"closed","template":"","meta":{"footnotes":""},"class_list":["post-60","page","type-page","status-publish","hentry"],"_links":{"self":[{"href":"https:\/\/blogs.ua.es\/alconpatespana\/wp-json\/wp\/v2\/pages\/60","targetHints":{"allow":["GET"]}}],"collection":[{"href":"https:\/\/blogs.ua.es\/alconpatespana\/wp-json\/wp\/v2\/pages"}],"about":[{"href":"https:\/\/blogs.ua.es\/alconpatespana\/wp-json\/wp\/v2\/types\/page"}],"author":[{"embeddable":true,"href":"https:\/\/blogs.ua.es\/alconpatespana\/wp-json\/wp\/v2\/users\/4338"}],"replies":[{"embeddable":true,"href":"https:\/\/blogs.ua.es\/alconpatespana\/wp-json\/wp\/v2\/comments?post=60"}],"version-history":[{"count":9,"href":"https:\/\/blogs.ua.es\/alconpatespana\/wp-json\/wp\/v2\/pages\/60\/revisions"}],"predecessor-version":[{"id":143,"href":"https:\/\/blogs.ua.es\/alconpatespana\/wp-json\/wp\/v2\/pages\/60\/revisions\/143"}],"wp:attachment":[{"href":"https:\/\/blogs.ua.es\/alconpatespana\/wp-json\/wp\/v2\/media?parent=60"}],"curies":[{"name":"wp","href":"https:\/\/api.w.org\/{rel}","templated":true}]}}