{"id":29,"date":"2014-05-10T17:01:51","date_gmt":"2014-05-10T17:01:51","guid":{"rendered":"https:\/\/blogs.ua.es\/alcoy\/?page_id=29"},"modified":"2014-05-18T18:17:06","modified_gmt":"2014-05-18T18:17:06","slug":"presentacion","status":"publish","type":"page","link":"https:\/\/blogs.ua.es\/alcoy\/presentacion\/","title":{"rendered":"1- Presentaci\u00f3n"},"content":{"rendered":"<p>Somos Mar\u00eda Beas Mart\u00ednez y Mois\u00e9s Pulido Ripoll, estudiantes de 2\u00ba curso del Grado de Historia en la Universidad de Alicante y en este blog vamos a analizar las actas municipales de Alcoy en 1939 para la asignatura de &#8220;Archivos y documentos: entre la tradici\u00f3n y la renovaci\u00f3n&#8221;.<\/p>\n<p>Hemos puesto mucho empe\u00f1o y trabajo en realizar este blog, espero que la informaci\u00f3n que os presentamos os sea \u00fatil.<\/p>\n<p>Saludos.<\/p>\n","protected":false},"excerpt":{"rendered":"<p>Somos Mar\u00eda Beas Mart\u00ednez y Mois\u00e9s Pulido Ripoll, estudiantes de 2\u00ba curso del Grado de Historia en la Universidad de Alicante y en este blog vamos a analizar las actas municipales de Alcoy en 1939 para la asignatura de &#8220;Archivos y documentos: entre la tradici\u00f3n y la renovaci\u00f3n&#8221;. Hemos puesto mucho empe\u00f1o y trabajo en [&hellip;]<\/p>\n","protected":false},"author":2860,"featured_media":0,"parent":0,"menu_order":0,"comment_status":"open","ping_status":"open","template":"","meta":{"footnotes":""},"class_list":["post-29","page","type-page","status-publish","hentry"],"_links":{"self":[{"href":"https:\/\/blogs.ua.es\/alcoy\/wp-json\/wp\/v2\/pages\/29","targetHints":{"allow":["GET"]}}],"collection":[{"href":"https:\/\/blogs.ua.es\/alcoy\/wp-json\/wp\/v2\/pages"}],"about":[{"href":"https:\/\/blogs.ua.es\/alcoy\/wp-json\/wp\/v2\/types\/page"}],"author":[{"embeddable":true,"href":"https:\/\/blogs.ua.es\/alcoy\/wp-json\/wp\/v2\/users\/2860"}],"replies":[{"embeddable":true,"href":"https:\/\/blogs.ua.es\/alcoy\/wp-json\/wp\/v2\/comments?post=29"}],"version-history":[{"count":4,"href":"https:\/\/blogs.ua.es\/alcoy\/wp-json\/wp\/v2\/pages\/29\/revisions"}],"predecessor-version":[{"id":138,"href":"https:\/\/blogs.ua.es\/alcoy\/wp-json\/wp\/v2\/pages\/29\/revisions\/138"}],"wp:attachment":[{"href":"https:\/\/blogs.ua.es\/alcoy\/wp-json\/wp\/v2\/media?parent=29"}],"curies":[{"name":"wp","href":"https:\/\/api.w.org\/{rel}","templated":true}]}}