{"id":31,"date":"2014-05-10T17:02:19","date_gmt":"2014-05-10T17:02:19","guid":{"rendered":"https:\/\/blogs.ua.es\/alcoy\/?page_id=31"},"modified":"2014-05-18T17:45:30","modified_gmt":"2014-05-18T17:45:30","slug":"la-localidad-2","status":"publish","type":"page","link":"https:\/\/blogs.ua.es\/alcoy\/la-localidad-2\/","title":{"rendered":"2- La localidad"},"content":{"rendered":"<p><b><span style=\"text-decoration: underline\">Introducci\u00f3n<\/span><\/b><\/p>\n<p>Alcoy\/Alcoi es la capital de la comarca de la Hoya de Alcoy (Alicante). Presenta una topograf\u00eda accidentada lo que causa problemas en las comunicaciones. Las monta\u00f1as que rodean Alcoy son: Sierra de Mariola, Biscoi, L\u2019Ombria, La Serreta, Fuente Roja, Carrasqueta, Els Plans.<\/p>\n<p>La localidad es una ciudad mediterr\u00e1nea con un entrono natural incomparable, rodeada de dos parques naturales y a tan solo a 54 km de Alicante y 105 de Valencia.<\/p>\n<p>Sus fiestas de moros y cristianos o la centenaria Cabalgata de los Reyes Magos, junto con otros eventos culturales, son un reclamo anual que atrae a miles de turistas por su magia y espectacularidad.<\/p>\n<p><b><span style=\"text-decoration: underline\">Contexto<\/span><\/b><\/p>\n<p><i><span style=\"text-decoration: underline\">Antes y durante la Guerra Civil<\/span><\/i><\/p>\n<p>Alcoy se sit\u00faa en la provincia de alicante y se dedicaba mayormente a la fabricaci\u00f3n textil, metal\u00fargica y papelera.<\/p>\n<p>La creciente industrializaci\u00f3n en el siglo XIX propici\u00f3 el aumento poblacional, con la consecuente concentraci\u00f3n de la poblaci\u00f3n en los barrios m\u00e1s populosos de la ciudad y que contaban con escasas infraestructuras.<\/p>\n<p>Estas especiales circunstancias polarizar\u00e1n a la ciudad en dos clases sociales claramente definidas: la masa de trabajadores, la mayor\u00eda de ellos afiliados a organizaciones sindicales obreras y a paridos de izquierdas; y un empresariado local con intereses totalmente opuestos, y que entraran en enfrentamiento.<\/p>\n<p>Con la proclamaci\u00f3n de la Segunda Rep\u00fablica, los conflictos laborales y las huelgas se har\u00e1n cada vez m\u00e1s frecuentes, al tiempo que los trabajadores por una parte y los partidos de derecha y la misma iglesia, por otra, radicalizar\u00e1n sus posturas.<\/p>\n<p>Por ello, a penas se tuvo noticias del alzamiento militar, la ciudad se convirti\u00f3 en un foco de intereses contrapuestos.<\/p>\n<p>La localidad no sufri\u00f3 las consecuencias directas de la guerra hasta bien entrada la contienda, aun que el conflicto alter\u00f3 la vida de sus habitantes. En la ciudad conviv\u00edan m\u00faltiples intereses pol\u00edticos que eran dif\u00edciles de armonizar y los acontecimientos se precipitaron. Se convoc\u00f3 una huelga general, se levantaron barricadas, se blindaron camiones que patrullaban la ciudad\u2026 Se cre\u00f3 un Comit\u00e9 Revolucionario de Defensa para impedir que los militares de la ciudad se pudieran levantar en armas. Algunos templos y conventos fueron ocupados y usados como almacenes y cocheras.<\/p>\n<p>Tras el cese del acuartelamiento que se hab\u00eda sucedido en el cuartel y que hab\u00eda durado 17 d\u00edas, se form\u00f3 una columna de milicianos y soldados que salieron hacia el frente de C\u00f3rdoba.<\/p>\n<p>Al iniciarse la Guerra Civil se agrav\u00f3 la recesi\u00f3n sectorial que viv\u00eda la industria alcoyana y la soluci\u00f3n a esto fue la reconversi\u00f3n de la producci\u00f3n hacia la industria de guerra y las industrias fueron colectivizadas. Las industrias textiles orientar\u00e1n su producci\u00f3n a abastecer de tejidos y mantas al ej\u00e9rcito republicano; y las empresas metal\u00fargicas pasaron a fabricar ca\u00f1ones, proyectiles, cartuchos, espoletas, bombas de mano\u2026<\/p>\n<p>Nada m\u00e1s empezar la guerra las autoridades locales crey\u00f3 conveniente que deb\u00eda prepararse un plan que permitiera protegerse de los bombardeos enemigos para lo que se cre\u00f3 la Junta Local de Defensa Pasiva. Para defender la ciudad se construy\u00f3 una torre con un ca\u00f1\u00f3n antia\u00e9reo junto a la hidroel\u00e9ctrica que defender\u00eda la misma, las fabricas de su alrededor y el Hospital Municipal Civil de Oliver, y otra torre cerca de las estaciones de ferrocarril. Otra medida que se tom\u00f3 fue la colocaci\u00f3n de una sirena y que se instal\u00f3 en lo alto del Ayuntamiento (hoy a\u00fan se encuentra en ese lugar) y que servir\u00eda para avisar a la ciudadan\u00eda de los bombardeos. En la Serreta el DECA (departamento de Defensa Especial Contra Aeronaves) instal\u00f3 uno de sus tantos observatorios y cuyo objetivo era dar la voz de alarma ante la presencia de aviones enemigos.<\/p>\n<p>Durante los a\u00f1os de guerra se abrieron bajo el casco urbano una gran cantidad se refugios para la poblaci\u00f3n. En Alcoy se construyeron una gran cantidad de refugios entre los colectivos, los refugios de las f\u00e1bricas y los particulares que en total ten\u00edan una capacidad para entre 27.859 y 29.219 personas.<\/p>\n<p>Los sublevados estaba recibiendo ayuda de Italia, en las Baleares se cre\u00f3 un grupo bombardeo llamado \u201cFalchi delle Baleari\u201d (halcones de las Baleares). Con sus aviones bombardearon la localidad entre septiembre de 1938 y el 11 de febrero de 1939 en los que se lanzaron 624 bombas y que supon\u00edan un total de 49.085 kg de explosivos. Estos bombardeos se cobraron la vida de 64 personas.<\/p>\n<p>En cuanto al abastecimiento hay que decir que todo estaba racionalizado y durante la guerra escasearon los productos de primera necesidad y que solo se pod\u00edan comprar de vez en cuando y donde la Comisi\u00f3n de Abastecimiento establec\u00eda. Algunos ejemplos de carest\u00eda est\u00e1n en el pan, al principio se hab\u00eda establecido medio kilo por persona y d\u00eda pero con el paso del tiempo se pas\u00f3 a 100 gramos por persona y d\u00eda. La leche tambi\u00e9n se racionalizaba y lleg\u00f3 a escasear hasta el punto de que solo se pod\u00eda comprar bajo prescripci\u00f3n facultativa. Lo mismo suced\u00eda con el resto de productos como el carb\u00f3n el az\u00facar o la carne.<\/p>\n<p>&nbsp;<\/p>\n<p>Joan Valls, poeta alcoyano, escrib\u00eda esto sobre la guerra en Alcoy:<\/p>\n<p>&nbsp;<\/p>\n<p align=\"center\"><span style=\"text-decoration: underline\">Bautismo de Guerra<\/span><\/p>\n<p align=\"center\">Alcoi del levante arisco,<\/p>\n<p align=\"center\">si en la defensa subterr\u00e1nea<\/p>\n<p align=\"center\">te aseguraste a tiempo,<\/p>\n<p align=\"center\">no me niegues que confiabas<\/p>\n<p align=\"center\">en el olvido de aquellos<\/p>\n<p align=\"center\">que hoy aniquilan tus casas,<\/p>\n<p align=\"center\">tus puentes, tus arrabales<\/p>\n<p align=\"center\">y ese ritmo de tus f\u00e1bricas<\/p>\n<p align=\"center\">que late en las chimeneas<\/p>\n<p align=\"center\">y en las selfactinas r\u00e1pidas,<\/p>\n<p align=\"center\">y en los telares crujientes,<\/p>\n<p align=\"center\">y en los yunques y en las fraguas<\/p>\n<p align=\"center\">un poema acelerado<\/p>\n<p align=\"center\">de fecundidad diaria<\/p>\n<p align=\"center\">Nadie espera del peligro.<\/p>\n<p align=\"center\">Y all\u00e1 en las cumbres lejanas,<\/p>\n<p align=\"center\">un horizonte tibio<\/p>\n<p align=\"center\">que apenas vio una mirada,<\/p>\n<p align=\"center\">un rumor de h\u00e9lices broncas<\/p>\n<p align=\"center\">se alteran en tornos, se agranda,<\/p>\n<p align=\"center\">se siluetean en diez sombras<\/p>\n<p align=\"center\">y en dos escuadrillas anchas.<\/p>\n<p align=\"center\">El miedo un\u00e1nime chispa<\/p>\n<p align=\"center\">dentaduras y gargantas.<\/p>\n<p align=\"center\">Las comadres gritan voces<\/p>\n<p align=\"center\">de blasfemias indignadas<\/p>\n<p align=\"center\">Huyen a los subterr\u00e1neos<\/p>\n<p align=\"center\">y a los s\u00f3tanos. La rabia<\/p>\n<p align=\"center\">en los hombres pone gestos<\/p>\n<p align=\"center\">de arc\u00e1ngeles en venganza.<\/p>\n<p align=\"center\">Sobre la ciudad ciernen.<\/p>\n<p align=\"center\">\u00a1Que son diez buitres de Italia<\/p>\n<p align=\"center\">que el Vaticano bendice<\/p>\n<p align=\"center\">para la guerra de Espa\u00f1a!<\/p>\n<p align=\"center\">Recruje la tierra el golpe<\/p>\n<p align=\"center\">horr\u00edsono de la metralla.<\/p>\n<p align=\"center\">Los refugios se estremecen<\/p>\n<p align=\"center\">y el espanto en las miradas<\/p>\n<p align=\"center\">cuaja un reflejo viv\u00edsimo<\/p>\n<p align=\"center\">de odio de sangre de casta.<\/p>\n<p align=\"center\">Retiemblan habitaciones<\/p>\n<p align=\"center\">y al escupir la metralla<\/p>\n<p align=\"center\">acribilla, violadora,<\/p>\n<p align=\"center\">la intimidad de las casas:<\/p>\n<p align=\"center\">muros en brecha partidos;<\/p>\n<p align=\"center\">alcobas desmanteladas<\/p>\n<p align=\"center\">que aun tienen ecos nupciales<\/p>\n<p align=\"center\">de amores a flor de savia.<\/p>\n<p align=\"center\">Gritos rotos de los muertos,<\/p>\n<p align=\"center\">brazos, piernas desgajadas,<\/p>\n<p align=\"center\">y una ni\u00f1a toda en sangre<\/p>\n<p align=\"center\">a su mu\u00f1eca abrazada<\/p>\n<p align=\"center\">copia, en s\u00edmbolo inocente<\/p>\n<p align=\"center\">una rosa pisoteada.<\/p>\n<p align=\"center\">\u00a1Volved la vista hacia aqu\u00ed,<\/p>\n<p align=\"center\">brujos de la diplomacia:<\/p>\n<p align=\"center\">los bombardeos no caen<\/p>\n<p align=\"center\">sobre vuestras testas calvadas;<\/p>\n<p align=\"center\">descienden sobre una tierra<\/p>\n<p align=\"center\">meridional y gallarda<\/p>\n<p align=\"center\">que r\u00ede cara a la muerte<\/p>\n<p align=\"center\">y cara a la muerte canta<\/p>\n<p align=\"center\">bravo, henchido, pecho en pelo<\/p>\n<p align=\"center\">relieve hacia nuevas albas!<\/p>\n<p align=\"center\">Y tu, Alcoi, suelo que diste<\/p>\n<p align=\"center\">semilla a mi humilde casta,<\/p>\n<p align=\"center\">forja, r\u00eden en al trabajo<\/p>\n<p align=\"center\">y en la pena bombardeada.<\/p>\n<p align=\"center\">Ya tu historia en el fecundo<\/p>\n<p align=\"center\">vientre obrero de una raza<\/p>\n<p align=\"center\">que puede, contra la furia<\/p>\n<p align=\"center\">del destino y la metralla,<\/p>\n<p align=\"center\">levantar su pu\u00f1o fuerte<\/p>\n<p align=\"center\">Por la verg\u00fcenza de Espa\u00f1a<\/p>\n<p align=\"right\"><i>Joan Valls<\/i><\/p>\n<p><i><span style=\"text-decoration: underline\">Tras la Guerra Civil<\/span><\/i><\/p>\n<p>El 1 abril de 1939 accedieron a la ciudad de Alcoy las tropas Italianas \u201cCorpo truppe Voluntarie\u201d y el 6\u00ba Tambor de Regulares de Tetu\u00e1n. Ambos ocuparon en acuartelamiento militar situado en la plaza, apareciendo de nuevo la represi\u00f3n, la violencia y las muertes.<\/p>\n<p>D\u00edas m\u00e1s tarde, el 6 de abril, se constituy\u00f3 un juzgado militar con el fin de conducir la represi\u00f3n. Finalmente el 24 de mayo se iniciaron los juicios en la Casa Consistorial de Alcoy, de estos juicios lo m\u00e1s destacado fue el fusilamiento del exalcalde de Alcoy Evaristo Botella Asensi<\/p>\n<p>El r\u00e9gimen republicano dejo de regir a la ciudad de Alcoy a las cinco de la tarde del 29 de marzo de 1939, dos d\u00edas antes de que finalizara oficialmente la Guerra Civil.<\/p>\n<p>En este momento produjo el traspaso de poderes del Presidente del Consejo Municipal Jorge Quiles Aznar, al Delegado Local de FET (Falange Espa\u00f1ola Tradicionalista) y de las JONS (Juntas de Ofensiva Nacional Sindicalista) Javier Carbonell Munt\u00f3, convirti\u00e9ndose en el primer alcalde de Alcoy durante el franquismo. Tambi\u00e9n fue nombrado Caballero de la Orden de la Corona de Italia, en 1939 debido a la buena acogida que la Ciudad de Alcoy dispens\u00f3 a las Fuerzas legionarias italianas, las cuales entraron en Alcoy a la cabeza del ej\u00e9rcito franquista.<\/p>\n<p>Los tres pilares fundamentales de esta primera etapa franquista ser\u00e1n el ej\u00e9rcito, la Falange y la Iglesia Cat\u00f3lica, ya que ser\u00e1n los encargados de proporcionar apoyo, personal pol\u00edtico\u00a0 legitimidad al r\u00e9gimen. Por esta raz\u00f3n eran frecuentes los actos en los actos de car\u00e1cter pol\u00edtico-religioso, en los cuales los sacerdotes elogiaban al Caudillo mientras los jerarcas franquitas hablaban de la moral y de la defensa de la fe cat\u00f3lica y la Guardia Civil se encargaba de que se cumplieran las obligaciones religiosas<\/p>\n<p>El r\u00e9gimen nacido de la Guerra Civil evolucion\u00f3 aunque lentamente. En sus primeros momentos brillaron con todo su esplendor los rasgos totalitarios y fascistas.<\/p>\n<p>&nbsp;<\/p>\n<p align=\"right\">Mar\u00eda Beas Mart\u00ednez y Mois\u00e9s Pulido Ripoll<\/p>\n<p>Bibliograf\u00eda:<\/p>\n<p>Beneito Lloris, A. <i>Alcoi, objetivo de guerra<\/i>. Ed. Gr\u00e1ficas Alcoy, 2007<\/p>\n<p>Moreno S\u00e1ez, F. Historia <i>de l\u2019Alcoi\u00e0, el Comtat y la Foia de Castalla<\/i>. Alcoy, Ed. Prensa Alicantina S.A., 1996<\/p>\n","protected":false},"excerpt":{"rendered":"<p>Introducci\u00f3n Alcoy\/Alcoi es la capital de la comarca de la Hoya de Alcoy (Alicante). Presenta una topograf\u00eda accidentada lo que causa problemas en las comunicaciones. Las monta\u00f1as que rodean Alcoy son: Sierra de Mariola, Biscoi, L\u2019Ombria, La Serreta, Fuente Roja, Carrasqueta, Els Plans. La localidad es una ciudad mediterr\u00e1nea con un entrono natural incomparable, rodeada [&hellip;]<\/p>\n","protected":false},"author":2860,"featured_media":0,"parent":0,"menu_order":0,"comment_status":"open","ping_status":"open","template":"","meta":{"footnotes":""},"class_list":["post-31","page","type-page","status-publish","hentry"],"_links":{"self":[{"href":"https:\/\/blogs.ua.es\/alcoy\/wp-json\/wp\/v2\/pages\/31","targetHints":{"allow":["GET"]}}],"collection":[{"href":"https:\/\/blogs.ua.es\/alcoy\/wp-json\/wp\/v2\/pages"}],"about":[{"href":"https:\/\/blogs.ua.es\/alcoy\/wp-json\/wp\/v2\/types\/page"}],"author":[{"embeddable":true,"href":"https:\/\/blogs.ua.es\/alcoy\/wp-json\/wp\/v2\/users\/2860"}],"replies":[{"embeddable":true,"href":"https:\/\/blogs.ua.es\/alcoy\/wp-json\/wp\/v2\/comments?post=31"}],"version-history":[{"count":10,"href":"https:\/\/blogs.ua.es\/alcoy\/wp-json\/wp\/v2\/pages\/31\/revisions"}],"predecessor-version":[{"id":134,"href":"https:\/\/blogs.ua.es\/alcoy\/wp-json\/wp\/v2\/pages\/31\/revisions\/134"}],"wp:attachment":[{"href":"https:\/\/blogs.ua.es\/alcoy\/wp-json\/wp\/v2\/media?parent=31"}],"curies":[{"name":"wp","href":"https:\/\/api.w.org\/{rel}","templated":true}]}}