{"id":37,"date":"2014-05-10T17:06:10","date_gmt":"2014-05-10T17:06:10","guid":{"rendered":"https:\/\/blogs.ua.es\/alcoy\/?page_id=37"},"modified":"2014-05-10T17:38:40","modified_gmt":"2014-05-10T17:38:40","slug":"metodologia-2","status":"publish","type":"page","link":"https:\/\/blogs.ua.es\/alcoy\/metodologia-2\/","title":{"rendered":"3- Metodolog\u00eda"},"content":{"rendered":"<p>Para realizar este trabajo hemos utilizado las actas municipales de Alcoy correspondientes al a\u00f1o 1939.<\/p>\n<p>Debemos destacar que las actas se encuentran en dos emplazamientos distintos, hasta el 27 de marzo se encuentran en el Archivo Municipal, y a partir de esa fecha se encuentran en el Ayuntamiento. El hecho de que se encontraran en el ayuntamiento supon\u00eda una dificultad puesto que para poder acceder a ellas tuvimos que cumplimentar algunas instancias donde expon\u00edamos la raz\u00f3n por la cual quer\u00edamos consultarlas.<\/p>\n<p>El trabajo en principio iba a componerse de las actas de los a\u00f1os 1939 y 1940 pero debido al volumen de material tuvimos que reducir el trabajo \u00fanicamente a 1939. A\u00fan as\u00ed la cantidad de informaci\u00f3n era muy grande por lo que finalmente solo hemos realizado el estudio de las actas hasta el 5 de julio, es decir, catorce actas antes del final de la Guerra Civil y catorce despu\u00e9s.<\/p>\n<p>Por lo que respecta al apartado de &#8220;La localidad&#8221; originariamente era &#8220;La historia&#8221;. Esta modificaci\u00f3n se ha hecho para poder introducir en el apartado m\u00e1s informaci\u00f3n relativa a otros aspectos que vas m\u00e1s all\u00e1 de la historia.<\/p>\n","protected":false},"excerpt":{"rendered":"<p>Para realizar este trabajo hemos utilizado las actas municipales de Alcoy correspondientes al a\u00f1o 1939. Debemos destacar que las actas se encuentran en dos emplazamientos distintos, hasta el 27 de marzo se encuentran en el Archivo Municipal, y a partir de esa fecha se encuentran en el Ayuntamiento. El hecho de que se encontraran en [&hellip;]<\/p>\n","protected":false},"author":2898,"featured_media":0,"parent":0,"menu_order":0,"comment_status":"open","ping_status":"open","template":"","meta":{"footnotes":""},"class_list":["post-37","page","type-page","status-publish","hentry"],"_links":{"self":[{"href":"https:\/\/blogs.ua.es\/alcoy\/wp-json\/wp\/v2\/pages\/37","targetHints":{"allow":["GET"]}}],"collection":[{"href":"https:\/\/blogs.ua.es\/alcoy\/wp-json\/wp\/v2\/pages"}],"about":[{"href":"https:\/\/blogs.ua.es\/alcoy\/wp-json\/wp\/v2\/types\/page"}],"author":[{"embeddable":true,"href":"https:\/\/blogs.ua.es\/alcoy\/wp-json\/wp\/v2\/users\/2898"}],"replies":[{"embeddable":true,"href":"https:\/\/blogs.ua.es\/alcoy\/wp-json\/wp\/v2\/comments?post=37"}],"version-history":[{"count":4,"href":"https:\/\/blogs.ua.es\/alcoy\/wp-json\/wp\/v2\/pages\/37\/revisions"}],"predecessor-version":[{"id":47,"href":"https:\/\/blogs.ua.es\/alcoy\/wp-json\/wp\/v2\/pages\/37\/revisions\/47"}],"wp:attachment":[{"href":"https:\/\/blogs.ua.es\/alcoy\/wp-json\/wp\/v2\/media?parent=37"}],"curies":[{"name":"wp","href":"https:\/\/api.w.org\/{rel}","templated":true}]}}