{"id":39,"date":"2014-05-10T17:06:23","date_gmt":"2014-05-10T17:06:23","guid":{"rendered":"https:\/\/blogs.ua.es\/alcoy\/?page_id=39"},"modified":"2014-05-18T18:17:54","modified_gmt":"2014-05-18T18:17:54","slug":"valoracion","status":"publish","type":"page","link":"https:\/\/blogs.ua.es\/alcoy\/valoracion\/","title":{"rendered":"4- Valoraci\u00f3n"},"content":{"rendered":"<p>La realizaci\u00f3n de este trabajo nos ha supuesto descubrir una parte de la historia de la localidad a la que pertenecemos que desconoc\u00edamos.<\/p>\n<p>A trav\u00e9s del an\u00e1lisis de las actas municipales del a\u00f1o 1939 hemos podido ver lo que supuso el fin de la Guerra Civil, los inicios de la posguerra y el inicio del franquismo en nuestra ciudad.<\/p>\n<p>&nbsp;<\/p>\n<p>Primeramente, algo que no se cita directamente en las actas, pero s\u00ed que se hace indirectamente alusi\u00f3n a ello son los bombardeos que sufri\u00f3 la ciudad los d\u00edas 29 de enero y el 9 de febrero en las que muchas casas fueron destruidas, y es por ello que en las actas municipales se deja constancia.<\/p>\n<p>Otro aspecto de la historia de la ciudad que vemos reflejado en las actas es la carest\u00eda que sufr\u00eda la ciudad ya que la Comisi\u00f3n de Abastos no pod\u00eda asumir toda la racionalizaci\u00f3n de los alimentos que se hac\u00eda en la localidad, as\u00ed como el abastecimiento de otras materias como el carb\u00f3n que tanta falta hac\u00eda para el calor de los hogares como para la industria.<\/p>\n<p>Un aspecto que llama mucho la atenci\u00f3n es la gran tendencia de izquierdas que ten\u00eda la ciudad. Destaca al hecho de la colectivizaci\u00f3n de las industrias, algo que se cita en las actas, as\u00ed como la gran presencia pol\u00edtica y social que ten\u00edan los sindicatos UGT y CNT a los que la mayor\u00eda del a poblaci\u00f3n estaba afiliado.<\/p>\n<p>Tambi\u00e9n tenemos que destacar la gran actividad que ten\u00eda el Hospital Municipal Civil de Oliver ya que atendi\u00f3 a los heridos\u00a0 en particular y a la poblaci\u00f3n en general, as\u00ed como destacar tambi\u00e9n la creaci\u00f3n del Hospital Sueco-Noruego financiado con fondos recaudados en Suecia y en Noruega para los heridos en el frente.<\/p>\n<p>Un \u00faltimo aspecto a destacar en el periodo de la Guerra Civil y que se ve reflejado en las actas es la creaci\u00f3n de refugios antia\u00e9reos, que fueron creados para proteger a la ciudadan\u00eda de los aviones fascistas. Debemos destacar el Refugio de Cervantes ya que aun que no es uno de los m\u00e1s grandes, estaba conectado con la escuela y adem\u00e1s es el \u00fanico de la ciudad que es visitable y se ha convertido en museo.<\/p>\n<p>La instauraci\u00f3n del r\u00e9gimen franquita supuso, para la Ciudad de Alcoy, un cambio en diferentes \u00e1mbitos como la creaci\u00f3n de la Comisi\u00f3n Gestora Municipal. Tambi\u00e9n un cambio en la mentalidad de la poblaci\u00f3n ya que los \u201crojos\u201d ser\u00e1n perseguidos por la Guardia Civil.<\/p>\n<p>Adem\u00e1s de una reestructuraci\u00f3n total tanto de los funcionarios, como de los altos cargos en el Ayuntamiento. Empezando esta tarea con el nombramiento de Javier Carbonell Munt\u00f3 como nuevo alcalde de la ciudad de Alcoy. Relacionado con los nombramientos destaca, un aspecto que me ha llamado mucho la atenci\u00f3n; que es la realizaron diversos despidos, y que para recuperar los cargos deb\u00edan presentar como aval un informe de dos Camisas Viejas (personas afiliadas a la Falange) con el fin de demostrar que son fieles al r\u00e9gimen franquista<\/p>\n<p>&nbsp;<\/p>\n<p>Como conclusi\u00f3n, a\u00f1adir que las actas municipales son una fuente fundamental para poder entender el contexto de la \u00e9poca y es un documento en el que, de primera mano, vemos los efectos de la guerra y el cambio de r\u00e9gimen que se estaba viviendo no solo en la ciudad de Alcoy sino en el conjunto de la provincia de Alicante y Espa\u00f1a.<\/p>\n<p style=\"text-align: right\">Mar\u00eda Beas Mart\u00ednez<\/p>\n<p style=\"text-align: right\">Mois\u00e9s Pulido Ripoll<\/p>\n","protected":false},"excerpt":{"rendered":"<p>La realizaci\u00f3n de este trabajo nos ha supuesto descubrir una parte de la historia de la localidad a la que pertenecemos que desconoc\u00edamos. A trav\u00e9s del an\u00e1lisis de las actas municipales del a\u00f1o 1939 hemos podido ver lo que supuso el fin de la Guerra Civil, los inicios de la posguerra y el inicio del [&hellip;]<\/p>\n","protected":false},"author":2898,"featured_media":0,"parent":0,"menu_order":0,"comment_status":"open","ping_status":"open","template":"","meta":{"footnotes":""},"class_list":["post-39","page","type-page","status-publish","hentry"],"_links":{"self":[{"href":"https:\/\/blogs.ua.es\/alcoy\/wp-json\/wp\/v2\/pages\/39","targetHints":{"allow":["GET"]}}],"collection":[{"href":"https:\/\/blogs.ua.es\/alcoy\/wp-json\/wp\/v2\/pages"}],"about":[{"href":"https:\/\/blogs.ua.es\/alcoy\/wp-json\/wp\/v2\/types\/page"}],"author":[{"embeddable":true,"href":"https:\/\/blogs.ua.es\/alcoy\/wp-json\/wp\/v2\/users\/2898"}],"replies":[{"embeddable":true,"href":"https:\/\/blogs.ua.es\/alcoy\/wp-json\/wp\/v2\/comments?post=39"}],"version-history":[{"count":4,"href":"https:\/\/blogs.ua.es\/alcoy\/wp-json\/wp\/v2\/pages\/39\/revisions"}],"predecessor-version":[{"id":139,"href":"https:\/\/blogs.ua.es\/alcoy\/wp-json\/wp\/v2\/pages\/39\/revisions\/139"}],"wp:attachment":[{"href":"https:\/\/blogs.ua.es\/alcoy\/wp-json\/wp\/v2\/media?parent=39"}],"curies":[{"name":"wp","href":"https:\/\/api.w.org\/{rel}","templated":true}]}}