{"id":4,"date":"2013-11-15T15:17:30","date_gmt":"2013-11-15T15:17:30","guid":{"rendered":"https:\/\/blogs.ua.es\/alcoy5\/?page_id=4"},"modified":"2014-01-14T11:03:34","modified_gmt":"2014-01-14T10:03:34","slug":"presentacion","status":"publish","type":"page","link":"https:\/\/blogs.ua.es\/alcoy5\/presentacion\/","title":{"rendered":"Presentaci\u00f3n"},"content":{"rendered":"<p>Somos Paula Seserino, Joaqu\u00edn P\u00e9rez y David Ferrando. Este es nuestro blog de Fuentes y Documentos para la Historia, realizado a cargo de la Universidad de Alicante.<\/p>\n<p>Tratar\u00e1 sobre la explicaci\u00f3n de escrituras halladas en el cementerio de Alcoy y de grafitis textuales expuestos en las calles de esta misma ciudad.<\/p>\n<p>Deseamos que os guste.<\/p>\n","protected":false},"excerpt":{"rendered":"<p>Somos Paula Seserino, Joaqu\u00edn P\u00e9rez y David Ferrando. Este es nuestro blog de Fuentes y Documentos para la Historia, realizado a cargo de la Universidad de Alicante. Tratar\u00e1 sobre la explicaci\u00f3n de escrituras halladas en el cementerio de Alcoy y &hellip; <a href=\"https:\/\/blogs.ua.es\/alcoy5\/presentacion\/\">Continue reading <span class=\"meta-nav\">&rarr;<\/span><\/a><\/p>\n","protected":false},"author":3347,"featured_media":0,"parent":0,"menu_order":0,"comment_status":"open","ping_status":"open","template":"","meta":{"footnotes":""},"class_list":["post-4","page","type-page","status-publish","hentry"],"_links":{"self":[{"href":"https:\/\/blogs.ua.es\/alcoy5\/wp-json\/wp\/v2\/pages\/4","targetHints":{"allow":["GET"]}}],"collection":[{"href":"https:\/\/blogs.ua.es\/alcoy5\/wp-json\/wp\/v2\/pages"}],"about":[{"href":"https:\/\/blogs.ua.es\/alcoy5\/wp-json\/wp\/v2\/types\/page"}],"author":[{"embeddable":true,"href":"https:\/\/blogs.ua.es\/alcoy5\/wp-json\/wp\/v2\/users\/3347"}],"replies":[{"embeddable":true,"href":"https:\/\/blogs.ua.es\/alcoy5\/wp-json\/wp\/v2\/comments?post=4"}],"version-history":[{"count":3,"href":"https:\/\/blogs.ua.es\/alcoy5\/wp-json\/wp\/v2\/pages\/4\/revisions"}],"predecessor-version":[{"id":420,"href":"https:\/\/blogs.ua.es\/alcoy5\/wp-json\/wp\/v2\/pages\/4\/revisions\/420"}],"wp:attachment":[{"href":"https:\/\/blogs.ua.es\/alcoy5\/wp-json\/wp\/v2\/media?parent=4"}],"curies":[{"name":"wp","href":"https:\/\/api.w.org\/{rel}","templated":true}]}}