{"id":110,"date":"2009-12-19T19:37:11","date_gmt":"2009-12-19T17:37:11","guid":{"rendered":"https:\/\/blogs.ua.es\/alejandrofarnese\/?page_id=110"},"modified":"2009-12-19T19:37:11","modified_gmt":"2009-12-19T17:37:11","slug":"un-segundo-acontecimiento-militar","status":"publish","type":"page","link":"https:\/\/blogs.ua.es\/alejandrofarnese\/un-segundo-acontecimiento-militar\/","title":{"rendered":"Un segundo acontecimiento militar"},"content":{"rendered":"<p><!-- \t\t@page { margin: 2cm } \t\tP { margin-bottom: 0.21cm } --><\/p>\n<p style=\"margin-bottom: 0cm\">Desde su participaci\u00f3n en la batalla de Lepanto, Farnesio tubo que esperar un tiempo hasta volver a formar parte de conocimientos militares.<\/p>\n<p style=\"margin-bottom: 0cm\">\n<p style=\"margin-bottom: 0cm\">En un marco de rebeli\u00f3n de los Pa\u00edses Bajos, que llevar\u00e1 a la Guerra de los Ochenta a\u00f1os, en una de las batallas que conforman esta guerra: la Batalla de Gembloux; Alejandro Farnesio ser\u00e1 enviado para ayudar a Don Juan de Austria en esta batalla, donde participara como comandante del ejercito al frente de los tercios.<\/p>\n<p style=\"margin-bottom: 0cm\">\n<p style=\"margin-bottom: 0cm\">Esta Batalla tuvo lugar el 31 de enero de 1578 se dar\u00e1 entre el ejercito de los Pa\u00edses Bajos que se revelaba contra la monarqu\u00eda espa\u00f1ola de Felipe II y las tropas de la corona espa\u00f1ola.<\/p>\n<p style=\"margin-bottom: 0cm\">\n<p style=\"margin-bottom: 0cm\">Tras el fracaso del tratado del Edicto Perpetuo por el que se establec\u00eda un pacto de paz entre la corona espa\u00f1ola y estos grupos rebeldes de los Pa\u00edses Bajos, que firm\u00f3 Don Juan de Austria, en tal situaci\u00f3n el ej\u00e9rcito de los Estados (el de los Pa\u00edses Bajos), se levantaron contra las tropas espa\u00f1olas que Don Juan hab\u00eda llamado volver bajo las ordenes de Alejandro Farnesio que se encontraban en Namur, por lo que Don Juan de Austria llamo a las tropas espa\u00f1olas a salir en su persecuci\u00f3n por lo que se dirigieron a Gembloux.<\/p>\n<p style=\"margin-bottom: 0cm\">\n<p style=\"margin-bottom: 0cm\">As\u00ed pues el 31 de enero de 1578 las tropas de Don Juan divisan la retaguardia de las tropas rebeldes, primero se envi\u00f3 a la caballer\u00eda para pedirles la rendici\u00f3n, pero con la orden de no atacar hasta que no estuviese la tropa unida, as\u00ed pues se disputo un peque\u00f1o combate, gracias al que Alejandro Farnesio pudo  advertir la debilidad del ejercito rebelde, as\u00ed pues Alejandro Farnesio viendo esta debilidad del enemigo envi\u00f3 a la caballer\u00eda contra la caballer\u00eda de los rebeldes, desmontando y separando las tropas rebeldes, gracias a lo que en hora y media el ejercito rebelde de los Pa\u00edses Bajos fue derrotado.<\/p>\n<p style=\"margin-bottom: 0cm\">\n<p style=\"margin-bottom: 0cm;text-align: center\">\n<figure id=\"attachment_111\" aria-describedby=\"caption-attachment-111\" style=\"width: 562px\" class=\"wp-caption aligncenter\"><a href=\"http:\/\/upload.wikimedia.org\/wikipedia\/commons\/8\/8c\/Batalla_de_Gembloux_1578.jpg\"><img loading=\"lazy\" decoding=\"async\" class=\"size-full wp-image-111\" title=\"Batalla_de_Gembloux_1578\" src=\"https:\/\/blogs.ua.es\/alejandrofarnese\/files\/2009\/12\/Batalla_de_Gembloux_1578.jpg\" alt=\"Batalla de Gembloux\" width=\"562\" height=\"356\" srcset=\"https:\/\/blogs.ua.es\/alejandrofarnese\/files\/2009\/12\/Batalla_de_Gembloux_1578.jpg 562w, https:\/\/blogs.ua.es\/alejandrofarnese\/files\/2009\/12\/Batalla_de_Gembloux_1578-299x190.jpg 299w\" sizes=\"auto, (max-width: 562px) 100vw, 562px\" \/><\/a><figcaption id=\"caption-attachment-111\" class=\"wp-caption-text\">Batalla de Gembloux<\/figcaption><\/figure>\n<p style=\"margin-bottom: 0cm\">\n<p style=\"margin-bottom: 0cm\">As\u00ed pues tras esta batalla Don Juan tomo bajo su dominio Namur, pero esta no fue la recompensa m\u00e1s grande, sino que el debilitar la confianza y esperanza de los rebeldes de los  Pa\u00edses Bajos, provoc\u00f3 la desuni\u00f3n entre los propios rebeldes, de manera que ,muchas de ellas aceptaron de nuevo estar bajo en dominio de la corona espa\u00f1ola.<\/p>\n<p style=\"margin-bottom: 0cm\">\n<p style=\"margin-bottom: 0cm\">\n<p style=\"margin-bottom: 0cm\">\n<p style=\"margin-bottom: 0cm\">\n","protected":false},"excerpt":{"rendered":"<p>Desde su participaci\u00f3n en la batalla de Lepanto, Farnesio tubo que esperar un tiempo hasta volver a formar parte de conocimientos militares. En un marco de rebeli\u00f3n de los Pa\u00edses Bajos, que llevar\u00e1 a la Guerra de los Ochenta a\u00f1os, en una de las batallas que conforman esta guerra: la Batalla de Gembloux; Alejandro Farnesio [&hellip;]<\/p>\n","protected":false},"author":1408,"featured_media":0,"parent":0,"menu_order":0,"comment_status":"open","ping_status":"open","template":"","meta":{"footnotes":""},"class_list":["post-110","page","type-page","status-publish","hentry"],"_links":{"self":[{"href":"https:\/\/blogs.ua.es\/alejandrofarnese\/wp-json\/wp\/v2\/pages\/110","targetHints":{"allow":["GET"]}}],"collection":[{"href":"https:\/\/blogs.ua.es\/alejandrofarnese\/wp-json\/wp\/v2\/pages"}],"about":[{"href":"https:\/\/blogs.ua.es\/alejandrofarnese\/wp-json\/wp\/v2\/types\/page"}],"author":[{"embeddable":true,"href":"https:\/\/blogs.ua.es\/alejandrofarnese\/wp-json\/wp\/v2\/users\/1408"}],"replies":[{"embeddable":true,"href":"https:\/\/blogs.ua.es\/alejandrofarnese\/wp-json\/wp\/v2\/comments?post=110"}],"version-history":[{"count":1,"href":"https:\/\/blogs.ua.es\/alejandrofarnese\/wp-json\/wp\/v2\/pages\/110\/revisions"}],"predecessor-version":[{"id":112,"href":"https:\/\/blogs.ua.es\/alejandrofarnese\/wp-json\/wp\/v2\/pages\/110\/revisions\/112"}],"wp:attachment":[{"href":"https:\/\/blogs.ua.es\/alejandrofarnese\/wp-json\/wp\/v2\/media?parent=110"}],"curies":[{"name":"wp","href":"https:\/\/api.w.org\/{rel}","templated":true}]}}