{"id":127,"date":"2009-12-21T12:41:03","date_gmt":"2009-12-21T10:41:03","guid":{"rendered":"https:\/\/blogs.ua.es\/alejandrofarnese\/?page_id=127"},"modified":"2009-12-21T12:41:03","modified_gmt":"2009-12-21T10:41:03","slug":"union-de-arras","status":"publish","type":"page","link":"https:\/\/blogs.ua.es\/alejandrofarnese\/union-de-arras\/","title":{"rendered":"UNI\u00d3N DE ARR\u00c1S"},"content":{"rendered":"<p><!-- \t\t@page { margin: 2cm } \t\tP { margin-bottom: 0.21cm } --><\/p>\n<p style=\"margin-bottom: 0cm\">En 1578 Alejandro Farnesio es nombrado gobernador de los Pa\u00edses Bajos, y empezar\u00e1 una gran carrera caracterizada por sus dotes diplom\u00e1ticas, que ya le hab\u00edan llevado hasta el cargo que desempe\u00f1aba como Gobernador de los Pa\u00edses Bajos y que de nuevo jugaran un papel fundamental.<\/p>\n<p style=\"margin-bottom: 0cm\">\n<p style=\"margin-bottom: 0cm\">As\u00ed pues, el 5 de enero de 1579 Alejandro Farnesio lleva a cabo la firma de un acuerdo en la ciudad de Arr\u00e1s por el cual algunas provincias del sur de los Pa\u00edses Bajos reconoc\u00edan la soberan\u00eda de Felipe II, que se conoce como la Uni\u00f3n de Arr\u00e1s.<\/p>\n<p style=\"margin-bottom: 0cm\">\n<p style=\"margin-bottom: 0cm\">\n<p style=\"margin-bottom: 0cm\">Esta uni\u00f3n establece los puntos siguientes:<\/p>\n<p style=\"margin-bottom: 0cm\">\n<p style=\"margin-bottom: 0cm\">1)Expulsi\u00f3n de las tropas extranjeras<\/p>\n<p style=\"margin-bottom: 0cm\">2)Organizaci\u00f3n del Consejo de Estado en el mismo modo en que lo estuvo durante el reinado de Carlos V<\/p>\n<p style=\"margin-bottom: 0cm\">3)Dos tercios de los miembros del Consejo de Estado deb\u00edan ser aceptados por todos los miembros.<\/p>\n<p style=\"margin-bottom: 0cm\">4)Todos los privilegios vigentes antes de la rebeli\u00f3n se deb\u00edan volver a instaurar.<\/p>\n<p style=\"margin-bottom: 0cm\">5)El catolicismo era la \u00fanica religi\u00f3n. El calvinismo deb\u00eda ser perseguido.<\/p>\n<p style=\"margin-bottom: 0cm\">\n<p style=\"margin-bottom: 0cm\">Las partes que firmaron fueron el condado de Henao, Artrois, Lille, Douai y Orchies, y las provincias de Namur, Luxemburgo y el Ducado de Limburgo pese a ser favorables a la uni\u00f3n de Arr\u00e1s, no firmaron el acuerdo.<\/p>\n<p style=\"margin-bottom: 0cm\">\n<p style=\"margin-bottom: 0cm;text-align: center\">\n<figure id=\"attachment_129\" aria-describedby=\"caption-attachment-129\" style=\"width: 366px\" class=\"wp-caption aligncenter\"><a href=\"https:\/\/blogs.ua.es\/alejandrofarnese\/files\/2009\/12\/arras_illuminations_1.jpg\"><img loading=\"lazy\" decoding=\"async\" class=\"size-full wp-image-129 \" title=\"arras_illuminations_1\" src=\"https:\/\/blogs.ua.es\/alejandrofarnese\/files\/2009\/12\/arras_illuminations_1.jpg\" alt=\"Arras\" width=\"366\" height=\"276\" srcset=\"https:\/\/blogs.ua.es\/alejandrofarnese\/files\/2009\/12\/arras_illuminations_1.jpg 610w, https:\/\/blogs.ua.es\/alejandrofarnese\/files\/2009\/12\/arras_illuminations_1-300x226.jpg 300w\" sizes=\"auto, (max-width: 366px) 100vw, 366px\" \/><\/a><figcaption id=\"caption-attachment-129\" class=\"wp-caption-text\">Arras<\/figcaption><\/figure>\n<p style=\"margin-bottom: 0cm;text-align: center\">\n<p style=\"margin-bottom: 0cm\">La respuesta de las provincias que se manten\u00edan rebeldes fue la Uni\u00f3n de Utrecht firmada unos d\u00edas m\u00e1s tarde.<\/p>\n<p style=\"margin-bottom: 0cm\">\n<ul>\n<li>\n<ul>\n<p style=\"margin-bottom: 0cm\">\n<\/ul>\n<\/li>\n<p><!-- \t\t@page { margin: 2cm } \t\tP { margin-bottom: 0.21cm } \t\tA:link { so-language: zxx } --><\/p>\n<p style=\"margin-bottom: 0cm\">En 1578 Alejandro Farnesio es nombrado gobernador de los Pa\u00edses Bajos, y empezar\u00e1 una gran carrera caracterizada por sus dotes diplom\u00e1ticas, que ya le hab\u00edan llevado hasta el cargo que desempe\u00f1aba como Gobernador de los Pa\u00edses Bajos y que de nuevo jugaran un papel fundamental.<\/p>\n<p style=\"margin-bottom: 0cm\">\n<p style=\"margin-bottom: 0cm\">As\u00ed pues, el 5 de enero de 1579 Alejandro Farnesio lleva a cabo la firma de un acuerdo en la ciudad de Arr\u00e1s por el cual algunas provincias del sur de los Pa\u00edses Bajos reconoc\u00edan la soberan\u00eda de Felipe II, que se conoce como la Uni\u00f3n de Arr\u00e1s.<\/p>\n<p style=\"margin-bottom: 0cm\">\n<p style=\"margin-bottom: 0cm\">\n<p style=\"margin-bottom: 0cm\">Esta uni\u00f3n establece los puntos siguientes:<\/p>\n<p style=\"margin-bottom: 0cm\">\n<p style=\"margin-bottom: 0cm\">1)Expulsi\u00f3n de las tropas extranjeras<\/p>\n<p style=\"margin-bottom: 0cm\">2)Organizaci\u00f3n del Consejo de Estado en el mismo modo en que lo estuvo durante el reinado de Carlos V<\/p>\n<p style=\"margin-bottom: 0cm\">3)Dos tercios de los miembros del Consejo de Estado deb\u00edan ser aceptados por todos los miembros.<\/p>\n<p style=\"margin-bottom: 0cm\">4)Todos los privilegios vigentes antes de la rebeli\u00f3n se deb\u00edan volver a instaurar.<\/p>\n<p style=\"margin-bottom: 0cm\">5)El catolicismo era la \u00fanica religi\u00f3n. El calvinismo deb\u00eda ser perseguido.<\/p>\n<p style=\"margin-bottom: 0cm\">\n<p style=\"margin-bottom: 0cm\">Las partes que firmaron fueron el condado de Henao, Artrois, Lille, Douai y Orchies, y las provincias de Namur, Luxemburgo y el Ducado de Limburgo pese a ser favorables a la uni\u00f3n de Arr\u00e1s, no firmaron el acuerdo.<\/p>\n<p style=\"margin-bottom: 0cm\">La respuesta de las provincias que se manten\u00edan rebeldes fue la Uni\u00f3n de Utrecht firmada unos d\u00edas m\u00e1s tarde.<\/p>\n<p style=\"margin-bottom: 0cm\">\n<\/ul>\n","protected":false},"excerpt":{"rendered":"<p>En 1578 Alejandro Farnesio es nombrado gobernador de los Pa\u00edses Bajos, y empezar\u00e1 una gran carrera caracterizada por sus dotes diplom\u00e1ticas, que ya le hab\u00edan llevado hasta el cargo que desempe\u00f1aba como Gobernador de los Pa\u00edses Bajos y que de nuevo jugaran un papel fundamental. As\u00ed pues, el 5 de enero de 1579 Alejandro Farnesio [&hellip;]<\/p>\n","protected":false},"author":1408,"featured_media":0,"parent":0,"menu_order":0,"comment_status":"open","ping_status":"open","template":"","meta":{"footnotes":""},"class_list":["post-127","page","type-page","status-publish","hentry"],"_links":{"self":[{"href":"https:\/\/blogs.ua.es\/alejandrofarnese\/wp-json\/wp\/v2\/pages\/127","targetHints":{"allow":["GET"]}}],"collection":[{"href":"https:\/\/blogs.ua.es\/alejandrofarnese\/wp-json\/wp\/v2\/pages"}],"about":[{"href":"https:\/\/blogs.ua.es\/alejandrofarnese\/wp-json\/wp\/v2\/types\/page"}],"author":[{"embeddable":true,"href":"https:\/\/blogs.ua.es\/alejandrofarnese\/wp-json\/wp\/v2\/users\/1408"}],"replies":[{"embeddable":true,"href":"https:\/\/blogs.ua.es\/alejandrofarnese\/wp-json\/wp\/v2\/comments?post=127"}],"version-history":[{"count":2,"href":"https:\/\/blogs.ua.es\/alejandrofarnese\/wp-json\/wp\/v2\/pages\/127\/revisions"}],"predecessor-version":[{"id":131,"href":"https:\/\/blogs.ua.es\/alejandrofarnese\/wp-json\/wp\/v2\/pages\/127\/revisions\/131"}],"wp:attachment":[{"href":"https:\/\/blogs.ua.es\/alejandrofarnese\/wp-json\/wp\/v2\/media?parent=127"}],"curies":[{"name":"wp","href":"https:\/\/api.w.org\/{rel}","templated":true}]}}