{"id":155,"date":"2009-12-21T15:09:51","date_gmt":"2009-12-21T13:09:51","guid":{"rendered":"https:\/\/blogs.ua.es\/alejandrofarnese\/?page_id=155"},"modified":"2009-12-21T15:09:51","modified_gmt":"2009-12-21T13:09:51","slug":"las-acusaciones-a-alejandro-farnesio","status":"publish","type":"page","link":"https:\/\/blogs.ua.es\/alejandrofarnese\/las-acusaciones-a-alejandro-farnesio\/","title":{"rendered":"Las acusaciones a Alejandro Farnesio"},"content":{"rendered":"<p><!-- \t\t@page { margin: 2cm } \t\tP { margin-bottom: 0.21cm } --><\/p>\n<p style=\"margin-bottom: 0cm\" align=\"CENTER\">\n<p style=\"margin-bottom: 0cm\" align=\"CENTER\">\n<figure id=\"attachment_156\" aria-describedby=\"caption-attachment-156\" style=\"width: 200px\" class=\"wp-caption aligncenter\"><a href=\"https:\/\/blogs.ua.es\/alejandrofarnese\/files\/2009\/12\/200px-AntonioHerreraCuellar.jpg\"><img loading=\"lazy\" decoding=\"async\" class=\"size-full wp-image-156\" title=\"200px-AntonioHerreraCuellar\" src=\"https:\/\/blogs.ua.es\/alejandrofarnese\/files\/2009\/12\/200px-AntonioHerreraCuellar.jpg\" alt=\"http:\/\/upload.wikimedia.org\/wikipedia\/commons\/thumb\/2\/22\/AntonioHerreraCuellar.jpg\/200px-AntonioHerreraCuellar.jpg\" width=\"200\" height=\"206\" \/><\/a><figcaption id=\"caption-attachment-156\" class=\"wp-caption-text\">http:\/\/upload.wikimedia.org\/wikipedia\/commons\/thumb\/2\/22\/AntonioHerreraCuellar.jpg\/200px-AntonioHerreraCuellar.jpg<\/figcaption><\/figure>\n<p style=\"margin-bottom: 0cm\" align=\"CENTER\">\n<p style=\"margin-bottom: 0cm\">El cronista Antonio Herrera con acceso a los documentos privados de Alejandro Farnesio, vio en la escritura de la obra de la vida de Alejandro Farnesio una oportunidad \u00fanica para enriquecerse y hacer negocio.<\/p>\n<p style=\"margin-bottom: 0cm\">\n<p style=\"margin-bottom: 0cm\">Dado que Farnesio hab\u00eda muerto, los historiadores se embarcan en la tarea de escribir su gloriosa historia como capit\u00e1n militar, no obstante, Antonio herrera se apunta a esta tarea, con la diferencia, de que como cronista de la corte espa\u00f1ola disfruta del acceso a numerosos archivos, as\u00ed pues, Herrera escribe la historia de Alejandro Farnesio.<\/p>\n<p style=\"margin-bottom: 0cm\">\n<p style=\"margin-bottom: 0cm\">No obstante en el volumen tres, se advierte a Ranucio I que el tercer volumen de la obra trata comentarios y aspectos espinosos y poco favorables para la reputaci\u00f3n de Alejandro Farnesio, tales comentarios de una eminencia en historia no interesaban a Ranucio que intent\u00f3 acabar con las pretensiones de Herrera, pero este solo aceptaba corroborar la honra y gloria de Alejandro Farnesio, si se le donaba por parte de Ranucio algun donativo econ\u00f3mico.<\/p>\n<p style=\"margin-bottom: 0cm\">\n<p style=\"margin-bottom: 0cm\">No obstante, Ranucio a quien le costaba deshacerse del dinero, y aunque asegur\u00f3\u00a0 su donativo, hizo esperar a Herrera, que solo aceptaba no imprimir su tercera obra mediante un pacto econ\u00f3mico, pese a la insistencia de los consejeros de Ranucio por el pago inmediato a Antonio Herrera, enemigos de Alejandro Farnesio, llegar\u00edan a pagar antes que \u00e9l ciertas cantidades iniciales, que aumentar\u00edan una vez publicada la obra.<\/p>\n<p style=\"margin-bottom: 0cm\">\n<p style=\"margin-bottom: 0cm\">Desde este momento a la publicaci\u00f3n de la obra en 1612, se dar\u00e1 un periodo de quietud, derivado del encarcelamiento de Herrera por una supuesta uni\u00f3n a otros individuos que no se pudo probar.<\/p>\n<p style=\"margin-bottom: 0cm\">\n<p style=\"margin-bottom: 0cm\">As\u00ed pues, Herrera mostrara en su obra puntos fr\u00e1giles de la historia de Alejandro Farnesio siendo sus criticas muy peligrosas:pues relacionaban a Alejandro Farnesio con Francisco Verdugo, o sus escritos entorno a Farnesio y la invencible, en donde surge un conflicto que dar\u00e1 lugar a un sinf\u00edn de controversias: el rey re\u00fane una importante flota naval par luchar contra los ingleses, con pretensi\u00f3n de que salieran desde Espa\u00f1a, pero Farnesio aconsejara al rey que no se haga publicidad de la flota para sorprender a los ingleses, pero los consejeros del rey que consideraban a Franesio poco cre\u00edble y peligroso, le desaconsejan tal acci\u00f3n, as\u00ed pues los ingleses estar\u00e1n informados de tal acci\u00f3n naval, y por tanto el d\u00eda 7 de agosto de 1588, se dar\u00e1 una situaci\u00f3n de derrota, en la que Farnesio, afirmara la imposibilidad de actuar, y sera criticado por sus tropas, teniendo que censurar la libertad de expresi\u00f3n de \u00e9stas.<\/p>\n<p style=\"margin-bottom: 0cm\">\n<p style=\"margin-bottom: 0cm\">Pero finalmente la recompensa econ\u00f3mica de Ranucio que compraba el silencio de Herrera har\u00e1 que muchos puntos de su obra m\u00e1s peligrosos para la honra de Alejandro Farnesio desaparezcan, y si Ranucio no quiso hacer desaparecer su obra, fue porque en esta se veneraban las acciones y estrategias de Ranucio y por tanto vio satisfecha su vanidad.<\/p>\n<p style=\"margin-bottom: 0cm\">\n<p style=\"margin-bottom: 0cm\">Pero tales hechos nos llevaran a pensar y preguntarnos un sinf\u00edn de cuestiones: \u00bfQue pas\u00f3 en esta ultima etapa?; \u00bfporque era temido Farnesio por los consejeros del rey?;\u00bfHacia donde se dirigen tales criticas y calumnias de la figura de Farnesio? Y por otra parte: \u00bfQue relaci\u00f3n guardaba Farnesio con Ranucio?.<\/p>\n<p style=\"margin-bottom: 0cm\">\n<p style=\"margin-bottom: 0cm\">Cuestiones de gran importancia para llegar a entender la figura del Gran capit\u00e1n rodeado de mucha gloria, pero tambi\u00e9n de duras criticas, acusaciones y desconfianzas.<\/p>\n<p style=\"margin-bottom: 0cm\">\n<p style=\"margin-bottom: 0cm\">Para m\u00e1s informaci\u00f3n, encontramos el libro que resulta referencia bibliogr\u00e1fica de este escrito:\u201c El cronista Antonio de Herrera y la historia de Alejandro Farnesio por C. P\u00e9rez Bustamante; Madrid,1933\u201d.<\/p>\n<p style=\"margin-bottom: 0cm\">\n","protected":false},"excerpt":{"rendered":"<p>El cronista Antonio Herrera con acceso a los documentos privados de Alejandro Farnesio, vio en la escritura de la obra de la vida de Alejandro Farnesio una oportunidad \u00fanica para enriquecerse y hacer negocio. Dado que Farnesio hab\u00eda muerto, los historiadores se embarcan en la tarea de escribir su gloriosa historia como capit\u00e1n militar, no [&hellip;]<\/p>\n","protected":false},"author":1408,"featured_media":0,"parent":0,"menu_order":0,"comment_status":"open","ping_status":"open","template":"","meta":{"footnotes":""},"class_list":["post-155","page","type-page","status-publish","hentry"],"_links":{"self":[{"href":"https:\/\/blogs.ua.es\/alejandrofarnese\/wp-json\/wp\/v2\/pages\/155","targetHints":{"allow":["GET"]}}],"collection":[{"href":"https:\/\/blogs.ua.es\/alejandrofarnese\/wp-json\/wp\/v2\/pages"}],"about":[{"href":"https:\/\/blogs.ua.es\/alejandrofarnese\/wp-json\/wp\/v2\/types\/page"}],"author":[{"embeddable":true,"href":"https:\/\/blogs.ua.es\/alejandrofarnese\/wp-json\/wp\/v2\/users\/1408"}],"replies":[{"embeddable":true,"href":"https:\/\/blogs.ua.es\/alejandrofarnese\/wp-json\/wp\/v2\/comments?post=155"}],"version-history":[{"count":2,"href":"https:\/\/blogs.ua.es\/alejandrofarnese\/wp-json\/wp\/v2\/pages\/155\/revisions"}],"predecessor-version":[{"id":178,"href":"https:\/\/blogs.ua.es\/alejandrofarnese\/wp-json\/wp\/v2\/pages\/155\/revisions\/178"}],"wp:attachment":[{"href":"https:\/\/blogs.ua.es\/alejandrofarnese\/wp-json\/wp\/v2\/media?parent=155"}],"curies":[{"name":"wp","href":"https:\/\/api.w.org\/{rel}","templated":true}]}}