{"id":158,"date":"2009-12-21T15:12:45","date_gmt":"2009-12-21T13:12:45","guid":{"rendered":"https:\/\/blogs.ua.es\/alejandrofarnese\/?page_id=158"},"modified":"2009-12-21T15:12:45","modified_gmt":"2009-12-21T13:12:45","slug":"los-ultimos-anos-de-vida-de-alejandro-farnesio","status":"publish","type":"page","link":"https:\/\/blogs.ua.es\/alejandrofarnese\/los-ultimos-anos-de-vida-de-alejandro-farnesio\/","title":{"rendered":"Los \u00faltimos a\u00f1os de vida de Alejandro Farnesio"},"content":{"rendered":"<p><!-- \t\t@page { margin: 2cm } \t\tP { margin-bottom: 0.21cm } --><\/p>\n<p style=\"margin-bottom: 0cm\">\n<p align=\"CENTER\">Pese a una vida dedicada a la carrera militar en favor de la Corona Espa\u00f1ola al mando del rey Felipe II, el final de la vida de Alejandro Farnesio estuvo unido a un gran numero de hostilidades por parte del rey.<\/p>\n<p align=\"CENTER\">\n<figure id=\"attachment_159\" aria-describedby=\"caption-attachment-159\" style=\"width: 180px\" class=\"wp-caption aligncenter\"><a href=\"https:\/\/blogs.ua.es\/alejandrofarnese\/files\/2009\/12\/ale-farne.jpg\"><img loading=\"lazy\" decoding=\"async\" class=\"size-full wp-image-159\" title=\"ale farne\" src=\"https:\/\/blogs.ua.es\/alejandrofarnese\/files\/2009\/12\/ale-farne.jpg\" alt=\"http:\/\/enciclopedia.us.es\/images\/thumb\/b\/b8\/Alejandro_Farnesio.jpg\/180px-Alejandro_Farnesio.jpg\" width=\"180\" height=\"237\" \/><\/a><figcaption id=\"caption-attachment-159\" class=\"wp-caption-text\">http:\/\/enciclopedia.us.es\/images\/thumb\/b\/b8\/Alejandro_Farnesio.jpg\/180px-Alejandro_Farnesio.jpg<\/figcaption><\/figure>\n<p style=\"text-align: center\">\n<p><!-- \t\t@page { margin: 2cm } \t\tP { margin-bottom: 0.21cm } -->Tal y como se afirma en el libro: \u201c El cronista Antonio de Herrera y la historia de Alejandro Farnesio por C. P\u00e9rez Bustamante; Madrid,1933\u201d, los \u00faltimos a\u00f1os de el Gran Capit\u00e1n Alejandro Farnesio est\u00e1n marcados por los problemas, as\u00ed pues Felipe II dudando de la Fidelidad de Farnesio, reclama los archivos y documentaci\u00f3n.<\/p>\n<p>Alejandro enfermo por una herida en el brazo, orden\u00f3 numerosos pagos para la campa\u00f1a de Francia, que eran codificados por su secretario Cosimo Masi, Felipe II dudaba de su lealtad y aprovechando tal situaci\u00f3n sus enemigos expandieron calumnias, Alejandro Farnesio se apresuro a pedir al pagador tales documentos pero muri\u00f3 sin lograr reunirlos.<\/p>\n<p>El secretario de Farnesio envi\u00f3 todos los documentos a Parma, pero tan pronto muri\u00f3 Alejandro Farnesio el rey reclam\u00f3 tales archivos y el leal secretario pidi\u00f3 a Ranucio I, hijo de Farnesio y sucesor de los pa\u00edses bajos, que reservara aquellos archivos descifrados y no los enviara al rey.<\/p>\n<p>As\u00ed pues, se quedo en Parma la correspondencia m\u00e1s confidencial de Farnesio,pues Ranucio quer\u00eda guardar la honra de su padre, no solamente por ser su padre sino por el da\u00f1o que estas calumnias traer\u00edan a su futuro y ambici\u00f3n como gobernador de los Pa\u00edses Bajos.<\/p>\n<p>As\u00ed pues podemos observar que una vez muerto Alejandro Farnesio, se dar\u00e1 inicio a un nuevo relato sobre su vida, un relato lleno de calumnias, donde sus gloriosas haza\u00f1as se mantendr\u00e1n en un segundo plano, para dar lugar a una historia llena de acusaciones por parte de sus enemigos, cr\u00edticas que intentara sofocar Ranucio I m\u00e1s que por amor y lealtad a su padre, por intereses propios.<\/p>\n<p style=\"margin-bottom: 0cm\">\n","protected":false},"excerpt":{"rendered":"<p>Pese a una vida dedicada a la carrera militar en favor de la Corona Espa\u00f1ola al mando del rey Felipe II, el final de la vida de Alejandro Farnesio estuvo unido a un gran numero de hostilidades por parte del rey. Tal y como se afirma en el libro: \u201c El cronista Antonio de Herrera [&hellip;]<\/p>\n","protected":false},"author":1408,"featured_media":0,"parent":0,"menu_order":0,"comment_status":"open","ping_status":"open","template":"","meta":{"footnotes":""},"class_list":["post-158","page","type-page","status-publish","hentry"],"_links":{"self":[{"href":"https:\/\/blogs.ua.es\/alejandrofarnese\/wp-json\/wp\/v2\/pages\/158","targetHints":{"allow":["GET"]}}],"collection":[{"href":"https:\/\/blogs.ua.es\/alejandrofarnese\/wp-json\/wp\/v2\/pages"}],"about":[{"href":"https:\/\/blogs.ua.es\/alejandrofarnese\/wp-json\/wp\/v2\/types\/page"}],"author":[{"embeddable":true,"href":"https:\/\/blogs.ua.es\/alejandrofarnese\/wp-json\/wp\/v2\/users\/1408"}],"replies":[{"embeddable":true,"href":"https:\/\/blogs.ua.es\/alejandrofarnese\/wp-json\/wp\/v2\/comments?post=158"}],"version-history":[{"count":1,"href":"https:\/\/blogs.ua.es\/alejandrofarnese\/wp-json\/wp\/v2\/pages\/158\/revisions"}],"predecessor-version":[{"id":160,"href":"https:\/\/blogs.ua.es\/alejandrofarnese\/wp-json\/wp\/v2\/pages\/158\/revisions\/160"}],"wp:attachment":[{"href":"https:\/\/blogs.ua.es\/alejandrofarnese\/wp-json\/wp\/v2\/media?parent=158"}],"curies":[{"name":"wp","href":"https:\/\/api.w.org\/{rel}","templated":true}]}}