{"id":163,"date":"2009-12-23T17:50:35","date_gmt":"2009-12-23T15:50:35","guid":{"rendered":"https:\/\/blogs.ua.es\/alejandrofarnese\/?page_id=163"},"modified":"2013-05-24T09:08:30","modified_gmt":"2013-05-24T07:08:30","slug":"alejandro-farnesio-en-las-cortes-espanolas","status":"publish","type":"page","link":"https:\/\/blogs.ua.es\/alejandrofarnese\/alejandro-farnesio-en-las-cortes-espanolas\/","title":{"rendered":"Alejandro Farnesio en las cortes Espa\u00f1olas"},"content":{"rendered":"<p><!-- \t\t@page { margin: 2cm } \t\tP { margin-bottom: 0.21cm } --><\/p>\n<p style=\"margin-bottom: 0cm\">Ya desde joven Alejandro formaba partes de las cortes espa\u00f1olas, de muy peque\u00f1o particip\u00f3 en torneos causando una muy buena impresi\u00f3n:<\/p>\n<p style=\"margin-bottom: 0cm\">\u201c<strong>Domingo 8 de Septiembre del dicho a\u00f1o (1560)&#8230;hubo un muy famoso torneo de pie de ochenta caballeros, sin otros muchos que salieron por padrinos&#8230;A la fiesta sali\u00f3 la reina y la princesa, y el pr\u00edncipe, con todas sus damas riqu\u00edsimamente ataviadas;&#8230;todos lo hicieron muy bien, y el pr\u00edncipe de Parma, siendo tan ni\u00f1o, quebr\u00f3 de los tres golpes todas sus tres lanzas y fue cosa de ver, y as\u00ed llev\u00f3 la joya\u201d.<\/strong> <em>Relaciones hist\u00f3ricas de los siglos XVI y XVII.<\/em><\/p>\n<figure id=\"attachment_164\" aria-describedby=\"caption-attachment-164\" style=\"width: 437px\" class=\"wp-caption aligncenter\"><img loading=\"lazy\" decoding=\"async\" class=\"size-full wp-image-164\" src=\"https:\/\/blogs.ua.es\/alejandrofarnese\/files\/2009\/12\/meninas.jpg\" alt=\"Las meninas;Vel\u00e1zquez;http:\/\/www.portalplanetasedna.com.ar\/estado18.jpg\" width=\"437\" height=\"333\" srcset=\"https:\/\/blogs.ua.es\/alejandrofarnese\/files\/2009\/12\/meninas.jpg 437w, https:\/\/blogs.ua.es\/alejandrofarnese\/files\/2009\/12\/meninas-300x228.jpg 300w\" sizes=\"auto, (max-width: 437px) 100vw, 437px\" \/><figcaption id=\"caption-attachment-164\" class=\"wp-caption-text\">Las meninas;Vel\u00e1zquez;http:\/\/www.portalplanetasedna.com.ar\/estado18.jpg<\/figcaption><\/figure>\n<p style=\"margin-bottom: 0cm;font-style: normal\">Una de las obligaciones de Farnesio en la corte espa\u00f1ola era acompa\u00f1ar al pr\u00edncipe Carlos, por lo que se ve obligado a viajar a Alcal\u00e1, cuando los m\u00e9dicos aconsejan un cambio de aires para el pr\u00edncipe Carlos.<\/p>\n<p style=\"margin-bottom: 0cm;font-style: normal\">As\u00ed pues la excusa de este traslado fu\u00e9 la necesidad de formaci\u00f3n de los tres j\u00f3venes: Juan de Austria, Carlos y Farnesio.<\/p>\n<p style=\"margin-bottom: 0cm;font-style: normal\">En Alcal\u00e1 son sonadas las correr\u00edas de Farnesio y Juan de Austr\u00eda y no precisamente dentro de las aulas, momento que no hubiese llamado la atenci\u00f3n a la prensa si no fuese por el tr\u00e1gico accidente que sufri\u00f3 Carlos.<\/p>\n<p style=\"margin-bottom: 0cm;font-style: normal\">Pod\u00eda distinguirse\u00a0 a Don Juan de Austria y Farnesio, como criados y amigos de confianza del pr\u00edncipe Carlos.<\/p>\n<p style=\"margin-bottom: 0cm;font-style: normal\">Cabe destacar que hasta el planteamiento de su matrimonio, el de Alejandro Farnesio, constituy\u00f3 un problema de estado, pues confrontaban los intereses de los Duques de Parma y de la Felipe II. Finalmente el rey de Espa\u00f1a fue quien tuvo la \u00faltima palabra.<\/p>\n<p style=\"margin-bottom: 0cm;font-style: normal\">De esta forma, \u00a0aunque no fuera demasiado reconocido en las cortes como un personaje popular, cabe decir, que si era un personaje querido y valorado, y es que el duque de Parma, estaba muy sumergido e integrado en las cortes Espa\u00f1olas, pues, \u00a0junto a Juan de Austria eran personajes cuya presencia nunca falt\u00f3 en los actos p\u00fablicos relacionados con la monarqu\u00eda espa\u00f1ola de Felipe II.<\/p>\n","protected":false},"excerpt":{"rendered":"<p>Ya desde joven Alejandro formaba partes de las cortes espa\u00f1olas, de muy peque\u00f1o particip\u00f3 en torneos causando una muy buena impresi\u00f3n: \u201cDomingo 8 de Septiembre del dicho a\u00f1o (1560)&#8230;hubo un muy famoso torneo de pie de ochenta caballeros, sin otros muchos que salieron por padrinos&#8230;A la fiesta sali\u00f3 la reina y la princesa, y el [&hellip;]<\/p>\n","protected":false},"author":1408,"featured_media":0,"parent":0,"menu_order":0,"comment_status":"open","ping_status":"open","template":"","meta":{"footnotes":""},"class_list":["post-163","page","type-page","status-publish","hentry"],"_links":{"self":[{"href":"https:\/\/blogs.ua.es\/alejandrofarnese\/wp-json\/wp\/v2\/pages\/163","targetHints":{"allow":["GET"]}}],"collection":[{"href":"https:\/\/blogs.ua.es\/alejandrofarnese\/wp-json\/wp\/v2\/pages"}],"about":[{"href":"https:\/\/blogs.ua.es\/alejandrofarnese\/wp-json\/wp\/v2\/types\/page"}],"author":[{"embeddable":true,"href":"https:\/\/blogs.ua.es\/alejandrofarnese\/wp-json\/wp\/v2\/users\/1408"}],"replies":[{"embeddable":true,"href":"https:\/\/blogs.ua.es\/alejandrofarnese\/wp-json\/wp\/v2\/comments?post=163"}],"version-history":[{"count":4,"href":"https:\/\/blogs.ua.es\/alejandrofarnese\/wp-json\/wp\/v2\/pages\/163\/revisions"}],"predecessor-version":[{"id":166,"href":"https:\/\/blogs.ua.es\/alejandrofarnese\/wp-json\/wp\/v2\/pages\/163\/revisions\/166"}],"wp:attachment":[{"href":"https:\/\/blogs.ua.es\/alejandrofarnese\/wp-json\/wp\/v2\/media?parent=163"}],"curies":[{"name":"wp","href":"https:\/\/api.w.org\/{rel}","templated":true}]}}