{"id":167,"date":"2009-12-23T18:09:26","date_gmt":"2009-12-23T16:09:26","guid":{"rendered":"https:\/\/blogs.ua.es\/alejandrofarnese\/?page_id=167"},"modified":"2011-11-15T22:50:54","modified_gmt":"2011-11-15T20:50:54","slug":"%c2%bfun-posible-espionaje","status":"publish","type":"page","link":"https:\/\/blogs.ua.es\/alejandrofarnese\/%c2%bfun-posible-espionaje\/","title":{"rendered":"\u00bfUn posible espionaje?"},"content":{"rendered":"<div class=\"mceTemp mceIEcenter\">\n<p>&nbsp;<\/p>\n<p style=\"text-align: left\">Algunas fuentes parecen afirmar que la situaci\u00f3n relajada que se produjo en Flandes y los posteriores pactos que surgieron tras la obtenci\u00f3n del t\u00edtulo de Gobernador de los Pa\u00edses Bajos por Alejandro Farnesio se debe, a la gran capacidad de Alejandro Farnesio como estratega y diplom\u00e1tico,\u00a0estas mismas fuentes, \u00a0afirman que Farnesio pagaba y recompensaba a sus aliados muy gratamente, por lo cual la cantidad de gente que le apoyaba, era mucho mayor que a los gobernadores anteriores.<\/p>\n<p style=\"text-align: left\">Se afirma por tanto que esta gran cantidad de colaboradores, llevaron a cabo un proceso de espionaje de los rebeldes, para informar a Alejandro Farnesio en todo momento de la situaci\u00f3n, y por eso, \u00e9ste pudiese decidir certeramente y en el momento oportuno los actos a seguir.<\/p>\n<p style=\"text-align: left\">Est\u00e1 claro que por unos motivos u otros, la llegada de Alejandro Farnesio supuso una calma, respecto a la situaci\u00f3n anterior, y pese a que los rebeldes no pararon, se trata de un per\u00edodo m\u00e1s diplom\u00e1tico, con pactos y tratados, que consiguieron hacer que parte de los Pa\u00edses Bajos guardar\u00e1n fidelidad a la corona Espa\u00f1ola, cosa que anteriormente, ni Margarita de Parma hab\u00eda conseguido.<\/p>\n<p style=\"text-align: left\">As\u00ed pues, est\u00e1 claro que Alejandro Farnesio contaba con una capacidad diplom\u00e1tica muy notable, y que fue capaz de tomar decisiones bastante acertadas para la corona espa\u00f1ola, en una situaci\u00f3n muy compleja y conflictiva, tal vez gracias a su capacidad de crearse aliados y conseguir informaci\u00f3n.<\/p>\n<dl>\n<dt><a href=\"https:\/\/blogs.ua.es\/alejandrofarnese\/files\/2009\/12\/farnesio-1.jpg\"><img loading=\"lazy\" decoding=\"async\" class=\"size-full wp-image-168\" src=\"https:\/\/blogs.ua.es\/alejandrofarnese\/files\/2009\/12\/farnesio-1.jpg\" alt=\"Retrato de Alejandro Farnesio;http:\/\/www.museodevigo.org\/img\/policarpo\/inv_50.jpg\" width=\"229\" height=\"300\" \/><\/a><\/dt>\n<dd>Retrato de Alejandro Farnesio;http:\/\/www.museodevigo.org\/img\/policarpo\/inv_50.jpg<\/dd>\n<\/dl>\n<\/div>\n","protected":false},"excerpt":{"rendered":"<p>&nbsp; Algunas fuentes parecen afirmar que la situaci\u00f3n relajada que se produjo en Flandes y los posteriores pactos que surgieron tras la obtenci\u00f3n del t\u00edtulo de Gobernador de los Pa\u00edses Bajos por Alejandro Farnesio se debe, a la gran capacidad de Alejandro Farnesio como estratega y diplom\u00e1tico,\u00a0estas mismas fuentes, \u00a0afirman que Farnesio pagaba y recompensaba [&hellip;]<\/p>\n","protected":false},"author":1408,"featured_media":0,"parent":0,"menu_order":0,"comment_status":"open","ping_status":"open","template":"","meta":{"footnotes":""},"class_list":["post-167","page","type-page","status-publish","hentry"],"_links":{"self":[{"href":"https:\/\/blogs.ua.es\/alejandrofarnese\/wp-json\/wp\/v2\/pages\/167","targetHints":{"allow":["GET"]}}],"collection":[{"href":"https:\/\/blogs.ua.es\/alejandrofarnese\/wp-json\/wp\/v2\/pages"}],"about":[{"href":"https:\/\/blogs.ua.es\/alejandrofarnese\/wp-json\/wp\/v2\/types\/page"}],"author":[{"embeddable":true,"href":"https:\/\/blogs.ua.es\/alejandrofarnese\/wp-json\/wp\/v2\/users\/1408"}],"replies":[{"embeddable":true,"href":"https:\/\/blogs.ua.es\/alejandrofarnese\/wp-json\/wp\/v2\/comments?post=167"}],"version-history":[{"count":4,"href":"https:\/\/blogs.ua.es\/alejandrofarnese\/wp-json\/wp\/v2\/pages\/167\/revisions"}],"predecessor-version":[{"id":170,"href":"https:\/\/blogs.ua.es\/alejandrofarnese\/wp-json\/wp\/v2\/pages\/167\/revisions\/170"}],"wp:attachment":[{"href":"https:\/\/blogs.ua.es\/alejandrofarnese\/wp-json\/wp\/v2\/media?parent=167"}],"curies":[{"name":"wp","href":"https:\/\/api.w.org\/{rel}","templated":true}]}}