{"id":70,"date":"2009-12-16T19:02:06","date_gmt":"2009-12-16T17:02:06","guid":{"rendered":"https:\/\/blogs.ua.es\/alejandrofarnese\/?page_id=70"},"modified":"2009-12-16T19:02:06","modified_gmt":"2009-12-16T17:02:06","slug":"la-vida-del-gran-alejandro-farnesio","status":"publish","type":"page","link":"https:\/\/blogs.ua.es\/alejandrofarnese\/la-vida-del-gran-alejandro-farnesio\/","title":{"rendered":"La vida del gran Alejandro Farnesio"},"content":{"rendered":"<p><!-- \t\t@page { margin: 2cm } \t\tP { margin-bottom: 0.21cm } --><\/p>\n<p style=\"text-align: center\">\n<figure id=\"attachment_71\" aria-describedby=\"caption-attachment-71\" style=\"width: 357px\" class=\"wp-caption aligncenter\"><img loading=\"lazy\" decoding=\"async\" class=\"size-full wp-image-71\" title=\"Alejandro Farnesio\" src=\"https:\/\/blogs.ua.es\/alejandrofarnese\/files\/2009\/12\/ale.jpg\" alt=\"Alejandro Farnesio;http:\/\/images.encarta.msn.com\/xrefmedia\/sharemed\/targets\/images\/pho\/t291\/T291958A.jpg\" width=\"357\" height=\"452\" srcset=\"https:\/\/blogs.ua.es\/alejandrofarnese\/files\/2009\/12\/ale.jpg 357w, https:\/\/blogs.ua.es\/alejandrofarnese\/files\/2009\/12\/ale-236x300.jpg 236w\" sizes=\"auto, (max-width: 357px) 100vw, 357px\" \/><figcaption id=\"caption-attachment-71\" class=\"wp-caption-text\">Alejandro Farnesio;http:\/\/images.encarta.msn.com\/xrefmedia\/sharemed\/targets\/images\/pho\/t291\/T291958A.jpg<\/figcaption><\/figure>\n<p>La vida de Alejandro Farnesio esta marcada por hechos y batallas militares, una vida por y para lo militar, as\u00ed pues la vida del duque de Parma esta envuelta de acontecimientos b\u00e9licos, de luchas, entre las m\u00e1s importantes las referidas a los Pa\u00edses bajos y a la batalla de Lepanto contra los turcos.<\/p>\n<p>Alejandro Farnesio nace en Roma el 27 de agosto de 1545 y muere en Arras ( Francia) el 3 de diciembre de 1592 con 47 a\u00f1os de edad.<\/p>\n<p>Ser\u00e1 el tercer duque de Parma entre el 1585 y 1592.<\/p>\n<p>Hijo de Octavio Farnesio y Margarita de Parma ( hija natural e ilegitima de Carlos I, que una vez convertido en emperador pasara a convertirse en Carlos V).<\/p>\n<p>En 1556 fue enviado a Bruselas ( B\u00e9lgica) donde se encontraba la corte de Felipe II que estuvo all\u00ed situada des del 1556 hasta el 1598, la raz\u00f3n de este viaje es que Farnesio se educara en la corte espa\u00f1ola, acto que garantizaba y demostraba la fidelidad de su padre hacia la corona espa\u00f1ola.<\/p>\n<p>En 1559 se traslad\u00f3 a Madrid donde permaneci\u00f3 hasta 1565; estudiando en la Universidad de Alcal\u00e1 de Henares, situada en Madrid junto a Juan de Austria y el pr\u00edncipe Carlos.<\/p>\n<p>Este mismo a\u00f1o regres\u00f3 a Bruselas, donde su madre ejerc\u00eda como gobernadora de los Pa\u00edses bajos y se cas\u00f3 con Mar\u00eda de Portugal, nieta de Manuel I el afortunado, y seguidamente se estableci\u00f3 en Parma ( Italia).<\/p>\n<p>No obstante su carrera militar, que lo acredita como uno de los m\u00e1s grandes generales de la Corona Espa\u00f1ola del s.XVI se iniciar\u00e1 en 1571, al participar como lugarteniente de Juan de Austria en la Batalla de Lepanto.<\/p>\n<p>Desde 1571 hasta 1577 tuvo una etapa de inactividad y estuvo establecido en Parma, no obstante seis a\u00f1os despu\u00e9s de aquella batalla de Lepanto, una vez Juan de Austria se hab\u00eda convertido en gobernador de los piases bajos, para que lo socorriese en su lucha contra los protestantes Juan de Austria puso a Farnesio al frente de los tercios de Italia, con los cuales emprendi\u00f3 la campa\u00f1a de flandes. As\u00ed Farnesio al mando de la batalla de Gembloux derroto a los protestantes, lo cual significo la recuperaci\u00f3n de las provincias catolicas meridonales de dominio espa\u00f1ol.<\/p>\n<p>Luch\u00f3 tambi\u00e9n en la conquista de Nivelle y en la toma de plazas de Diest, Suhem, Limburgo y Dalhem.<\/p>\n<p>En octubre de 1578 muere Juan de Austria de tifus, no obstante poco antes de morir, eligi\u00f3 a Farnesio como su sucesor en el gobierno de los pa\u00edses bajos, cargo que posteriormente por Felipe II y a partir del cual Farnesio se consolidara como un talentoso militar de grandes cualidades no solo militares sino tambi\u00e9n diplom\u00e1ticas, consiguiendo en 1579 la obediencia a la corona espa\u00f1ola de la provincia del sur mediante la Uni\u00f3n de Arras y consiguiendo unas semanas m\u00e1s tarde que los rebeldes abjuraran la soberan\u00eda de Felipe II, mediante la Uni\u00f3n de Utrecht.<\/p>\n<p>Mont\u00f3 una base de operaciones seguras en Hainaut y Artois y se dispuso a conquistar las provincias de Brabante y Flandes, que fueron cayendo bajo su contao hasta llegar al frente de Amberes que finalmente llego a conquistar en 1584, despues de un gran asedio a Amberes que requirio todo su ingenio militar rindiendo la ciudad el 15 de agosto de 1585 bajo su dominio, tal \u00e9xito de Alejandro Farnesio devolvio a la corpona Espa\u00f1ola todas las provincias de los Paises Bajos. No obstante en las provincias de Holanda y Zelanda necesito para su conquista, por necesidades geogr\u00e1ficas, el dominio del mar, que se encontraba en manos de los rebeldes.<\/p>\n<p>No ser\u00e1 hasta 1585 cuando se convertir\u00e1 en duque de Parma, pues sucede la muerte de su padre, del que hered\u00f3 Parma,Plasencia y Guastalla, pero cedi\u00f3 la administraci\u00f3n a su hijo Ranuccio, pues en tal situaci\u00f3n pedir\u00e1 al rey permiso para austentarse y visitar el ducado, petici\u00f3n que el rey no aceptara, por considerarlo necesario e insustituible en la batalla de Flandes.<\/p>\n<p>Un a\u00f1o m\u00e1s tarde, en el intento de invasi\u00f3n de Inglaterra se enfrento con \u00e9xito a la fuerza inglesa bajo las ordenes del duque Leicester, Farnesio contaba con el apoyo de la armada invencible , no obstante Alejandro iniciara la conquista de Ostende y Sluis, conquistando esta ultima donde llegara la armada en 1578, y tras la derrota de la armada invencible, Farnesio se establecer\u00e1 en Dunkerque.<\/p>\n<p>En tales contextos de campa\u00f1a militar espa\u00f1ola, muere el rey de Francia Enrique III en diciembre del 1589, y subir\u00e1 al trono de Francia Enrique IV, Alejandro fue enviado con el ejercito a Francia para luchar con el bando cat\u00f3lico opuesto a Enrique IV.<\/p>\n<p>Farnesio, que se hab\u00eda negado a ceder el poder pol\u00edtico a su madre, seg\u00fan el deseo de Felipe II, no pudo mantener el sitio de Cambrai y cedi\u00f3 Amberes al a\u00f1o siguiente. La larga guerra que sigui\u00f3, durante la cual fue asesinado el duque de Orange, concluy\u00f3 en 1585 con la ocupaci\u00f3n de Bruselas y Gante y la recuperaci\u00f3n de Amberes por las fuerzas de Farnesio.<\/p>\n<p>Pero inmediatamente debe acudir para ayudar a Nimega, tras liberarla sigue la situaci\u00f3n b\u00e9lica y hostilidades entre ambos frentes, haci\u00e9ndose cada vez m\u00e1s dif\u00edcil mantener el dominio de los territorios debido a la ayuda de los ingleses al bando rebelde y al agotamiento de sus tropas.<\/p>\n<p>Finalmente 1592, su ej\u00e9rcito liber\u00f3 Ru\u00e1n, cercada por el ej\u00e9rcito franc\u00e9s de Enrique IV, al que venci\u00f3 de nuevo en la batalla de Aumale, con lo que asegur\u00f3 el abastecimiento de Par\u00eds.<\/p>\n<p>En el asedio de Caudebec de 1592 result\u00f3 herido de un disparo de mosquete, falleciendo durante la campa\u00f1a militar en Arras en 1592.<\/p>\n<p style=\"margin-bottom: 0cm\">\n","protected":false},"excerpt":{"rendered":"<p>La vida de Alejandro Farnesio esta marcada por hechos y batallas militares, una vida por y para lo militar, as\u00ed pues la vida del duque de Parma esta envuelta de acontecimientos b\u00e9licos, de luchas, entre las m\u00e1s importantes las referidas a los Pa\u00edses bajos y a la batalla de Lepanto contra los turcos. Alejandro Farnesio [&hellip;]<\/p>\n","protected":false},"author":1408,"featured_media":0,"parent":0,"menu_order":0,"comment_status":"open","ping_status":"open","template":"","meta":{"footnotes":""},"class_list":["post-70","page","type-page","status-publish","hentry"],"_links":{"self":[{"href":"https:\/\/blogs.ua.es\/alejandrofarnese\/wp-json\/wp\/v2\/pages\/70","targetHints":{"allow":["GET"]}}],"collection":[{"href":"https:\/\/blogs.ua.es\/alejandrofarnese\/wp-json\/wp\/v2\/pages"}],"about":[{"href":"https:\/\/blogs.ua.es\/alejandrofarnese\/wp-json\/wp\/v2\/types\/page"}],"author":[{"embeddable":true,"href":"https:\/\/blogs.ua.es\/alejandrofarnese\/wp-json\/wp\/v2\/users\/1408"}],"replies":[{"embeddable":true,"href":"https:\/\/blogs.ua.es\/alejandrofarnese\/wp-json\/wp\/v2\/comments?post=70"}],"version-history":[{"count":2,"href":"https:\/\/blogs.ua.es\/alejandrofarnese\/wp-json\/wp\/v2\/pages\/70\/revisions"}],"predecessor-version":[{"id":73,"href":"https:\/\/blogs.ua.es\/alejandrofarnese\/wp-json\/wp\/v2\/pages\/70\/revisions\/73"}],"wp:attachment":[{"href":"https:\/\/blogs.ua.es\/alejandrofarnese\/wp-json\/wp\/v2\/media?parent=70"}],"curies":[{"name":"wp","href":"https:\/\/api.w.org\/{rel}","templated":true}]}}