{"id":77,"date":"2009-12-16T19:23:14","date_gmt":"2009-12-16T17:23:14","guid":{"rendered":"https:\/\/blogs.ua.es\/alejandrofarnese\/?page_id=77"},"modified":"2013-05-24T09:15:44","modified_gmt":"2013-05-24T07:15:44","slug":"expectativas-de-futuro-poco-brillantes","status":"publish","type":"page","link":"https:\/\/blogs.ua.es\/alejandrofarnese\/expectativas-de-futuro-poco-brillantes\/","title":{"rendered":"Expectativas de futuro poco brillantes"},"content":{"rendered":"<p><!-- \t\t@page { margin: 2cm } \t\tP { margin-bottom: 0.21cm } --><\/p>\n<p style=\"margin-bottom: 0cm\" align=\"LEFT\">La historia de esta familia presentaba en un principio expectativas m\u00e1s bien poco brillantes.<\/p>\n<p style=\"margin-bottom: 0cm\" align=\"LEFT\">Ya la madre del Gran Farnesio, Margarita de Parma, hija natural no legitima del rey Carlos I, estaba destinada a vivir sin privilegios y a la sombra, con un obscuro porvenir.<\/p>\n<dl>\n<dt><a name=\"attachment_54\"><\/a><\/dt>\n<\/dl>\n<dl>\n<dt><\/dt>\n<dt><img loading=\"lazy\" decoding=\"async\" src=\"..\/files\/2009\/12\/margarita-parma1-220x300.jpg\" alt=\"Retrato Margarita de Parma\" width=\"220\" height=\"300\" align=\"BOTTOM\" border=\"0\" \/><\/dt>\n<dd>Retrato Margarita de Parma<\/dd>\n<\/dl>\n<p style=\"margin-bottom: 0cm\" align=\"LEFT\">Un rayo de luz llevar\u00e1 a Margarita a deshacer este truncado porvenir, gracias a su t\u00eda abuela, Margarita de Austria, gobernadora de los Pa\u00edses Bajos en 1507,que se ocupar\u00e1 de su educaci\u00f3n y con la muerte de Margarita en 1530 y le suceder\u00e1 su hija viuda Mar\u00eda de Austria quien tomar\u00e1 la tutela de Margarita de Parma.<\/p>\n<p style=\"margin-bottom: 0cm\" align=\"LEFT\">As\u00ed pues, Margarita encontrar\u00e1 un lugar en la vida social de la corte de los Austria, en un primer momento Carlos I arreglar\u00e1 el matrimonio de Margarita con Alejandro de M\u00e9dicis, hijo ilegitimo del Papa con una sirvienta negra, y esta uni\u00f3n supone tambi\u00e9n el compromiso de lealtad de Carlos I con el Papa, y por tanto un vinculo diplom\u00e1tico.<\/p>\n<dl>\n<dt><img loading=\"lazy\" decoding=\"async\" class=\"aligncenter\" style=\"border: 0pt none\" src=\"..\/files\/2009\/12\/Alejandro-de-Medicis-233x300.jpg\" alt=\"Alejandro M\u00e9dicis\" width=\"233\" height=\"300\" align=\"BOTTOM\" border=\"0\" \/><\/dt>\n<dd>Alejandro M\u00e9dicis<\/dd>\n<\/dl>\n<p style=\"margin-bottom: 0cm\" align=\"LEFT\">Margarita tan solo con 13 a\u00f1os de edad, tuvo que soportar la indiferencia de su marido enamorado de su amor Tadea Malaspina, pero once meses m\u00e1s tarde Alejandro es asesinado por su primo lejano.<\/p>\n<p style=\"margin-bottom: 0cm\">Finalmente en el 1538 se Margarita vuelve a contraer matrimonio con Octavio de Farnesio, duque de Parma y de esta uni\u00f3n naci\u00f3 Alejandro Farnesio.<\/p>\n<p style=\"margin-bottom: 0cm\">Y el futuro de Alejandro Farnesio se parecer\u00e1 en algunos aspectos al de su madre, Alejandro en un principio llega a Espa\u00f1a como reh\u00e9n de Carlos I, qui\u00e9n manten\u00eda calurosos conflictos con el padre de este Octavio de Farnesio por los ducados de Parma y Plasencia, finalmente Alejandro Farnesio es enviado a su casa, tras la firma del acuerdo con Felipe II en 1556,y una de las condiciones de este acuerdo era que Alejandro Farnesio deber\u00eda residir en la corte espa\u00f1ola al servicio del pr\u00edncipe Carlos.<\/p>\n<dl>\n<dt><a name=\"attachment_55\"><\/a><img loading=\"lazy\" decoding=\"async\" src=\"..\/files\/2009\/12\/alejandro-farnesio-retrato.jpg\" alt=\"Retrato Alejandro Farnesio\" width=\"229\" height=\"300\" align=\"BOTTOM\" border=\"0\" \/><\/dt>\n<dd>Retrato Alejandro Farnesio<\/dd>\n<\/dl>\n<p style=\"margin-bottom: 0cm\" align=\"LEFT\">As\u00ed pues una historia tan destinada a estar a la sombra, da paso a una oportunidad de formar parte de las cortes espa\u00f1olas, y por tanto ser\u00e1 el inicio y la oportunidad de la gran carrera militar y diplom\u00e1tica que Farnesio no dejar\u00e1 escapar.<\/p>\n<p><!-- \t\t@page { margin: 2cm } \t\tP { margin-bottom: 0.21cm } \t\tA:link { so-language: zxx } --><\/p>\n","protected":false},"excerpt":{"rendered":"<p>La historia de esta familia presentaba en un principio expectativas m\u00e1s bien poco brillantes. Ya la madre del Gran Farnesio, Margarita de Parma, hija natural no legitima del rey Carlos I, estaba destinada a vivir sin privilegios y a la sombra, con un obscuro porvenir. Retrato Margarita de Parma Un rayo de luz llevar\u00e1 a [&hellip;]<\/p>\n","protected":false},"author":1408,"featured_media":0,"parent":0,"menu_order":0,"comment_status":"open","ping_status":"open","template":"","meta":{"footnotes":""},"class_list":["post-77","page","type-page","status-publish","hentry"],"_links":{"self":[{"href":"https:\/\/blogs.ua.es\/alejandrofarnese\/wp-json\/wp\/v2\/pages\/77","targetHints":{"allow":["GET"]}}],"collection":[{"href":"https:\/\/blogs.ua.es\/alejandrofarnese\/wp-json\/wp\/v2\/pages"}],"about":[{"href":"https:\/\/blogs.ua.es\/alejandrofarnese\/wp-json\/wp\/v2\/types\/page"}],"author":[{"embeddable":true,"href":"https:\/\/blogs.ua.es\/alejandrofarnese\/wp-json\/wp\/v2\/users\/1408"}],"replies":[{"embeddable":true,"href":"https:\/\/blogs.ua.es\/alejandrofarnese\/wp-json\/wp\/v2\/comments?post=77"}],"version-history":[{"count":3,"href":"https:\/\/blogs.ua.es\/alejandrofarnese\/wp-json\/wp\/v2\/pages\/77\/revisions"}],"predecessor-version":[{"id":196,"href":"https:\/\/blogs.ua.es\/alejandrofarnese\/wp-json\/wp\/v2\/pages\/77\/revisions\/196"}],"wp:attachment":[{"href":"https:\/\/blogs.ua.es\/alejandrofarnese\/wp-json\/wp\/v2\/media?parent=77"}],"curies":[{"name":"wp","href":"https:\/\/api.w.org\/{rel}","templated":true}]}}