{"id":86,"date":"2009-12-18T12:15:34","date_gmt":"2009-12-18T10:15:34","guid":{"rendered":"https:\/\/blogs.ua.es\/alejandrofarnese\/?page_id=86"},"modified":"2009-12-18T12:15:34","modified_gmt":"2009-12-18T10:15:34","slug":"las-huellas-farnesianas","status":"publish","type":"page","link":"https:\/\/blogs.ua.es\/alejandrofarnese\/las-huellas-farnesianas\/","title":{"rendered":"Las huellas Farnesianas"},"content":{"rendered":"<p><!-- \t\t@page { margin: 2cm } \t\tP { margin-bottom: 0.21cm } --><\/p>\n<p style=\"margin-bottom: 0cm\">Alejandro Farnesio pese a su dedicada vida a lo militar, y falta de huellas a modo de cultura o grandes escritos, deja como huella a su descendencia: Ranuccio I, hijo de Alejandro Farnesio y Mar\u00eda de Portugal.<\/p>\n<p style=\"margin-bottom: 0cm\">\n<p style=\"margin-bottom: 0cm;text-align: center\">\n<figure id=\"attachment_88\" aria-describedby=\"caption-attachment-88\" style=\"width: 461px\" class=\"wp-caption aligncenter\"><a href=\"http:\/\/es.wikipedia.org\/wiki\/Ranuccio_I_Farnesio\"><img loading=\"lazy\" decoding=\"async\" class=\"size-full wp-image-88\" title=\"ranuccioI\" src=\"https:\/\/blogs.ua.es\/alejandrofarnese\/files\/2009\/12\/ranuccioI.jpg\" alt=\"Ranuccio I\" width=\"461\" height=\"565\" srcset=\"https:\/\/blogs.ua.es\/alejandrofarnese\/files\/2009\/12\/ranuccioI.jpg 461w, https:\/\/blogs.ua.es\/alejandrofarnese\/files\/2009\/12\/ranuccioI-244x300.jpg 244w\" sizes=\"auto, (max-width: 461px) 100vw, 461px\" \/><\/a><figcaption id=\"caption-attachment-88\" class=\"wp-caption-text\">Ranuccio I<\/figcaption><\/figure>\n<p style=\"margin-bottom: 0cm\">\n<p style=\"margin-bottom: 0cm\">Ranucci\u00f3 primero destinado a ser legitimamente sucesor al trono de Portugal, no conseguir\u00e1 tal empresa, pues del hecho que su padre guardase fidelidad al rey de Espa\u00f1a dificulto en gran medida su acceso al trono, pues Espa\u00f1a era  una amenaza a Portugal y este parentesco no facilitaba las cosas.<\/p>\n<p style=\"margin-bottom: 0cm\">\n<p style=\"margin-bottom: 0cm\">No obstante, Ranuccio I se centrar\u00e1 as\u00ed, en su ducado de Parma, se dedicar\u00e1 a las artes y cultura construyendo el Teatro Farnesiano en Parma, y promoviendo la construcci\u00f3n del Palacio de la Pilotta, corte de la familia Farnesio, cuya construcci\u00f3n no finalizar\u00e1 hasta el 1620.<\/p>\n<p style=\"margin-bottom: 0cm;text-align: center\">\n<figure id=\"attachment_87\" aria-describedby=\"caption-attachment-87\" style=\"width: 483px\" class=\"wp-caption aligncenter\"><a href=\"http:\/\/es.wikipedia.org\/wiki\/Palacio_Farnesio\"><img loading=\"lazy\" decoding=\"async\" class=\"size-full wp-image-87\" title=\"palacio farnesio\" src=\"https:\/\/blogs.ua.es\/alejandrofarnese\/files\/2009\/12\/palacio-farnesio.png\" alt=\"Palacio Farnesio\" width=\"483\" height=\"416\" srcset=\"https:\/\/blogs.ua.es\/alejandrofarnese\/files\/2009\/12\/palacio-farnesio.png 483w, https:\/\/blogs.ua.es\/alejandrofarnese\/files\/2009\/12\/palacio-farnesio-300x258.png 300w\" sizes=\"auto, (max-width: 483px) 100vw, 483px\" \/><\/a><figcaption id=\"caption-attachment-87\" class=\"wp-caption-text\">Palacio Farnesio<\/figcaption><\/figure>\n<p style=\"margin-bottom: 0cm\">\n<p style=\"margin-bottom: 0cm;text-align: center\">\n<figure id=\"attachment_89\" aria-describedby=\"caption-attachment-89\" style=\"width: 480px\" class=\"wp-caption aligncenter\"><a href=\"http:\/\/2.bp.blogspot.com\/_YHHfXzcgUP0\/SS6HMAcpz1I\/AAAAAAAABjU\/42uTgGRmPYY\/s400\/A5-Farnese+70.jpg\"><img loading=\"lazy\" decoding=\"async\" class=\"size-full wp-image-89  \" title=\"teatro farnesio 3\" src=\"https:\/\/blogs.ua.es\/alejandrofarnese\/files\/2009\/12\/teatro-farnesio-3.jpg\" alt=\"Teatro Farnesio\" width=\"480\" height=\"330\" srcset=\"https:\/\/blogs.ua.es\/alejandrofarnese\/files\/2009\/12\/teatro-farnesio-3.jpg 1000w, https:\/\/blogs.ua.es\/alejandrofarnese\/files\/2009\/12\/teatro-farnesio-3-300x206.jpg 300w\" sizes=\"auto, (max-width: 480px) 100vw, 480px\" \/><\/a><figcaption id=\"caption-attachment-89\" class=\"wp-caption-text\">Teatro Farnesio<\/figcaption><\/figure>\n<p style=\"margin-bottom: 0cm\">As\u00ed pues, Alejandro Farnesio deja como huella muchas batallas libradas, su participaci\u00f3n y relaci\u00f3n en las cortes espa\u00f1olas, en el tercio, en la liga santa, una personalidad importante y un hijo que a diferencia de el basara su vida por el arte, m\u00e1s que por la lucha militar.<\/p>\n","protected":false},"excerpt":{"rendered":"<p>Alejandro Farnesio pese a su dedicada vida a lo militar, y falta de huellas a modo de cultura o grandes escritos, deja como huella a su descendencia: Ranuccio I, hijo de Alejandro Farnesio y Mar\u00eda de Portugal. Ranucci\u00f3 primero destinado a ser legitimamente sucesor al trono de Portugal, no conseguir\u00e1 tal empresa, pues del hecho [&hellip;]<\/p>\n","protected":false},"author":1408,"featured_media":0,"parent":0,"menu_order":0,"comment_status":"open","ping_status":"open","template":"","meta":{"footnotes":""},"class_list":["post-86","page","type-page","status-publish","hentry"],"_links":{"self":[{"href":"https:\/\/blogs.ua.es\/alejandrofarnese\/wp-json\/wp\/v2\/pages\/86","targetHints":{"allow":["GET"]}}],"collection":[{"href":"https:\/\/blogs.ua.es\/alejandrofarnese\/wp-json\/wp\/v2\/pages"}],"about":[{"href":"https:\/\/blogs.ua.es\/alejandrofarnese\/wp-json\/wp\/v2\/types\/page"}],"author":[{"embeddable":true,"href":"https:\/\/blogs.ua.es\/alejandrofarnese\/wp-json\/wp\/v2\/users\/1408"}],"replies":[{"embeddable":true,"href":"https:\/\/blogs.ua.es\/alejandrofarnese\/wp-json\/wp\/v2\/comments?post=86"}],"version-history":[{"count":1,"href":"https:\/\/blogs.ua.es\/alejandrofarnese\/wp-json\/wp\/v2\/pages\/86\/revisions"}],"predecessor-version":[{"id":90,"href":"https:\/\/blogs.ua.es\/alejandrofarnese\/wp-json\/wp\/v2\/pages\/86\/revisions\/90"}],"wp:attachment":[{"href":"https:\/\/blogs.ua.es\/alejandrofarnese\/wp-json\/wp\/v2\/media?parent=86"}],"curies":[{"name":"wp","href":"https:\/\/api.w.org\/{rel}","templated":true}]}}