{"id":117,"date":"2012-01-25T12:35:24","date_gmt":"2012-01-25T12:35:24","guid":{"rendered":"https:\/\/blogs.ua.es\/alejandrovi\/?page_id=117"},"modified":"2012-01-25T12:37:16","modified_gmt":"2012-01-25T12:37:16","slug":"contexto-historico-2","status":"publish","type":"page","link":"https:\/\/blogs.ua.es\/alejandrovi\/contexto-historico-2\/","title":{"rendered":"Contexto hist\u00f3rico"},"content":{"rendered":"<table border=\"1\" cellspacing=\"0\" cellpadding=\"0\">\n<tbody>\n<tr>\n<td valign=\"top\" width=\"111\">1431<\/td>\n<td valign=\"top\" width=\"567\">Nacimiento de Rodrigo Borgia en J\u00e1tiva<\/td>\n<\/tr>\n<tr>\n<td valign=\"top\" width=\"111\">1455<\/td>\n<td valign=\"top\" width=\"567\">El t\u00edo de Rodrigo, Alonso de Borgia, es nombrado papa y se llama Calixto III.<\/td>\n<\/tr>\n<tr>\n<td valign=\"top\" width=\"111\">1456<\/td>\n<td valign=\"top\" width=\"567\">Rodrigo Borgia es designado para cardenal y nombrado Vicecanciller<\/td>\n<\/tr>\n<tr>\n<td valign=\"top\" width=\"111\">1460<\/td>\n<td valign=\"top\" width=\"567\">Nacimiento de sus primeros hijos por madre desconocida<\/td>\n<\/tr>\n<tr>\n<td valign=\"top\" width=\"111\">1475-1481<\/td>\n<td valign=\"top\" width=\"567\">Relaci\u00f3n amorosa con Vannozza Cattanei y nacimiento de sus cuatro hijos comunes: Juan, C\u00e9sar, Lucrecia y Jofr\u00e9<\/td>\n<\/tr>\n<tr>\n<td valign=\"top\" width=\"111\">1485<\/td>\n<td valign=\"top\" width=\"567\">Pedro Luis, hijo de Rodrigo, recibe el ducado de Gand\u00eda. Despu\u00e9s de su muerte, Juan Borgia es duque de Gand\u00eda<\/td>\n<\/tr>\n<tr>\n<td valign=\"top\" width=\"111\">1492<\/td>\n<td valign=\"top\" width=\"567\">Rodrigo Borgia es nombrado papa y se llama Alejandro VI.<\/td>\n<\/tr>\n<tr>\n<td valign=\"top\" width=\"111\">1493<\/td>\n<td valign=\"top\" width=\"567\">C\u00e9sar Borgia es nombrado cardenal<\/td>\n<\/tr>\n<tr>\n<td valign=\"top\" width=\"111\">1494<\/td>\n<td valign=\"top\" width=\"567\">Entrada de Carlos VIII. de Francia en Roma<\/td>\n<\/tr>\n<tr>\n<td valign=\"top\" width=\"111\">1495<\/td>\n<td valign=\"top\" width=\"567\">Acuerdo entre Carlos VIII. de Francia y Alejandro VI.<\/td>\n<\/tr>\n<tr>\n<td valign=\"top\" width=\"111\">1497<\/td>\n<td valign=\"top\" width=\"567\">Asesinato de Juan Borgia;Anulaci\u00f3n del matrimonio entre Lucrecia Borgia y su marido Giovanni Sforza. El pretexto es la supuesta impotencia de Giovanni Sforza.<\/p>\n<p>&nbsp;<\/td>\n<\/tr>\n<tr>\n<td valign=\"top\" width=\"111\">1498<\/td>\n<td valign=\"top\" width=\"567\">Negociaciones entre Alejandro VI. y Luis XII. de Francia. Tema es una alianza.Matrimonio de Lucrecia Borgia y Alfonso de Arag\u00f3n<\/p>\n<p>&nbsp;<\/td>\n<\/tr>\n<tr>\n<td valign=\"top\" width=\"111\">1500<\/td>\n<td valign=\"top\" width=\"567\">Asesinato de Alfonso de Arag\u00f3n por orden de C\u00e9sar Borgia.Diversas actividades militares de C\u00e9sar Borga. Conquista de Pesaro y Rimini.<\/p>\n<p>&nbsp;<\/td>\n<\/tr>\n<tr>\n<td valign=\"top\" width=\"111\">1501<\/td>\n<td valign=\"top\" width=\"567\">Matrimonio de Lucrecia Borgia con Alfonso d\u00b4Este, futuro duque de Ferrara&nbsp;<\/td>\n<\/tr>\n<tr>\n<td valign=\"top\" width=\"111\">1503<\/td>\n<td valign=\"top\" width=\"567\">Muerte de Alejandro VI.Siguiente papa es el enemigo Giuliano della Rovere. Se llama Julio II.<\/p>\n<p>&nbsp;<\/td>\n<\/tr>\n<\/tbody>\n<\/table>\n","protected":false},"excerpt":{"rendered":"<p>1431 Nacimiento de Rodrigo Borgia en J\u00e1tiva 1455 El t\u00edo de Rodrigo, Alonso de Borgia, es nombrado papa y se llama Calixto III. 1456 Rodrigo Borgia es designado para cardenal y nombrado Vicecanciller 1460 Nacimiento de sus primeros hijos por &hellip; <a href=\"https:\/\/blogs.ua.es\/alejandrovi\/contexto-historico-2\/\">Continue reading <span class=\"meta-nav\">&rarr;<\/span><\/a><\/p>\n","protected":false},"author":2176,"featured_media":0,"parent":0,"menu_order":0,"comment_status":"open","ping_status":"open","template":"","meta":{"footnotes":""},"class_list":["post-117","page","type-page","status-publish","hentry"],"_links":{"self":[{"href":"https:\/\/blogs.ua.es\/alejandrovi\/wp-json\/wp\/v2\/pages\/117","targetHints":{"allow":["GET"]}}],"collection":[{"href":"https:\/\/blogs.ua.es\/alejandrovi\/wp-json\/wp\/v2\/pages"}],"about":[{"href":"https:\/\/blogs.ua.es\/alejandrovi\/wp-json\/wp\/v2\/types\/page"}],"author":[{"embeddable":true,"href":"https:\/\/blogs.ua.es\/alejandrovi\/wp-json\/wp\/v2\/users\/2176"}],"replies":[{"embeddable":true,"href":"https:\/\/blogs.ua.es\/alejandrovi\/wp-json\/wp\/v2\/comments?post=117"}],"version-history":[{"count":2,"href":"https:\/\/blogs.ua.es\/alejandrovi\/wp-json\/wp\/v2\/pages\/117\/revisions"}],"predecessor-version":[{"id":119,"href":"https:\/\/blogs.ua.es\/alejandrovi\/wp-json\/wp\/v2\/pages\/117\/revisions\/119"}],"wp:attachment":[{"href":"https:\/\/blogs.ua.es\/alejandrovi\/wp-json\/wp\/v2\/media?parent=117"}],"curies":[{"name":"wp","href":"https:\/\/api.w.org\/{rel}","templated":true}]}}