{"id":96,"date":"2012-01-21T20:30:58","date_gmt":"2012-01-21T20:30:58","guid":{"rendered":"https:\/\/blogs.ua.es\/alejandrovi\/?page_id=96"},"modified":"2012-01-25T12:50:58","modified_gmt":"2012-01-25T12:50:58","slug":"introduccion-general-del-tema-2","status":"publish","type":"page","link":"https:\/\/blogs.ua.es\/alejandrovi\/introduccion-general-del-tema-2\/","title":{"rendered":"Introducci\u00f3n general del tema"},"content":{"rendered":"<p>El t\u00edtulo y tema del blog: Alejandro VI<a href=\"https:\/\/blogs.ua.es\/alejandrovi\/files\/2012\/01\/Pope_Alexander_Vi.jpg\"><img loading=\"lazy\" decoding=\"async\" class=\"alignleft size-thumbnail wp-image-126\" src=\"https:\/\/blogs.ua.es\/alejandrovi\/files\/2012\/01\/Pope_Alexander_Vi-150x150.jpg\" alt=\"\" width=\"150\" height=\"150\" \/><\/a><\/p>\n<p>Rodrigo de Borja o Borgia (en italiano), futuro papa Alejandro VI, es hijo de Jofr\u00e9 de Borja y de Isabel de Borja. \u00a0Naci\u00f3 el 1 de enero de 1431 en J\u00e1tiva, cerca de Valencia.<\/p>\n<p>Con ayuda de su t\u00edo Alonso de Borja, m\u00e1s tarde papa Calixto III., ascendi\u00f3 r\u00e1pidamente en la jerarqu\u00eda \u00a0eclesi\u00e1stica. Despu\u00e9s de la muerte del papa Inocencio VIII. en 1492 Rodrigo de Borja fue proclamado papa. \u00a0Muri\u00f3 el 18 de agosto de 1503, es decir fue papa de la Iglesia Cat\u00f3lica entre 1492 y 1503.<\/p>\n<p>La familia Borgia es conocida por su inclinaci\u00f3n hacia la corrupci\u00f3n, la ambici\u00f3n de poder y intrigas. Tuvo mucha influencia y poder durante el Reconocimiento. Este hombre fue papa de varios hijos, los cuales tuvo con sus numerosas amantes, entre ellas su querida de muchos a\u00f1os Vannozza Cattanei y Julia Farnesio (\u201cGiulia la bella\u201d). Con la primera tuvo 4 hijos: Juan, C\u00e9sar, Lucrecia y Jofr\u00e9, los cuales desempe\u00f1an un papel importante en sus maquinaciones pol\u00edticas. No tuvieron escr\u00fapulos al acceder al poder. Y por eso se enemistaron con muchas personas.<\/p>\n","protected":false},"excerpt":{"rendered":"<p>El t\u00edtulo y tema del blog: Alejandro VI Rodrigo de Borja o Borgia (en italiano), futuro papa Alejandro VI, es hijo de Jofr\u00e9 de Borja y de Isabel de Borja. \u00a0Naci\u00f3 el 1 de enero de 1431 en J\u00e1tiva, cerca &hellip; <a href=\"https:\/\/blogs.ua.es\/alejandrovi\/introduccion-general-del-tema-2\/\">Continue reading <span class=\"meta-nav\">&rarr;<\/span><\/a><\/p>\n","protected":false},"author":2176,"featured_media":0,"parent":0,"menu_order":0,"comment_status":"open","ping_status":"open","template":"","meta":{"footnotes":""},"class_list":["post-96","page","type-page","status-publish","hentry"],"_links":{"self":[{"href":"https:\/\/blogs.ua.es\/alejandrovi\/wp-json\/wp\/v2\/pages\/96","targetHints":{"allow":["GET"]}}],"collection":[{"href":"https:\/\/blogs.ua.es\/alejandrovi\/wp-json\/wp\/v2\/pages"}],"about":[{"href":"https:\/\/blogs.ua.es\/alejandrovi\/wp-json\/wp\/v2\/types\/page"}],"author":[{"embeddable":true,"href":"https:\/\/blogs.ua.es\/alejandrovi\/wp-json\/wp\/v2\/users\/2176"}],"replies":[{"embeddable":true,"href":"https:\/\/blogs.ua.es\/alejandrovi\/wp-json\/wp\/v2\/comments?post=96"}],"version-history":[{"count":5,"href":"https:\/\/blogs.ua.es\/alejandrovi\/wp-json\/wp\/v2\/pages\/96\/revisions"}],"predecessor-version":[{"id":129,"href":"https:\/\/blogs.ua.es\/alejandrovi\/wp-json\/wp\/v2\/pages\/96\/revisions\/129"}],"wp:attachment":[{"href":"https:\/\/blogs.ua.es\/alejandrovi\/wp-json\/wp\/v2\/media?parent=96"}],"curies":[{"name":"wp","href":"https:\/\/api.w.org\/{rel}","templated":true}]}}