{"id":4,"date":"2013-11-15T15:18:49","date_gmt":"2013-11-15T15:18:49","guid":{"rendered":"https:\/\/blogs.ua.es\/alfazdelpi1\/?page_id=4"},"modified":"2014-01-13T18:56:23","modified_gmt":"2014-01-13T18:56:23","slug":"presentacion","status":"publish","type":"page","link":"https:\/\/blogs.ua.es\/alfazdelpi1\/presentacion\/","title":{"rendered":"Presentaci\u00f3n"},"content":{"rendered":"<p>Somos los alumnos Carlos Carretero de primer a\u00f1o de Geograf\u00eda y Carlos Mart\u00ednez Grimeh, de primer a\u00f1o de Humanidades y estamos cursando la asignatura de Fuentes y Documentos para la Historia. En este blog publicaremos informaci\u00f3n acerca del municipio de Alfaz del Pi y de su adjunta zona conocida como El Albir, ya que forman los n\u00facleos de poblaci\u00f3n de la localidad. Se ir\u00e1n recogiendo fotos de carteles, comercios, instituciones y otros apartados para informarles de lo acontecido en dichos lugares. Esperemos agradarles, este blog no esta realizado con un fin lucrativo, ni se busca incomodar o molestar a los comercios del lugar, en caso de que ocurriera algo as\u00ed, nos ver\u00edamos en la obligaci\u00f3n de rectificarlo inmediatamente, Esperemos les agrade.<\/p>\n<p>Un Saludo<\/p>\n<p>&nbsp;<\/p>\n","protected":false},"excerpt":{"rendered":"<p>Somos los alumnos Carlos Carretero de primer a\u00f1o de Geograf\u00eda y Carlos Mart\u00ednez Grimeh, de primer a\u00f1o de Humanidades y estamos cursando la asignatura de Fuentes y Documentos para la Historia. En este blog publicaremos informaci\u00f3n acerca del municipio de Alfaz del Pi y de su adjunta zona conocida como El Albir, ya que forman [&hellip;]<\/p>\n","protected":false},"author":3345,"featured_media":0,"parent":0,"menu_order":0,"comment_status":"open","ping_status":"open","template":"","meta":{"footnotes":""},"class_list":["post-4","page","type-page","status-publish","hentry"],"_links":{"self":[{"href":"https:\/\/blogs.ua.es\/alfazdelpi1\/wp-json\/wp\/v2\/pages\/4","targetHints":{"allow":["GET"]}}],"collection":[{"href":"https:\/\/blogs.ua.es\/alfazdelpi1\/wp-json\/wp\/v2\/pages"}],"about":[{"href":"https:\/\/blogs.ua.es\/alfazdelpi1\/wp-json\/wp\/v2\/types\/page"}],"author":[{"embeddable":true,"href":"https:\/\/blogs.ua.es\/alfazdelpi1\/wp-json\/wp\/v2\/users\/3345"}],"replies":[{"embeddable":true,"href":"https:\/\/blogs.ua.es\/alfazdelpi1\/wp-json\/wp\/v2\/comments?post=4"}],"version-history":[{"count":7,"href":"https:\/\/blogs.ua.es\/alfazdelpi1\/wp-json\/wp\/v2\/pages\/4\/revisions"}],"predecessor-version":[{"id":133,"href":"https:\/\/blogs.ua.es\/alfazdelpi1\/wp-json\/wp\/v2\/pages\/4\/revisions\/133"}],"wp:attachment":[{"href":"https:\/\/blogs.ua.es\/alfazdelpi1\/wp-json\/wp\/v2\/media?parent=4"}],"curies":[{"name":"wp","href":"https:\/\/api.w.org\/{rel}","templated":true}]}}