{"id":6,"date":"2013-11-15T15:19:30","date_gmt":"2013-11-15T15:19:30","guid":{"rendered":"https:\/\/blogs.ua.es\/alfazdelpi1\/?page_id=6"},"modified":"2014-01-13T23:08:22","modified_gmt":"2014-01-13T23:08:22","slug":"explicacion","status":"publish","type":"page","link":"https:\/\/blogs.ua.es\/alfazdelpi1\/explicacion\/","title":{"rendered":"Explicaci\u00f3n"},"content":{"rendered":"<p>En este blog abarcaremos varios y diversos temas ya que Alfaz del Pi da lugar a diversos campos de informaci\u00f3n. Adem\u00e1s, intentaremos mostrar dicha informaci\u00f3n desde un punto de vista formal sin intentar perder en ning\u00fan momento el toque de humor que nos caracteriza.<\/p>\n<p>Esperamos que lo disfrut\u00e9is.<\/p>\n","protected":false},"excerpt":{"rendered":"<p>En este blog abarcaremos varios y diversos temas ya que Alfaz del Pi da lugar a diversos campos de informaci\u00f3n. Adem\u00e1s, intentaremos mostrar dicha informaci\u00f3n desde un punto de vista formal sin intentar perder en ning\u00fan momento el toque de humor que nos caracteriza. Esperamos que lo disfrut\u00e9is.<\/p>\n","protected":false},"author":3345,"featured_media":0,"parent":0,"menu_order":1,"comment_status":"open","ping_status":"open","template":"","meta":{"footnotes":""},"class_list":["post-6","page","type-page","status-publish","hentry"],"_links":{"self":[{"href":"https:\/\/blogs.ua.es\/alfazdelpi1\/wp-json\/wp\/v2\/pages\/6","targetHints":{"allow":["GET"]}}],"collection":[{"href":"https:\/\/blogs.ua.es\/alfazdelpi1\/wp-json\/wp\/v2\/pages"}],"about":[{"href":"https:\/\/blogs.ua.es\/alfazdelpi1\/wp-json\/wp\/v2\/types\/page"}],"author":[{"embeddable":true,"href":"https:\/\/blogs.ua.es\/alfazdelpi1\/wp-json\/wp\/v2\/users\/3345"}],"replies":[{"embeddable":true,"href":"https:\/\/blogs.ua.es\/alfazdelpi1\/wp-json\/wp\/v2\/comments?post=6"}],"version-history":[{"count":4,"href":"https:\/\/blogs.ua.es\/alfazdelpi1\/wp-json\/wp\/v2\/pages\/6\/revisions"}],"predecessor-version":[{"id":190,"href":"https:\/\/blogs.ua.es\/alfazdelpi1\/wp-json\/wp\/v2\/pages\/6\/revisions\/190"}],"wp:attachment":[{"href":"https:\/\/blogs.ua.es\/alfazdelpi1\/wp-json\/wp\/v2\/media?parent=6"}],"curies":[{"name":"wp","href":"https:\/\/api.w.org\/{rel}","templated":true}]}}