{"id":11,"date":"2013-01-23T12:17:11","date_gmt":"2013-01-23T12:17:11","guid":{"rendered":"https:\/\/blogs.ua.es\/alfredojavaloyes\/?page_id=11"},"modified":"2013-01-28T19:49:28","modified_gmt":"2013-01-28T19:49:28","slug":"metodologia","status":"publish","type":"page","link":"https:\/\/blogs.ua.es\/alfredojavaloyes\/metodologia\/","title":{"rendered":"Metodolog\u00eda"},"content":{"rendered":"<p>A continuaci\u00f3n expondremos la metodolog\u00eda de trabajo que hemos seguido para la realizaci\u00f3n de este blog que ha sido un trabajo arduo e interesante.<\/p>\n<p>En primer lugar una vez dilucidado el personaje sobre el que se desarrollar\u00eda este blog Alfredo Javaloyes, procedimos a la b\u00fasqueda y lectura de su biograf\u00eda, buscando las diferentes ciudades y pueblos donde estuvo presente y desempe\u00f1\u00f3 su labor como m\u00fasico y compositor, una vez delimitados estos lugares comenzamos a consultar los archivos, que en este caso son Sevilla, Cartagena y Elche, a continuaci\u00f3n iniciamos la consulta y a extraer la mayor cantidad de informaci\u00f3n posible para la realizaci\u00f3n del blog, en especial cabe rese\u00f1ar la molestia que le causamos a la archivera municipal, Carmen Verd\u00fa, a la que le agradecemos mucho su ayuda y el tiempo perdido con nosotros. Tambi\u00e9n una fuente importante fueron algunos documentos que en la banda de m\u00fasica actual se conservaban.<\/p>\n<p>Una vez recopilada toda la informaci\u00f3n necesaria procedimos al an\u00e1lisis de estos relacion\u00e1ndolos con la biograf\u00eda y rese\u00f1ando la importancia que dicho documento tuvo para \u00e9l.<\/p>\n<p>La obtenci\u00f3n de documentos gr\u00e1ficos fue una labor priorit\u00e1ria pues nos interesaba sobre todo el dar un soporte gr\u00e1fico a la informaci\u00f3n facilitada sobre todo por la gran cantidad de documentos manuscritos que pudimos encontrar.<\/p>\n<p>En definitiva la\u00a0b\u00fasqueda\u00a0de informaci\u00f3n nos ha servido para profundizar m\u00e1s en la vida de este gran compositor y m\u00fasico ilicitano, y las importantes huellas que este fue dejando en los municipios en lo que habit\u00f3 y que guardaran de el un buen recuerdo y para\u00a0que\u00a0este no se pierda siempre estaremos nosotros.<\/p>\n","protected":false},"excerpt":{"rendered":"<p>A continuaci\u00f3n expondremos la metodolog\u00eda de trabajo que hemos seguido para la realizaci\u00f3n de este blog que ha sido un trabajo arduo e interesante. En primer lugar una vez dilucidado el personaje sobre el que se desarrollar\u00eda este blog Alfredo &hellip; <a href=\"https:\/\/blogs.ua.es\/alfredojavaloyes\/metodologia\/\">Continue reading <span class=\"meta-nav\">&rarr;<\/span><\/a><\/p>\n","protected":false},"author":2793,"featured_media":0,"parent":0,"menu_order":0,"comment_status":"open","ping_status":"open","template":"","meta":{"footnotes":""},"class_list":["post-11","page","type-page","status-publish","hentry"],"_links":{"self":[{"href":"https:\/\/blogs.ua.es\/alfredojavaloyes\/wp-json\/wp\/v2\/pages\/11","targetHints":{"allow":["GET"]}}],"collection":[{"href":"https:\/\/blogs.ua.es\/alfredojavaloyes\/wp-json\/wp\/v2\/pages"}],"about":[{"href":"https:\/\/blogs.ua.es\/alfredojavaloyes\/wp-json\/wp\/v2\/types\/page"}],"author":[{"embeddable":true,"href":"https:\/\/blogs.ua.es\/alfredojavaloyes\/wp-json\/wp\/v2\/users\/2793"}],"replies":[{"embeddable":true,"href":"https:\/\/blogs.ua.es\/alfredojavaloyes\/wp-json\/wp\/v2\/comments?post=11"}],"version-history":[{"count":5,"href":"https:\/\/blogs.ua.es\/alfredojavaloyes\/wp-json\/wp\/v2\/pages\/11\/revisions"}],"predecessor-version":[{"id":93,"href":"https:\/\/blogs.ua.es\/alfredojavaloyes\/wp-json\/wp\/v2\/pages\/11\/revisions\/93"}],"wp:attachment":[{"href":"https:\/\/blogs.ua.es\/alfredojavaloyes\/wp-json\/wp\/v2\/media?parent=11"}],"curies":[{"name":"wp","href":"https:\/\/api.w.org\/{rel}","templated":true}]}}