{"id":13,"date":"2013-01-23T12:17:24","date_gmt":"2013-01-23T12:17:24","guid":{"rendered":"https:\/\/blogs.ua.es\/alfredojavaloyes\/?page_id=13"},"modified":"2013-01-23T12:47:09","modified_gmt":"2013-01-23T12:47:09","slug":"presentacion-del-blog","status":"publish","type":"page","link":"https:\/\/blogs.ua.es\/alfredojavaloyes\/presentacion-del-blog\/","title":{"rendered":"Presentaci\u00f3n del blog"},"content":{"rendered":"<p>Hola, Somos Francisco Jos\u00e9 Domene Puche y Pedro Ram\u00f3n Baraza, estudiantes del grado en Historia en Universidad de Alicante y autores del presente blog sobre el ilustre personaje Alfredo Javaloyes L\u00f3pez.<\/p>\n","protected":false},"excerpt":{"rendered":"<p>Hola, Somos Francisco Jos\u00e9 Domene Puche y Pedro Ram\u00f3n Baraza, estudiantes del grado en Historia en Universidad de Alicante y autores del presente blog sobre el ilustre personaje Alfredo Javaloyes L\u00f3pez.<\/p>\n","protected":false},"author":2793,"featured_media":0,"parent":0,"menu_order":0,"comment_status":"open","ping_status":"open","template":"","meta":{"footnotes":""},"class_list":["post-13","page","type-page","status-publish","hentry"],"_links":{"self":[{"href":"https:\/\/blogs.ua.es\/alfredojavaloyes\/wp-json\/wp\/v2\/pages\/13","targetHints":{"allow":["GET"]}}],"collection":[{"href":"https:\/\/blogs.ua.es\/alfredojavaloyes\/wp-json\/wp\/v2\/pages"}],"about":[{"href":"https:\/\/blogs.ua.es\/alfredojavaloyes\/wp-json\/wp\/v2\/types\/page"}],"author":[{"embeddable":true,"href":"https:\/\/blogs.ua.es\/alfredojavaloyes\/wp-json\/wp\/v2\/users\/2793"}],"replies":[{"embeddable":true,"href":"https:\/\/blogs.ua.es\/alfredojavaloyes\/wp-json\/wp\/v2\/comments?post=13"}],"version-history":[{"count":3,"href":"https:\/\/blogs.ua.es\/alfredojavaloyes\/wp-json\/wp\/v2\/pages\/13\/revisions"}],"predecessor-version":[{"id":20,"href":"https:\/\/blogs.ua.es\/alfredojavaloyes\/wp-json\/wp\/v2\/pages\/13\/revisions\/20"}],"wp:attachment":[{"href":"https:\/\/blogs.ua.es\/alfredojavaloyes\/wp-json\/wp\/v2\/media?parent=13"}],"curies":[{"name":"wp","href":"https:\/\/api.w.org\/{rel}","templated":true}]}}