{"id":2,"date":"2013-01-23T11:51:18","date_gmt":"2013-01-23T11:51:18","guid":{"rendered":"https:\/\/blogs.ua.es\/alfredojavaloyes\/?page_id=2"},"modified":"2013-01-23T12:39:50","modified_gmt":"2013-01-23T12:39:50","slug":"pagina-ejemplo","status":"publish","type":"page","link":"https:\/\/blogs.ua.es\/alfredojavaloyes\/pagina-ejemplo\/","title":{"rendered":"Biografia"},"content":{"rendered":"<p>&nbsp;<\/p>\n<p>Alfredo Javaloyes L\u00f3pez nace el 22 de Marzo de 1865 en la ciudad de Elche(Alicante) en la calle que hoy d\u00eda lleva su nombre.<\/p>\n<p><a href=\"https:\/\/blogs.ua.es\/alfredojavaloyes\/files\/2013\/01\/javaloyes1.jpg\"><img loading=\"lazy\" decoding=\"async\" class=\"alignleft size-medium wp-image-18\" src=\"https:\/\/blogs.ua.es\/alfredojavaloyes\/files\/2013\/01\/javaloyes1-288x300.jpg\" alt=\"\" width=\"288\" height=\"300\" srcset=\"https:\/\/blogs.ua.es\/alfredojavaloyes\/files\/2013\/01\/javaloyes1-288x300.jpg 288w, https:\/\/blogs.ua.es\/alfredojavaloyes\/files\/2013\/01\/javaloyes1.jpg 480w\" sizes=\"auto, (max-width: 288px) 100vw, 288px\" \/><\/a><\/p>\n<p>A la edad de 15 a\u00f1os viaja a Barcelona a estudiar m\u00fasica, pero sus padres no est\u00e1n de acuerdo ya que \u00e9stos quer\u00edan que opositara a Tel\u00e9grafos. All\u00ed en Barcelona, fue violinista hasta que un d\u00eda un accidente de tranv\u00eda le dejara la mano izquierda in\u00fatil. Javaloyes cuenta con el apoyo de su maestro Felipe Pendrell y vuelva a Elche para preparar las oposiciones para director de m\u00fasicas militares. All\u00ed dirige la banda de m\u00fasica La Escala siendo el adaptador de la m\u00fasica del conocido &#8220;Misteri&#8221;.<\/p>\n<p>En 1897 consigue ganar las oposiciones y se incorpora como Director de la M\u00fasica del Regimiento Sevilla 33 en Cartagena. En 1918 fue destinado al Batall\u00f3n de Cazadores de Barbastro n\u00ba4 en Tetu\u00e1n.<\/p>\n<p>Una vez retirado en 1928 vuelve a Elche como Director de la Banda Municipal. Falleciendo el 18 de Febrero de 1944 en su ciudad natal.<\/p>\n<p>Entre las muchos piezas que compuso, se encuentran varias marchas procesionales, el &#8220;Himno a Elche&#8221;, &#8220;La Perla&#8221; y el conocido pasodoble &#8220;El Abanico&#8221;, compuesto en 1898, y que obtuvo gran popularidad, tanta que el Regimiento de la Guardia Real de Granaderos de Londres la convirti\u00f3 en Himno propio.<\/p>\n<p>&nbsp;<\/p>\n<p>&nbsp;<\/p>\n","protected":false},"excerpt":{"rendered":"<p>&nbsp; Alfredo Javaloyes L\u00f3pez nace el 22 de Marzo de 1865 en la ciudad de Elche(Alicante) en la calle que hoy d\u00eda lleva su nombre. A la edad de 15 a\u00f1os viaja a Barcelona a estudiar m\u00fasica, pero sus padres &hellip; <a href=\"https:\/\/blogs.ua.es\/alfredojavaloyes\/pagina-ejemplo\/\">Continue reading <span class=\"meta-nav\">&rarr;<\/span><\/a><\/p>\n","protected":false},"author":936,"featured_media":0,"parent":0,"menu_order":0,"comment_status":"open","ping_status":"open","template":"","meta":{"footnotes":""},"class_list":["post-2","page","type-page","status-publish","hentry"],"_links":{"self":[{"href":"https:\/\/blogs.ua.es\/alfredojavaloyes\/wp-json\/wp\/v2\/pages\/2","targetHints":{"allow":["GET"]}}],"collection":[{"href":"https:\/\/blogs.ua.es\/alfredojavaloyes\/wp-json\/wp\/v2\/pages"}],"about":[{"href":"https:\/\/blogs.ua.es\/alfredojavaloyes\/wp-json\/wp\/v2\/types\/page"}],"author":[{"embeddable":true,"href":"https:\/\/blogs.ua.es\/alfredojavaloyes\/wp-json\/wp\/v2\/users\/936"}],"replies":[{"embeddable":true,"href":"https:\/\/blogs.ua.es\/alfredojavaloyes\/wp-json\/wp\/v2\/comments?post=2"}],"version-history":[{"count":4,"href":"https:\/\/blogs.ua.es\/alfredojavaloyes\/wp-json\/wp\/v2\/pages\/2\/revisions"}],"predecessor-version":[{"id":17,"href":"https:\/\/blogs.ua.es\/alfredojavaloyes\/wp-json\/wp\/v2\/pages\/2\/revisions\/17"}],"wp:attachment":[{"href":"https:\/\/blogs.ua.es\/alfredojavaloyes\/wp-json\/wp\/v2\/media?parent=2"}],"curies":[{"name":"wp","href":"https:\/\/api.w.org\/{rel}","templated":true}]}}