{"id":4,"date":"2013-11-15T15:17:27","date_gmt":"2013-11-15T15:17:27","guid":{"rendered":"https:\/\/blogs.ua.es\/alicante1\/?page_id=4"},"modified":"2013-12-06T20:46:18","modified_gmt":"2013-12-06T20:46:18","slug":"presentacion","status":"publish","type":"page","link":"https:\/\/blogs.ua.es\/alicante1\/presentacion\/","title":{"rendered":"Presentaci\u00f3n"},"content":{"rendered":"<p>Somos Candela S\u00e1enz, Jes\u00fas Pizarroso, Vanesa Escribano y Leyre Iguarbe, estudiantes de 1\u00ba grado en Historia y Humanidades. Vamos a construir este blog dentro del programa de la asignatura Fuentes y documentos para la historia.<\/p>\n","protected":false},"excerpt":{"rendered":"<p>Somos Candela S\u00e1enz, Jes\u00fas Pizarroso, Vanesa Escribano y Leyre Iguarbe, estudiantes de 1\u00ba grado en Historia y Humanidades. Vamos a construir este blog dentro del programa de la asignatura Fuentes y documentos para la historia.<\/p>\n","protected":false},"author":3337,"featured_media":0,"parent":0,"menu_order":0,"comment_status":"open","ping_status":"open","template":"","meta":{"footnotes":""},"class_list":["post-4","page","type-page","status-publish","hentry"],"_links":{"self":[{"href":"https:\/\/blogs.ua.es\/alicante1\/wp-json\/wp\/v2\/pages\/4","targetHints":{"allow":["GET"]}}],"collection":[{"href":"https:\/\/blogs.ua.es\/alicante1\/wp-json\/wp\/v2\/pages"}],"about":[{"href":"https:\/\/blogs.ua.es\/alicante1\/wp-json\/wp\/v2\/types\/page"}],"author":[{"embeddable":true,"href":"https:\/\/blogs.ua.es\/alicante1\/wp-json\/wp\/v2\/users\/3337"}],"replies":[{"embeddable":true,"href":"https:\/\/blogs.ua.es\/alicante1\/wp-json\/wp\/v2\/comments?post=4"}],"version-history":[{"count":5,"href":"https:\/\/blogs.ua.es\/alicante1\/wp-json\/wp\/v2\/pages\/4\/revisions"}],"predecessor-version":[{"id":90,"href":"https:\/\/blogs.ua.es\/alicante1\/wp-json\/wp\/v2\/pages\/4\/revisions\/90"}],"wp:attachment":[{"href":"https:\/\/blogs.ua.es\/alicante1\/wp-json\/wp\/v2\/media?parent=4"}],"curies":[{"name":"wp","href":"https:\/\/api.w.org\/{rel}","templated":true}]}}