{"id":10,"date":"2013-11-15T09:24:56","date_gmt":"2013-11-15T09:24:56","guid":{"rendered":"https:\/\/blogs.ua.es\/alicante2\/?page_id=10"},"modified":"2014-01-13T21:30:09","modified_gmt":"2014-01-13T21:30:09","slug":"explicacion","status":"publish","type":"page","link":"https:\/\/blogs.ua.es\/alicante2\/explicacion\/","title":{"rendered":"Explicaci\u00f3n"},"content":{"rendered":"<p>Los integrantes de este blog: <strong>Daniel \u00c1lvarez Santamar\u00eda, Sergi Berrios Castell\u00f3, Ivan Cuadrado Sevila, Nacho Castellano Zamora y Alejandro Buil Guiraldo, <\/strong>pretendemos mostrar las diferentes escrituras expuestas que se pueden localizar en los distintos recintos religiosos. Hemos tratado de recopilar una serie de escrituras expuestas de las diferentes religiones que podemos encontrar en la ciudad de Alicante.<\/p>\n<p>El tema a tratar en este blog son \u00a8<strong>Placas e inscripciones en recintos religiosos<\/strong>\u00a8. Por ello, ponemos a vuestra disposici\u00f3n im\u00e1genes de las diferentes escrituras expuestas. Cada uno de los integrantes ha realizado fotos de zonas de Alicante que le han sido asignadas de manera previa a la realizaci\u00f3n de este blog. Despu\u00e9s de la realizaci\u00f3n de las fotograf\u00edas, cada uno ha cumplimentado la imagen con informaci\u00f3 para que pueda ayudar al lector a comprender ( si hay problemas con respecto a la calidad de la imagen que impide comprender el texto expuesto) y ampliar su conocimiento sobre que tratan esas escrituras expuestas. Entre ellas\u00a0 podemos encontrar\u00a0 diferencias seg\u00fan su posici\u00f3n (suelo, paredes, puertas&#8230;) o seg\u00fan su formato (Papel, placas, losas&#8230;).<\/p>\n<p>Por \u00faltimo, queremos recalcar que hemos realizado este blog con la inteci\u00f3n de atraer a todas aquellas personas que est\u00e9n interesadas o que les pueda interesar este tipo de escritura de car\u00e1cter religioso y as\u00ed aumentar su informaci\u00f3n sobre las distintas religiones.<\/p>\n","protected":false},"excerpt":{"rendered":"<p>Los integrantes de este blog: Daniel \u00c1lvarez Santamar\u00eda, Sergi Berrios Castell\u00f3, Ivan Cuadrado Sevila, Nacho Castellano Zamora y Alejandro Buil Guiraldo, pretendemos mostrar las diferentes escrituras expuestas que se pueden localizar en los distintos recintos religiosos. Hemos tratado de recopilar una serie de escrituras expuestas de las diferentes religiones que podemos encontrar en la ciudad [&hellip;]<\/p>\n","protected":false},"author":3268,"featured_media":0,"parent":0,"menu_order":1,"comment_status":"open","ping_status":"open","template":"","meta":{"footnotes":""},"class_list":["post-10","page","type-page","status-publish","hentry"],"_links":{"self":[{"href":"https:\/\/blogs.ua.es\/alicante2\/wp-json\/wp\/v2\/pages\/10","targetHints":{"allow":["GET"]}}],"collection":[{"href":"https:\/\/blogs.ua.es\/alicante2\/wp-json\/wp\/v2\/pages"}],"about":[{"href":"https:\/\/blogs.ua.es\/alicante2\/wp-json\/wp\/v2\/types\/page"}],"author":[{"embeddable":true,"href":"https:\/\/blogs.ua.es\/alicante2\/wp-json\/wp\/v2\/users\/3268"}],"replies":[{"embeddable":true,"href":"https:\/\/blogs.ua.es\/alicante2\/wp-json\/wp\/v2\/comments?post=10"}],"version-history":[{"count":4,"href":"https:\/\/blogs.ua.es\/alicante2\/wp-json\/wp\/v2\/pages\/10\/revisions"}],"predecessor-version":[{"id":574,"href":"https:\/\/blogs.ua.es\/alicante2\/wp-json\/wp\/v2\/pages\/10\/revisions\/574"}],"wp:attachment":[{"href":"https:\/\/blogs.ua.es\/alicante2\/wp-json\/wp\/v2\/media?parent=10"}],"curies":[{"name":"wp","href":"https:\/\/api.w.org\/{rel}","templated":true}]}}