{"id":12,"date":"2013-11-15T09:25:19","date_gmt":"2013-11-15T09:25:19","guid":{"rendered":"https:\/\/blogs.ua.es\/alicante2\/?page_id=12"},"modified":"2014-01-13T21:14:46","modified_gmt":"2014-01-13T21:14:46","slug":"valoracion","status":"publish","type":"page","link":"https:\/\/blogs.ua.es\/alicante2\/valoracion\/","title":{"rendered":"Valoraci\u00f3n"},"content":{"rendered":"<p>La realizaci\u00f3n de este blog nos ha ayudado a todos los integrantes de este grupo a darnos cuenta de los diferentes significados que tienen las placas situadas en espacios religiosos. Ha sido un trabajo bastante interesante, pero tambi\u00e9n ten\u00eda su complicaci\u00f3n, hab\u00eda que buscar por distintas partes de la ciudad de Alicante los edificios religiosos y m\u00e1s adelante investigar sobre ellos para completar el trabajo.<\/p>\n<p>Los participantes de este blog nos hemos recorrido la ciudad en busca de este tipo de escrituras y esto nos ha llevado a entrar en muchos tipos de lugares religiosos.<\/p>\n<p>A pesar de todo esto, la conclusi\u00f3n de este trabajo es que ha sido muy \u00fatil, interesante y adem\u00e1s nos ha aportado unos conocimientos que no sabiamos de nuestra propia ciudad y nos ha ayudado a conocerla mucho mejor.<\/p>\n","protected":false},"excerpt":{"rendered":"<p>La realizaci\u00f3n de este blog nos ha ayudado a todos los integrantes de este grupo a darnos cuenta de los diferentes significados que tienen las placas situadas en espacios religiosos. Ha sido un trabajo bastante interesante, pero tambi\u00e9n ten\u00eda su complicaci\u00f3n, hab\u00eda que buscar por distintas partes de la ciudad de Alicante los edificios religiosos [&hellip;]<\/p>\n","protected":false},"author":3268,"featured_media":0,"parent":0,"menu_order":2,"comment_status":"open","ping_status":"open","template":"","meta":{"footnotes":""},"class_list":["post-12","page","type-page","status-publish","hentry"],"_links":{"self":[{"href":"https:\/\/blogs.ua.es\/alicante2\/wp-json\/wp\/v2\/pages\/12","targetHints":{"allow":["GET"]}}],"collection":[{"href":"https:\/\/blogs.ua.es\/alicante2\/wp-json\/wp\/v2\/pages"}],"about":[{"href":"https:\/\/blogs.ua.es\/alicante2\/wp-json\/wp\/v2\/types\/page"}],"author":[{"embeddable":true,"href":"https:\/\/blogs.ua.es\/alicante2\/wp-json\/wp\/v2\/users\/3268"}],"replies":[{"embeddable":true,"href":"https:\/\/blogs.ua.es\/alicante2\/wp-json\/wp\/v2\/comments?post=12"}],"version-history":[{"count":4,"href":"https:\/\/blogs.ua.es\/alicante2\/wp-json\/wp\/v2\/pages\/12\/revisions"}],"predecessor-version":[{"id":572,"href":"https:\/\/blogs.ua.es\/alicante2\/wp-json\/wp\/v2\/pages\/12\/revisions\/572"}],"wp:attachment":[{"href":"https:\/\/blogs.ua.es\/alicante2\/wp-json\/wp\/v2\/media?parent=12"}],"curies":[{"name":"wp","href":"https:\/\/api.w.org\/{rel}","templated":true}]}}