{"id":9,"date":"2013-11-15T15:18:44","date_gmt":"2013-11-15T15:18:44","guid":{"rendered":"https:\/\/blogs.ua.es\/alicante3\/?page_id=9"},"modified":"2013-12-15T15:11:17","modified_gmt":"2013-12-15T15:11:17","slug":"explicacion","status":"publish","type":"page","link":"https:\/\/blogs.ua.es\/alicante3\/explicacion\/","title":{"rendered":"Explicaci\u00f3n"},"content":{"rendered":"<p>Somos el grupo Alicante 3. Nuestro trabajo consiste en confeccionar un blog que recoja las diferentes escrituras expuestas del Cementerio de Alicante, en la medida de lo posible, por supuesto, en que nos podamos extender. En este blog ser\u00e1n testigos de todo tipo de epitafios, im\u00e1genes y, en definitiva, escrituras que se hallen en las tumbas, los nichos, las paredes o las placas del cementerio. Por \u00faltimo, debemos comunicarles que encontrar\u00e1n fotograf\u00edas que muestran aspectos que van desde lo ilustre a lo po\u00e9tico, de lo macabro a lo enternecedor.<\/p>\n<p>Esperamos que disfruten del blog.<\/p>\n<p>Un saludo.<\/p>\n","protected":false},"excerpt":{"rendered":"<p>Somos el grupo Alicante 3. Nuestro trabajo consiste en confeccionar un blog que recoja las diferentes escrituras expuestas del Cementerio de Alicante, en la medida de lo posible, por supuesto, en que nos podamos extender. En este blog ser\u00e1n testigos de todo tipo de epitafios, im\u00e1genes y, en definitiva, escrituras que se hallen en las [&hellip;]<\/p>\n","protected":false},"author":3334,"featured_media":0,"parent":0,"menu_order":1,"comment_status":"open","ping_status":"open","template":"","meta":{"footnotes":""},"class_list":["post-9","page","type-page","status-publish","hentry"],"_links":{"self":[{"href":"https:\/\/blogs.ua.es\/alicante3\/wp-json\/wp\/v2\/pages\/9","targetHints":{"allow":["GET"]}}],"collection":[{"href":"https:\/\/blogs.ua.es\/alicante3\/wp-json\/wp\/v2\/pages"}],"about":[{"href":"https:\/\/blogs.ua.es\/alicante3\/wp-json\/wp\/v2\/types\/page"}],"author":[{"embeddable":true,"href":"https:\/\/blogs.ua.es\/alicante3\/wp-json\/wp\/v2\/users\/3334"}],"replies":[{"embeddable":true,"href":"https:\/\/blogs.ua.es\/alicante3\/wp-json\/wp\/v2\/comments?post=9"}],"version-history":[{"count":6,"href":"https:\/\/blogs.ua.es\/alicante3\/wp-json\/wp\/v2\/pages\/9\/revisions"}],"predecessor-version":[{"id":325,"href":"https:\/\/blogs.ua.es\/alicante3\/wp-json\/wp\/v2\/pages\/9\/revisions\/325"}],"wp:attachment":[{"href":"https:\/\/blogs.ua.es\/alicante3\/wp-json\/wp\/v2\/media?parent=9"}],"curies":[{"name":"wp","href":"https:\/\/api.w.org\/{rel}","templated":true}]}}