{"id":10,"date":"2013-11-15T09:24:55","date_gmt":"2013-11-15T09:24:55","guid":{"rendered":"https:\/\/blogs.ua.es\/alicante4\/?page_id=10"},"modified":"2013-12-24T15:48:48","modified_gmt":"2013-12-24T14:48:48","slug":"explicacion","status":"publish","type":"page","link":"https:\/\/blogs.ua.es\/alicante4\/explicacion\/","title":{"rendered":"Explicaci\u00f3n"},"content":{"rendered":"<p>Nuestro proyecto se centra en las inscripciones y placas oficiales que el Ayuntamiento de Alicante tiene repartidas por toda la ciudad. Esta categor\u00eda abarca los anuncios oficiales (propaganda), las placas oficiales informativas, los anuncios de actos, la informaci\u00f3n general, los acontecimientos culturales o hist\u00f3ricos, el uso de edificios, los sucesos pol\u00edticos, las placas o carteles del ayuntamiento (rutas culturales, indicadores de direcci\u00f3n, avisos de entrada y salida a zonas hist\u00f3ricas) y tambi\u00e9n las placas con el nombre de las calles.<\/p>\n<p>Como se puede observar nuestra tem\u00e1tica abarca una gran amplitud de posibilidades a fotografiar y comentar. Con este blog se intentar\u00e1 dar a conocer un poco m\u00e1s la ciudad de Alicante mediante sus inscripciones.<\/p>\n","protected":false},"excerpt":{"rendered":"<p>Nuestro proyecto se centra en las inscripciones y placas oficiales que el Ayuntamiento de Alicante tiene repartidas por toda la ciudad. Esta categor\u00eda abarca los anuncios oficiales (propaganda), las placas oficiales informativas, los anuncios de actos, la informaci\u00f3n general, los &hellip; <a href=\"https:\/\/blogs.ua.es\/alicante4\/explicacion\/\">Continue reading <span class=\"meta-nav\">&rarr;<\/span><\/a><\/p>\n","protected":false},"author":3241,"featured_media":0,"parent":0,"menu_order":1,"comment_status":"open","ping_status":"open","template":"","meta":{"footnotes":""},"class_list":["post-10","page","type-page","status-publish","hentry"],"_links":{"self":[{"href":"https:\/\/blogs.ua.es\/alicante4\/wp-json\/wp\/v2\/pages\/10","targetHints":{"allow":["GET"]}}],"collection":[{"href":"https:\/\/blogs.ua.es\/alicante4\/wp-json\/wp\/v2\/pages"}],"about":[{"href":"https:\/\/blogs.ua.es\/alicante4\/wp-json\/wp\/v2\/types\/page"}],"author":[{"embeddable":true,"href":"https:\/\/blogs.ua.es\/alicante4\/wp-json\/wp\/v2\/users\/3241"}],"replies":[{"embeddable":true,"href":"https:\/\/blogs.ua.es\/alicante4\/wp-json\/wp\/v2\/comments?post=10"}],"version-history":[{"count":6,"href":"https:\/\/blogs.ua.es\/alicante4\/wp-json\/wp\/v2\/pages\/10\/revisions"}],"predecessor-version":[{"id":159,"href":"https:\/\/blogs.ua.es\/alicante4\/wp-json\/wp\/v2\/pages\/10\/revisions\/159"}],"wp:attachment":[{"href":"https:\/\/blogs.ua.es\/alicante4\/wp-json\/wp\/v2\/media?parent=10"}],"curies":[{"name":"wp","href":"https:\/\/api.w.org\/{rel}","templated":true}]}}