{"id":12,"date":"2013-11-15T09:24:57","date_gmt":"2013-11-15T09:24:57","guid":{"rendered":"https:\/\/blogs.ua.es\/alicante5\/?page_id=12"},"modified":"2014-01-13T10:38:23","modified_gmt":"2014-01-13T10:38:23","slug":"explicacion","status":"publish","type":"page","link":"https:\/\/blogs.ua.es\/alicante5\/explicacion\/","title":{"rendered":"Explicaci\u00f3n"},"content":{"rendered":"<p>Llamamos escrituras expuesta a cualquier tipo de escritura concebida para ser usada tanto en espacios abiertos como cerrados con el fin de permitir una lectura plural y a distancia de un texto escrito sobre una superficie expuesta.<\/p>\n<p>Ha sido una herramienta muy utilizada desde la Antig\u00fcedad, que actualmente cuenta con muchas categor\u00edas. Nuestro grupo va a ocuparse de una de ellas: los\u00a0<strong>graffitis textuales.<\/strong><\/p>\n<p>Los graffitis textuales han significado un importante medio de expresi\u00f3n para la humanidad desde tiempos antiguos, ya en Roma la publicaci\u00f3n de textos en las paredes era algo habitual, incluso en la Edad Media son utilizados como cr\u00edtica al poder y otras manifestaciones populares, aunque siempre de car\u00e1cter ef\u00edmero y escasa conservaci\u00f3n, contestados con pintadas de car\u00e1cter cristiano.<\/p>\n<p><a href=\"https:\/\/blogs.ua.es\/alicante5\/files\/2013\/11\/graffiti1_w261h300.jpg\"><img loading=\"lazy\" decoding=\"async\" class=\"size-full wp-image-250 aligncenter\" alt=\"graffiti[1]_w=261&amp;h=300\" src=\"https:\/\/blogs.ua.es\/alicante5\/files\/2013\/11\/graffiti1_w261h300.jpg\" width=\"150\" height=\"300\" \/><\/a><\/p>\n<p>&nbsp;<\/p>\n<p style=\"text-align: center\">Graffiti de \u00e9poca romana.<\/p>\n<p style=\"text-align: left\">Actualmente, se han consolidado como uno de los principales medios de expresi\u00f3n de la sociedad. En ellos encontramos desde cr\u00edticas religiosas o pol\u00edticas, algunas tajantes, otras llenas de ingenio, que critican el poder al que est\u00e1 sometido el pueblo espa\u00f1ol; hasta las m\u00e1s simples declaraciones amorosas y textos po\u00e9ticos.<\/p>\n<p style=\"text-align: left\">Existe toda una gran variedad de ejemplos de esta categor\u00eda de escritura expuesta llenando los muros de nuestras ciudades, planteando opiniones y pensamientos, tanto aquellos que a primera impresi\u00f3n se tachan de vandalismo, como aquellos que te hacen pararte un segunda a mirar, leer, y disfrutar, que embellecen la ciudad.<\/p>\n<p style=\"text-align: left\">Esperamos que disfrut\u00e9is con esta recopilaci\u00f3n de graffitis textuales encontrados por las calles de la ciudad de Alicante, que sin duda merecen la pena ser vistos \u00a0y ponerles atenci\u00f3n, ya que son reflejo de la sociedad alicantina de los \u00faltimos a\u00f1os.<\/p>\n<p style=\"text-align: left\"><a href=\"https:\/\/blogs.ua.es\/alicante5\/files\/2013\/11\/img0311.jpg\"><img loading=\"lazy\" decoding=\"async\" class=\"size-full wp-image-251 aligncenter\" alt=\"img031\" src=\"https:\/\/blogs.ua.es\/alicante5\/files\/2013\/11\/img0311.jpg\" width=\"300\" height=\"150\" \/><\/a><\/p>\n<p style=\"text-align: left\">\n<blockquote>\n<p style=\"text-align: center\">&#8220;Make love, not war.&#8221;<\/p>\n<\/blockquote>\n","protected":false},"excerpt":{"rendered":"<p>Llamamos escrituras expuesta a cualquier tipo de escritura concebida para ser usada tanto en espacios abiertos como cerrados con el fin de permitir una lectura plural y a distancia de un texto escrito sobre una superficie expuesta. Ha sido una herramienta muy utilizada desde la Antig\u00fcedad, que actualmente cuenta con muchas categor\u00edas. Nuestro grupo va [&hellip;]<\/p>\n","protected":false},"author":3280,"featured_media":0,"parent":0,"menu_order":1,"comment_status":"open","ping_status":"open","template":"","meta":{"footnotes":""},"class_list":["post-12","page","type-page","status-publish","hentry"],"_links":{"self":[{"href":"https:\/\/blogs.ua.es\/alicante5\/wp-json\/wp\/v2\/pages\/12","targetHints":{"allow":["GET"]}}],"collection":[{"href":"https:\/\/blogs.ua.es\/alicante5\/wp-json\/wp\/v2\/pages"}],"about":[{"href":"https:\/\/blogs.ua.es\/alicante5\/wp-json\/wp\/v2\/types\/page"}],"author":[{"embeddable":true,"href":"https:\/\/blogs.ua.es\/alicante5\/wp-json\/wp\/v2\/users\/3280"}],"replies":[{"embeddable":true,"href":"https:\/\/blogs.ua.es\/alicante5\/wp-json\/wp\/v2\/comments?post=12"}],"version-history":[{"count":3,"href":"https:\/\/blogs.ua.es\/alicante5\/wp-json\/wp\/v2\/pages\/12\/revisions"}],"predecessor-version":[{"id":252,"href":"https:\/\/blogs.ua.es\/alicante5\/wp-json\/wp\/v2\/pages\/12\/revisions\/252"}],"wp:attachment":[{"href":"https:\/\/blogs.ua.es\/alicante5\/wp-json\/wp\/v2\/media?parent=12"}],"curies":[{"name":"wp","href":"https:\/\/api.w.org\/{rel}","templated":true}]}}