{"id":14,"date":"2013-11-15T09:25:16","date_gmt":"2013-11-15T09:25:16","guid":{"rendered":"https:\/\/blogs.ua.es\/alicante5\/?page_id=14"},"modified":"2014-01-13T21:12:31","modified_gmt":"2014-01-13T21:12:31","slug":"valoracion","status":"publish","type":"page","link":"https:\/\/blogs.ua.es\/alicante5\/valoracion\/","title":{"rendered":"Valoraci\u00f3n"},"content":{"rendered":"<p>Al comienzo de este novedoso \u00a0proyecto, nos preguntamos si ser\u00eda posible realizar la concatenaci\u00f3n de los diversos graffitis textuales que recorren las espl\u00e9ndidas calles de la ciudad de Alicante. Lo cierto es que a pesar de \u00a0los prejuicios que abarcan el significado de los graffitis que m\u00e1s abundan por las calles, simples escritos sin aparentemente significado alguno, permanecen gran variedad de textos que plasman \u00a0 y afloran \u00a0pensamientos y opiniones que trascienden en paredes, asfaltos, muros&#8230;<\/p>\n<p>En definitiva, esta actividad alternativa \u00a0ha supuesto una visi\u00f3n positiva frente al posicionamiento de este tipo de expresi\u00f3n &#8220;callejera&#8221; , que nos ha permitido revalorizar este medio de comunicaci\u00f3n muy com\u00fan de la actual sociedad.<\/p>\n","protected":false},"excerpt":{"rendered":"<p>Al comienzo de este novedoso \u00a0proyecto, nos preguntamos si ser\u00eda posible realizar la concatenaci\u00f3n de los diversos graffitis textuales que recorren las espl\u00e9ndidas calles de la ciudad de Alicante. Lo cierto es que a pesar de \u00a0los prejuicios que abarcan el significado de los graffitis que m\u00e1s abundan por las calles, simples escritos sin aparentemente [&hellip;]<\/p>\n","protected":false},"author":3280,"featured_media":0,"parent":0,"menu_order":2,"comment_status":"open","ping_status":"open","template":"","meta":{"footnotes":""},"class_list":["post-14","page","type-page","status-publish","hentry"],"_links":{"self":[{"href":"https:\/\/blogs.ua.es\/alicante5\/wp-json\/wp\/v2\/pages\/14","targetHints":{"allow":["GET"]}}],"collection":[{"href":"https:\/\/blogs.ua.es\/alicante5\/wp-json\/wp\/v2\/pages"}],"about":[{"href":"https:\/\/blogs.ua.es\/alicante5\/wp-json\/wp\/v2\/types\/page"}],"author":[{"embeddable":true,"href":"https:\/\/blogs.ua.es\/alicante5\/wp-json\/wp\/v2\/users\/3280"}],"replies":[{"embeddable":true,"href":"https:\/\/blogs.ua.es\/alicante5\/wp-json\/wp\/v2\/comments?post=14"}],"version-history":[{"count":3,"href":"https:\/\/blogs.ua.es\/alicante5\/wp-json\/wp\/v2\/pages\/14\/revisions"}],"predecessor-version":[{"id":278,"href":"https:\/\/blogs.ua.es\/alicante5\/wp-json\/wp\/v2\/pages\/14\/revisions\/278"}],"wp:attachment":[{"href":"https:\/\/blogs.ua.es\/alicante5\/wp-json\/wp\/v2\/media?parent=14"}],"curies":[{"name":"wp","href":"https:\/\/api.w.org\/{rel}","templated":true}]}}