{"id":698,"date":"2014-01-14T19:53:29","date_gmt":"2014-01-14T19:53:29","guid":{"rendered":"https:\/\/blogs.ua.es\/alicante6\/?page_id=698"},"modified":"2014-01-14T19:53:29","modified_gmt":"2014-01-14T19:53:29","slug":"valoracion-2","status":"publish","type":"page","link":"https:\/\/blogs.ua.es\/alicante6\/valoracion-2\/","title":{"rendered":"Valoraci\u00f3n"},"content":{"rendered":"<p>La realizaci\u00f3n de este trabajo nos ha llevado a conocer mucho sobre el mundo de los graffitis y su actividad plasmada en soportes urbanos.<br \/>\nOpinamos que es una actividad que no deber\u00eda ser criticada, \u00a0ya que al final est\u00e1n decorando nuestras calles, y eso es motivo de alegr\u00eda y creatividad. Se ha podido observar que el margen entre vandalismo y arte no est\u00e1 bien definido y muchas veces lleva a calificar negativamente estas obras iconogr\u00e1ficas.<\/p>\n<p>Tambi\u00e9n cabe destacar la originalidad en la evoluci\u00f3n de los soportes, pasando de muros y fachadas a mobiliario urbano, persianas, puertas y garajes. En ocasiones en calidad de arte y en otras de car\u00e1cter publicitario.<br \/>\nCon la realizaci\u00f3n del blog hemos conocido el procedimiento y las t\u00e9cnicas para poder crearlo. En un \u00e1mbito did\u00e1ctico, este trabajo nos ha sugerido muchas ideas y hemos podido comentar lo que nosotros pensamos que puede reflejar cada una de estas obras urbana y lo que ha querido reflejar el propio autor de ellas.<br \/>\nEn conclusi\u00f3n, hemos recapitulado im\u00e1genes de graffitis iconogr\u00e1ficos de toda Alicante en este blog y lo consideramos como una tarea did\u00e1ctica y \u00fatil y de valoraci\u00f3n positiva.<\/p>\n","protected":false},"excerpt":{"rendered":"<p>La realizaci\u00f3n de este trabajo nos ha llevado a conocer mucho sobre el mundo de los graffitis y su actividad plasmada en soportes urbanos. Opinamos que es una actividad que no deber\u00eda ser criticada, \u00a0ya que al final est\u00e1n decorando nuestras calles, y eso es motivo de alegr\u00eda y creatividad. Se ha podido observar que [&hellip;]<\/p>\n","protected":false},"author":3275,"featured_media":0,"parent":0,"menu_order":0,"comment_status":"open","ping_status":"open","template":"","meta":{"footnotes":""},"class_list":["post-698","page","type-page","status-publish","hentry"],"_links":{"self":[{"href":"https:\/\/blogs.ua.es\/alicante6\/wp-json\/wp\/v2\/pages\/698","targetHints":{"allow":["GET"]}}],"collection":[{"href":"https:\/\/blogs.ua.es\/alicante6\/wp-json\/wp\/v2\/pages"}],"about":[{"href":"https:\/\/blogs.ua.es\/alicante6\/wp-json\/wp\/v2\/types\/page"}],"author":[{"embeddable":true,"href":"https:\/\/blogs.ua.es\/alicante6\/wp-json\/wp\/v2\/users\/3275"}],"replies":[{"embeddable":true,"href":"https:\/\/blogs.ua.es\/alicante6\/wp-json\/wp\/v2\/comments?post=698"}],"version-history":[{"count":1,"href":"https:\/\/blogs.ua.es\/alicante6\/wp-json\/wp\/v2\/pages\/698\/revisions"}],"predecessor-version":[{"id":699,"href":"https:\/\/blogs.ua.es\/alicante6\/wp-json\/wp\/v2\/pages\/698\/revisions\/699"}],"wp:attachment":[{"href":"https:\/\/blogs.ua.es\/alicante6\/wp-json\/wp\/v2\/media?parent=698"}],"curies":[{"name":"wp","href":"https:\/\/api.w.org\/{rel}","templated":true}]}}