{"id":4,"date":"2013-11-15T15:18:13","date_gmt":"2013-11-15T15:18:13","guid":{"rendered":"https:\/\/blogs.ua.es\/alicante8\/?page_id=4"},"modified":"2014-01-13T13:26:47","modified_gmt":"2014-01-13T13:26:47","slug":"presentacion","status":"publish","type":"page","link":"https:\/\/blogs.ua.es\/alicante8\/presentacion\/","title":{"rendered":"Presentaci\u00f3n"},"content":{"rendered":"<p>Este blog es el trabajo conjunto de Zaira Fern\u00e1ndez Garcia, Rodrigo Catal\u00e1n Montero y Ram\u00f3n Ma\u00f1as Garcia incluido en la asignatura de Fuentes y Documentos para la Historia.<\/p>\n<p>Es parte de un proyecto m\u00e1s amplio de an\u00e1lisis de las escrituras expuestas en la provincia de Alicante en la que la hemos dividido en tres zonas: Zona Centro, Zona Playa y Zona Norte, en la que han tomado fotograf\u00edas los alumnos de primero de los grados de Historia, Humanidades y Geograf\u00eda.<\/p>\n<p>En particular nuestro trabajo ha sido el documentar la publicidad fija en la ciudad de Alicante. Esto incluye anuncios en grandes paneles, pantallas gigantes de televisi\u00f3n y publicidad en cabinas telef\u00f3nicas, veh\u00edculos y paradas de autob\u00fas o tren.<\/p>\n","protected":false},"excerpt":{"rendered":"<p>Este blog es el trabajo conjunto de Zaira Fern\u00e1ndez Garcia, Rodrigo Catal\u00e1n Montero y Ram\u00f3n Ma\u00f1as Garcia incluido en la asignatura de Fuentes y Documentos para la Historia. Es parte de un proyecto m\u00e1s amplio de an\u00e1lisis de las escrituras expuestas en la provincia de Alicante en la que la hemos dividido en tres zonas: [&hellip;]<\/p>\n","protected":false},"author":3357,"featured_media":0,"parent":0,"menu_order":0,"comment_status":"open","ping_status":"open","template":"","meta":{"footnotes":""},"class_list":["post-4","page","type-page","status-publish","hentry"],"_links":{"self":[{"href":"https:\/\/blogs.ua.es\/alicante8\/wp-json\/wp\/v2\/pages\/4","targetHints":{"allow":["GET"]}}],"collection":[{"href":"https:\/\/blogs.ua.es\/alicante8\/wp-json\/wp\/v2\/pages"}],"about":[{"href":"https:\/\/blogs.ua.es\/alicante8\/wp-json\/wp\/v2\/types\/page"}],"author":[{"embeddable":true,"href":"https:\/\/blogs.ua.es\/alicante8\/wp-json\/wp\/v2\/users\/3357"}],"replies":[{"embeddable":true,"href":"https:\/\/blogs.ua.es\/alicante8\/wp-json\/wp\/v2\/comments?post=4"}],"version-history":[{"count":5,"href":"https:\/\/blogs.ua.es\/alicante8\/wp-json\/wp\/v2\/pages\/4\/revisions"}],"predecessor-version":[{"id":371,"href":"https:\/\/blogs.ua.es\/alicante8\/wp-json\/wp\/v2\/pages\/4\/revisions\/371"}],"wp:attachment":[{"href":"https:\/\/blogs.ua.es\/alicante8\/wp-json\/wp\/v2\/media?parent=4"}],"curies":[{"name":"wp","href":"https:\/\/api.w.org\/{rel}","templated":true}]}}