{"id":6,"date":"2013-11-15T15:18:44","date_gmt":"2013-11-15T15:18:44","guid":{"rendered":"https:\/\/blogs.ua.es\/alicante8\/?page_id=6"},"modified":"2014-01-14T12:01:30","modified_gmt":"2014-01-14T12:01:30","slug":"explicacion","status":"publish","type":"page","link":"https:\/\/blogs.ua.es\/alicante8\/explicacion\/","title":{"rendered":"Explicaci\u00f3n"},"content":{"rendered":"<p>Se ha planteado la actividad como una acci\u00f3n que cubra el mayor el mayor n\u00famero posible de publicidad fija en la ciudad de Alicante.<\/p>\n<p>Se han establecido tres \u00e1reas de trabajo:<\/p>\n<p>Centro de la ciudad con especial incidencia en el centro comercial Rodrigo Catal\u00e1n<\/p>\n<p>Zona playas, Playa de San Juan, Cabo de las Huertas y Albufereta Zaira Fern\u00e1ndez<\/p>\n<p>Zona Norte, Avenida de Denia, Santa Faz, V\u00eda Parque y Gran V\u00eda Ram\u00f3n Ma\u00f1as<\/p>\n<p>Hablaremos de cada ejemplo que encontremos aportando informaci\u00f3n y analizando detalles que puedan resultar curiosos o de inter\u00e9s com\u00fan. Ya sea argumentando su posici\u00f3n o como afecta a la poblaci\u00f3n que circula por la ciudad rodeada de anuncios publicitarios.<\/p>\n<p>Como puede verse la muestra es significativa tanto en el n\u00famero como en la diversidad de soportes y tipo de publicidad.<\/p>\n<p>&nbsp;<\/p>\n<table border=\"1\" cellspacing=\"0\" cellpadding=\"0\">\n<tbody>\n<tr>\n<td valign=\"top\" width=\"198\">TIPO SOPORTE<\/td>\n<td valign=\"top\" width=\"85\">ZONA CENTRO<\/td>\n<td valign=\"top\" width=\"76\">ZONA PLAYAS<\/td>\n<td valign=\"top\" width=\"85\">ZONA NORTE<\/td>\n<td valign=\"top\" width=\"66\">TOTAL<\/td>\n<\/tr>\n<tr>\n<td valign=\"top\" width=\"198\">Vallas Public. gran formato<\/td>\n<td valign=\"top\" width=\"85\"><\/td>\n<td valign=\"top\" width=\"76\">\n<p align=\"center\">12<\/p>\n<\/td>\n<td valign=\"top\" width=\"85\">\n<p align=\"center\">19<\/p>\n<\/td>\n<td valign=\"top\" width=\"66\">\n<p align=\"center\">31<\/p>\n<\/td>\n<\/tr>\n<tr>\n<td valign=\"top\" width=\"198\">Vallas Public. Peque\u00f1o form.<\/td>\n<td valign=\"top\" width=\"85\">\n<p align=\"center\">10<\/p>\n<\/td>\n<td valign=\"top\" width=\"76\">\n<p align=\"center\">4<\/p>\n<\/td>\n<td valign=\"top\" width=\"85\">\n<p align=\"center\">5<\/p>\n<\/td>\n<td valign=\"top\" width=\"66\">\n<p align=\"center\">19<\/p>\n<\/td>\n<\/tr>\n<tr>\n<td valign=\"top\" width=\"198\">Public. Adosada edificios<\/td>\n<td valign=\"top\" width=\"85\">\n<p align=\"center\">3<\/p>\n<\/td>\n<td valign=\"top\" width=\"76\"><\/td>\n<td valign=\"top\" width=\"85\">\n<p align=\"center\">5<\/p>\n<\/td>\n<td valign=\"top\" width=\"66\">\n<p align=\"center\">8<\/p>\n<\/td>\n<\/tr>\n<tr>\n<td valign=\"top\" width=\"198\">Marquesinas transp. Publico<\/td>\n<td valign=\"top\" width=\"85\">\n<p align=\"center\">7<\/p>\n<\/td>\n<td valign=\"top\" width=\"76\">\n<p align=\"center\">12<\/p>\n<\/td>\n<td valign=\"top\" width=\"85\">\n<p align=\"center\">3<\/p>\n<\/td>\n<td valign=\"top\" width=\"66\">\n<p align=\"center\">21<\/p>\n<\/td>\n<\/tr>\n<tr>\n<td valign=\"top\" width=\"198\">Transporte<\/td>\n<td valign=\"top\" width=\"85\">\n<p align=\"center\">10<\/p>\n<\/td>\n<td valign=\"top\" width=\"76\">\u00a01<\/td>\n<td valign=\"top\" width=\"85\">\n<p align=\"center\">10<\/p>\n<\/td>\n<td valign=\"top\" width=\"66\">\n<p align=\"center\">10<\/p>\n<\/td>\n<\/tr>\n<tr>\n<td valign=\"top\" width=\"198\">Veh\u00edculos industriales<\/td>\n<td valign=\"top\" width=\"85\">\n<p align=\"center\">1<\/p>\n<\/td>\n<td valign=\"top\" width=\"76\"><\/td>\n<td valign=\"top\" width=\"85\"><\/td>\n<td valign=\"top\" width=\"66\">\n<p align=\"center\">1<\/p>\n<\/td>\n<\/tr>\n<tr>\n<td valign=\"top\" width=\"198\">Otros<\/td>\n<td valign=\"top\" width=\"85\">\n<p align=\"center\">1<\/p>\n<\/td>\n<td valign=\"top\" width=\"76\">\n<p align=\"center\">1<\/p>\n<\/td>\n<td valign=\"top\" width=\"85\"><\/td>\n<td valign=\"top\" width=\"66\">\n<p align=\"center\">3<\/p>\n<\/td>\n<\/tr>\n<tr>\n<td valign=\"top\" width=\"198\"><\/td>\n<td valign=\"top\" width=\"85\"><\/td>\n<td valign=\"top\" width=\"76\"><\/td>\n<td valign=\"top\" width=\"85\"><\/td>\n<td valign=\"top\" width=\"66\"><\/td>\n<\/tr>\n<tr>\n<td valign=\"top\" width=\"198\">Total<\/td>\n<td valign=\"top\" width=\"85\">\n<p align=\"center\">32<\/p>\n<\/td>\n<td valign=\"top\" width=\"76\">\n<p align=\"center\">30<\/p>\n<\/td>\n<td valign=\"top\" width=\"85\">\n<p align=\"center\">32<\/p>\n<\/td>\n<td valign=\"top\" width=\"66\">\n<p align=\"center\">93<\/p>\n<\/td>\n<\/tr>\n<\/tbody>\n<\/table>\n<p>&nbsp;<\/p>\n<p>&nbsp;<\/p>\n<table border=\"1\" cellspacing=\"0\" cellpadding=\"0\">\n<tbody>\n<tr>\n<td valign=\"top\" width=\"198\">TIPO PUBLICIDAD<\/td>\n<td valign=\"top\" width=\"76\">ZONA CENTRO<\/td>\n<td valign=\"top\" width=\"85\">ZONA PLAYAS<\/td>\n<td valign=\"top\" width=\"85\">ZONA NORTE<\/td>\n<td valign=\"top\" width=\"66\">TOTAL<\/td>\n<\/tr>\n<tr>\n<td valign=\"top\" width=\"198\">Grandes Superficies<\/td>\n<td valign=\"top\" width=\"76\">\n<p align=\"center\">8<\/p>\n<\/td>\n<td valign=\"top\" width=\"85\">\n<p align=\"center\">1<\/p>\n<\/td>\n<td valign=\"top\" width=\"85\">\n<p align=\"center\">6<\/p>\n<\/td>\n<td valign=\"top\" width=\"66\">\n<p align=\"center\">15<\/p>\n<\/td>\n<\/tr>\n<tr>\n<td valign=\"top\" width=\"198\">Consumo (moda, perfumer\u00eda)<\/td>\n<td valign=\"top\" width=\"76\">\n<p align=\"center\">3<\/p>\n<\/td>\n<td valign=\"top\" width=\"85\">\n<p align=\"center\">2<\/p>\n<\/td>\n<td valign=\"top\" width=\"85\">\n<p align=\"center\">3<\/p>\n<\/td>\n<td valign=\"top\" width=\"66\">\n<p align=\"center\">8<\/p>\n<\/td>\n<\/tr>\n<tr>\n<td valign=\"top\" width=\"198\">Bebidas y restauraci\u00f3n<\/td>\n<td valign=\"top\" width=\"76\">\n<p align=\"center\">1<\/p>\n<\/td>\n<td valign=\"top\" width=\"85\">\n<p align=\"center\">1<\/p>\n<\/td>\n<td valign=\"top\" width=\"85\">\n<p align=\"center\">3<\/p>\n<\/td>\n<td valign=\"top\" width=\"66\">\n<p align=\"center\">5<\/p>\n<\/td>\n<\/tr>\n<tr>\n<td valign=\"top\" width=\"198\">Empresas<\/td>\n<td valign=\"top\" width=\"76\">\n<p align=\"center\">15<\/p>\n<\/td>\n<td valign=\"top\" width=\"85\">\n<p align=\"center\">13<\/p>\n<\/td>\n<td valign=\"top\" width=\"85\">\n<p align=\"center\">9<\/p>\n<\/td>\n<td valign=\"top\" width=\"66\">\n<p align=\"center\">37<\/p>\n<\/td>\n<\/tr>\n<tr>\n<td valign=\"top\" width=\"198\">Automoci\u00f3n<\/td>\n<td valign=\"top\" width=\"76\"><\/td>\n<td valign=\"top\" width=\"85\">\n<p align=\"center\">1<\/p>\n<\/td>\n<td valign=\"top\" width=\"85\">\n<p align=\"center\">4<\/p>\n<\/td>\n<td valign=\"top\" width=\"66\">\n<p align=\"center\">5<\/p>\n<\/td>\n<\/tr>\n<tr>\n<td valign=\"top\" width=\"198\">Entretenimiento<\/td>\n<td valign=\"top\" width=\"76\">\n<p align=\"center\">3<\/p>\n<\/td>\n<td valign=\"top\" width=\"85\">\n<p align=\"center\">3<\/p>\n<\/td>\n<td valign=\"top\" width=\"85\">\n<p align=\"center\">4<\/p>\n<\/td>\n<td valign=\"top\" width=\"66\">\n<p align=\"center\">10<\/p>\n<\/td>\n<\/tr>\n<tr>\n<td valign=\"top\" width=\"198\">Otros<\/td>\n<td valign=\"top\" width=\"76\">\n<p align=\"center\">2<\/p>\n<\/td>\n<td valign=\"top\" width=\"85\">\n<p align=\"center\">8<\/p>\n<\/td>\n<td valign=\"top\" width=\"85\">\n<p align=\"center\">4<\/p>\n<\/td>\n<td valign=\"top\" width=\"66\">\n<p align=\"center\">14<\/p>\n<\/td>\n<\/tr>\n<tr>\n<td valign=\"top\" width=\"198\"><\/td>\n<td valign=\"top\" width=\"76\"><\/td>\n<td valign=\"top\" width=\"85\"><\/td>\n<td valign=\"top\" width=\"85\"><\/td>\n<td valign=\"top\" width=\"66\"><\/td>\n<\/tr>\n<tr>\n<td valign=\"top\" width=\"198\">Total<\/td>\n<td valign=\"top\" width=\"76\">\n<p align=\"center\">32<\/p>\n<\/td>\n<td valign=\"top\" width=\"85\">\n<p align=\"center\">29<\/p>\n<\/td>\n<td valign=\"top\" width=\"85\">\n<p align=\"center\">33(1)<\/p>\n<\/td>\n<td valign=\"top\" width=\"66\">\n<p align=\"center\">94<\/p>\n<\/td>\n<\/tr>\n<tr>\n<td valign=\"top\" width=\"198\"><\/td>\n<td valign=\"top\" width=\"76\"><\/td>\n<td valign=\"top\" width=\"85\"><\/td>\n<td valign=\"top\" width=\"85\"><\/td>\n<td valign=\"top\" width=\"66\"><\/td>\n<\/tr>\n<\/tbody>\n<\/table>\n<p>&nbsp;<\/p>\n<p>Cabe destacar en el tipo de soporte , el peso de las vallas publicitarias de distinto tama\u00f1o , que son m\u00e1s del cincuenta por ciento del total de la muestra. La explicaci\u00f3n puede encontrarse en las zonas elegidas , playas y norte ,muy adecuadas para este tipo de soporte.<\/p>\n<p>Con respecto al tipo de publicidad ,cabe destacar el peso de empresas y grandes superficies<\/p>\n","protected":false},"excerpt":{"rendered":"<p>Se ha planteado la actividad como una acci\u00f3n que cubra el mayor el mayor n\u00famero posible de publicidad fija en la ciudad de Alicante. Se han establecido tres \u00e1reas de trabajo: Centro de la ciudad con especial incidencia en el centro comercial Rodrigo Catal\u00e1n Zona playas, Playa de San Juan, Cabo de las Huertas y [&hellip;]<\/p>\n","protected":false},"author":3357,"featured_media":0,"parent":0,"menu_order":1,"comment_status":"open","ping_status":"open","template":"","meta":{"footnotes":""},"class_list":["post-6","page","type-page","status-publish","hentry"],"_links":{"self":[{"href":"https:\/\/blogs.ua.es\/alicante8\/wp-json\/wp\/v2\/pages\/6","targetHints":{"allow":["GET"]}}],"collection":[{"href":"https:\/\/blogs.ua.es\/alicante8\/wp-json\/wp\/v2\/pages"}],"about":[{"href":"https:\/\/blogs.ua.es\/alicante8\/wp-json\/wp\/v2\/types\/page"}],"author":[{"embeddable":true,"href":"https:\/\/blogs.ua.es\/alicante8\/wp-json\/wp\/v2\/users\/3357"}],"replies":[{"embeddable":true,"href":"https:\/\/blogs.ua.es\/alicante8\/wp-json\/wp\/v2\/comments?post=6"}],"version-history":[{"count":9,"href":"https:\/\/blogs.ua.es\/alicante8\/wp-json\/wp\/v2\/pages\/6\/revisions"}],"predecessor-version":[{"id":511,"href":"https:\/\/blogs.ua.es\/alicante8\/wp-json\/wp\/v2\/pages\/6\/revisions\/511"}],"wp:attachment":[{"href":"https:\/\/blogs.ua.es\/alicante8\/wp-json\/wp\/v2\/media?parent=6"}],"curies":[{"name":"wp","href":"https:\/\/api.w.org\/{rel}","templated":true}]}}