{"id":8,"date":"2013-11-15T15:19:05","date_gmt":"2013-11-15T15:19:05","guid":{"rendered":"https:\/\/blogs.ua.es\/alicante8\/?page_id=8"},"modified":"2014-01-14T11:39:07","modified_gmt":"2014-01-14T11:39:07","slug":"valoracion","status":"publish","type":"page","link":"https:\/\/blogs.ua.es\/alicante8\/valoracion\/","title":{"rendered":"Valoraci\u00f3n"},"content":{"rendered":"<p>Este trabajo nos ha servido fundamentalmente por dos motivos :<\/p>\n<p>El primero por la posibilidad de trabajo en equipo de tres personas que no se conoc\u00edan y con edades y formaci\u00f3n distinta. Todo el proceso de definici\u00f3n de zonas y de metodolog\u00eda nos ha permitido trabajar\u00a0 en grupo y sin ning\u00fan motivo de fricci\u00f3n.<\/p>\n<p>En segundo lugar y no menos importante ha sido el trabajar en la elaboraci\u00f3n de un blog , herramienta totalmente desconocida para los tres y que ha demostrado ser sencilla, f\u00e1cilmente manejable y con grandes posibilidades de uso personal.<\/p>\n<p>Por ambos motivos la experiencia ha sido muy interesante y educativa<\/p>\n<p>&nbsp;<\/p>\n<p>&nbsp;<\/p>\n<p>&nbsp;<\/p>\n<p>&nbsp;<\/p>\n<p>&nbsp;<\/p>\n<p>&nbsp;<\/p>\n","protected":false},"excerpt":{"rendered":"<p>Este trabajo nos ha servido fundamentalmente por dos motivos : El primero por la posibilidad de trabajo en equipo de tres personas que no se conoc\u00edan y con edades y formaci\u00f3n distinta. Todo el proceso de definici\u00f3n de zonas y de metodolog\u00eda nos ha permitido trabajar\u00a0 en grupo y sin ning\u00fan motivo de fricci\u00f3n. En [&hellip;]<\/p>\n","protected":false},"author":3357,"featured_media":0,"parent":0,"menu_order":2,"comment_status":"open","ping_status":"open","template":"","meta":{"footnotes":""},"class_list":["post-8","page","type-page","status-publish","hentry"],"_links":{"self":[{"href":"https:\/\/blogs.ua.es\/alicante8\/wp-json\/wp\/v2\/pages\/8","targetHints":{"allow":["GET"]}}],"collection":[{"href":"https:\/\/blogs.ua.es\/alicante8\/wp-json\/wp\/v2\/pages"}],"about":[{"href":"https:\/\/blogs.ua.es\/alicante8\/wp-json\/wp\/v2\/types\/page"}],"author":[{"embeddable":true,"href":"https:\/\/blogs.ua.es\/alicante8\/wp-json\/wp\/v2\/users\/3357"}],"replies":[{"embeddable":true,"href":"https:\/\/blogs.ua.es\/alicante8\/wp-json\/wp\/v2\/comments?post=8"}],"version-history":[{"count":2,"href":"https:\/\/blogs.ua.es\/alicante8\/wp-json\/wp\/v2\/pages\/8\/revisions"}],"predecessor-version":[{"id":510,"href":"https:\/\/blogs.ua.es\/alicante8\/wp-json\/wp\/v2\/pages\/8\/revisions\/510"}],"wp:attachment":[{"href":"https:\/\/blogs.ua.es\/alicante8\/wp-json\/wp\/v2\/media?parent=8"}],"curies":[{"name":"wp","href":"https:\/\/api.w.org\/{rel}","templated":true}]}}