{"id":208,"date":"2012-01-17T11:37:48","date_gmt":"2012-01-17T11:37:48","guid":{"rendered":"https:\/\/blogs.ua.es\/alicanteenlaedadmedia\/?page_id=208"},"modified":"2012-01-17T11:37:48","modified_gmt":"2012-01-17T11:37:48","slug":"tema-del-blog","status":"publish","type":"page","link":"https:\/\/blogs.ua.es\/alicanteenlaedadmedia\/tema-del-blog\/","title":{"rendered":"Tema del blog"},"content":{"rendered":"<div>\n<p>El tema tratado en este blog es el estudio de la Edad Media, centr\u00e1ndonos en la ciudad de Alicante. Lo que se pretende es mostrar un acercamiento a la \u00e9poca medieval en la ciudad de Alicante a fin de comprender mejor como eran nuestras tierras en esos a\u00f1os.<\/p>\n<p>En el blog se presentan tanto monumentos como estudios acerca de varios aspectos de la vida cotidiana de la \u00e9poca, as\u00ed como grandes construcciones como el Castillo de Santa B\u00e1rbara y su impotancia en la historia, adem\u00e1s de yacimientos recientemente excavados e informaci\u00f3n complementaria que nos ofrece algo de la historia de Alicante.<\/p>\n<\/div>\n","protected":false},"excerpt":{"rendered":"<p>El tema tratado en este blog es el estudio de la Edad Media, centr\u00e1ndonos en la ciudad de Alicante. Lo que se pretende es mostrar un acercamiento a la \u00e9poca medieval en la ciudad de Alicante a fin de comprender &hellip; <a href=\"https:\/\/blogs.ua.es\/alicanteenlaedadmedia\/tema-del-blog\/\">Continue reading <span class=\"meta-nav\">&rarr;<\/span><\/a><\/p>\n","protected":false},"author":2350,"featured_media":0,"parent":0,"menu_order":0,"comment_status":"open","ping_status":"open","template":"","meta":{"footnotes":""},"class_list":["post-208","page","type-page","status-publish","hentry"],"_links":{"self":[{"href":"https:\/\/blogs.ua.es\/alicanteenlaedadmedia\/wp-json\/wp\/v2\/pages\/208","targetHints":{"allow":["GET"]}}],"collection":[{"href":"https:\/\/blogs.ua.es\/alicanteenlaedadmedia\/wp-json\/wp\/v2\/pages"}],"about":[{"href":"https:\/\/blogs.ua.es\/alicanteenlaedadmedia\/wp-json\/wp\/v2\/types\/page"}],"author":[{"embeddable":true,"href":"https:\/\/blogs.ua.es\/alicanteenlaedadmedia\/wp-json\/wp\/v2\/users\/2350"}],"replies":[{"embeddable":true,"href":"https:\/\/blogs.ua.es\/alicanteenlaedadmedia\/wp-json\/wp\/v2\/comments?post=208"}],"version-history":[{"count":1,"href":"https:\/\/blogs.ua.es\/alicanteenlaedadmedia\/wp-json\/wp\/v2\/pages\/208\/revisions"}],"predecessor-version":[{"id":209,"href":"https:\/\/blogs.ua.es\/alicanteenlaedadmedia\/wp-json\/wp\/v2\/pages\/208\/revisions\/209"}],"wp:attachment":[{"href":"https:\/\/blogs.ua.es\/alicanteenlaedadmedia\/wp-json\/wp\/v2\/media?parent=208"}],"curies":[{"name":"wp","href":"https:\/\/api.w.org\/{rel}","templated":true}]}}