{"id":212,"date":"2012-01-17T12:07:35","date_gmt":"2012-01-17T12:07:35","guid":{"rendered":"https:\/\/blogs.ua.es\/alicanteenlaedadmedia\/?page_id=212"},"modified":"2012-01-17T12:07:35","modified_gmt":"2012-01-17T12:07:35","slug":"valoracion-de-fuentes","status":"publish","type":"page","link":"https:\/\/blogs.ua.es\/alicanteenlaedadmedia\/valoracion-de-fuentes\/","title":{"rendered":"Valoraci\u00f3n de fuentes"},"content":{"rendered":"<p>Las fuentes que se pueden encontrar con respecto al tema tratado en el blog son escasas en materia audiovisual y realmente extensas en lo que a documentos escritos se refiere, por lo que la realizaci\u00f3n del trabajo resulta mon\u00f3tona.<\/p>\n<p>A\u00fan as\u00ed cabe destacar la ingente informaci\u00f3n que se puede encontrar en la web y que facilita mucho la ivestigaci\u00f3n. Como fuente principal en lo que a un autor se refiere cabe destacar con mucho a Jose Hinojosa Montalvo ya que sus escritos sobre Alicante en la Edad Media son tan numerosos como interesantes.<\/p>\n","protected":false},"excerpt":{"rendered":"<p>Las fuentes que se pueden encontrar con respecto al tema tratado en el blog son escasas en materia audiovisual y realmente extensas en lo que a documentos escritos se refiere, por lo que la realizaci\u00f3n del trabajo resulta mon\u00f3tona. A\u00fan &hellip; <a href=\"https:\/\/blogs.ua.es\/alicanteenlaedadmedia\/valoracion-de-fuentes\/\">Continue reading <span class=\"meta-nav\">&rarr;<\/span><\/a><\/p>\n","protected":false},"author":2350,"featured_media":0,"parent":0,"menu_order":0,"comment_status":"open","ping_status":"open","template":"","meta":{"footnotes":""},"class_list":["post-212","page","type-page","status-publish","hentry"],"_links":{"self":[{"href":"https:\/\/blogs.ua.es\/alicanteenlaedadmedia\/wp-json\/wp\/v2\/pages\/212","targetHints":{"allow":["GET"]}}],"collection":[{"href":"https:\/\/blogs.ua.es\/alicanteenlaedadmedia\/wp-json\/wp\/v2\/pages"}],"about":[{"href":"https:\/\/blogs.ua.es\/alicanteenlaedadmedia\/wp-json\/wp\/v2\/types\/page"}],"author":[{"embeddable":true,"href":"https:\/\/blogs.ua.es\/alicanteenlaedadmedia\/wp-json\/wp\/v2\/users\/2350"}],"replies":[{"embeddable":true,"href":"https:\/\/blogs.ua.es\/alicanteenlaedadmedia\/wp-json\/wp\/v2\/comments?post=212"}],"version-history":[{"count":1,"href":"https:\/\/blogs.ua.es\/alicanteenlaedadmedia\/wp-json\/wp\/v2\/pages\/212\/revisions"}],"predecessor-version":[{"id":213,"href":"https:\/\/blogs.ua.es\/alicanteenlaedadmedia\/wp-json\/wp\/v2\/pages\/212\/revisions\/213"}],"wp:attachment":[{"href":"https:\/\/blogs.ua.es\/alicanteenlaedadmedia\/wp-json\/wp\/v2\/media?parent=212"}],"curies":[{"name":"wp","href":"https:\/\/api.w.org\/{rel}","templated":true}]}}