{"id":109,"date":"2013-04-13T17:23:14","date_gmt":"2013-04-13T17:23:14","guid":{"rendered":"https:\/\/blogs.ua.es\/alinua\/?page_id=109"},"modified":"2013-04-19T19:02:15","modified_gmt":"2013-04-19T19:02:15","slug":"actividades-del-gabinete-alinua","status":"publish","type":"page","link":"https:\/\/blogs.ua.es\/alinua\/actividades-del-gabinete-alinua\/","title":{"rendered":"Actividades del Gabinete Alinua"},"content":{"rendered":"<div><\/div>\n<ul>\n<li><span style=\"line-height: 15px\">El pasado jueves 18 de abril el Gabinete ALINUA, participo impartiendo unos talleres de educaci\u00f3n nutrici\u00f3nal en la semana cultural del Colegio p\u00fablico Jorge Juan de Novelda. En concreto los talleres fueron destinados a:\u00a0<\/span>\n<ul>\n<li><span style=\"line-height: 15px\">Ni\u00f1os de infantil<a href=\"https:\/\/blogs.ua.es\/alinua\/files\/2013\/04\/Actividad-novelda-11.jpg\"><img loading=\"lazy\" decoding=\"async\" class=\"alignright size-thumbnail wp-image-214\" src=\"https:\/\/blogs.ua.es\/alinua\/files\/2013\/04\/Actividad-novelda-11-150x150.jpg\" alt=\"\" width=\"150\" height=\"150\" \/><\/a><\/span><\/li>\n<\/ul>\n<\/li>\n<\/ul>\n<ul>\n<ul>\n<li><span style=\"line-height: 15px\">Ni\u00f1os de primaria, 1, 2 y 3 ciclo<a href=\"https:\/\/blogs.ua.es\/alinua\/files\/2013\/04\/Actividad-Novleda.jpg\"><img loading=\"lazy\" decoding=\"async\" class=\"alignright size-thumbnail wp-image-213\" src=\"https:\/\/blogs.ua.es\/alinua\/files\/2013\/04\/Actividad-Novleda-150x150.jpg\" alt=\"\" width=\"150\" height=\"150\" \/><\/a><\/span><\/li>\n<\/ul>\n<\/ul>\n<p>&nbsp;<\/p>\n<p>&nbsp;<\/p>\n<p>&nbsp;<\/p>\n<p>&nbsp;<\/p>\n<ul>\n<li><span style=\"line-height: 15px\">El pasado d\u00eda 13 de marzo se celebro el <a href=\"http:\/\/web.ua.es\/es\/upua\/documentos\/actividades\/2012-13\/programa-dia-prevencion-cardiovascular.pdf\" target=\"_blank\">d\u00eda europeo de la prevenci\u00f3n cardiovascular<\/a>, donde ALINUA, particip\u00f3:<\/span>\n<ul>\n<li><span style=\"line-height: 15px\">Elaborando\u00a0men\u00fas\u00a0cardiosaludables\u00a0<\/span><\/li>\n<li>Impartiendo un seminario: \u00bfD\u00f3nde est\u00e1n las calor\u00edas?<\/li>\n<li>Difundiendo pautas de alimentaci\u00f3n saludable a la poblaci\u00f3n universitaria<\/li>\n<\/ul>\n<\/li>\n<\/ul>\n","protected":false},"excerpt":{"rendered":"<p>El pasado jueves 18 de abril el Gabinete ALINUA, participo impartiendo unos talleres de educaci\u00f3n nutrici\u00f3nal en la semana cultural del Colegio p\u00fablico Jorge Juan de Novelda. En concreto los talleres fueron destinados a:\u00a0 Ni\u00f1os de infantil Ni\u00f1os de primaria, &hellip; <a href=\"https:\/\/blogs.ua.es\/alinua\/actividades-del-gabinete-alinua\/\">Continue reading <span class=\"meta-nav\">&rarr;<\/span><\/a><\/p>\n","protected":false},"author":3047,"featured_media":0,"parent":0,"menu_order":1,"comment_status":"open","ping_status":"open","template":"","meta":{"footnotes":""},"class_list":["post-109","page","type-page","status-publish","hentry"],"_links":{"self":[{"href":"https:\/\/blogs.ua.es\/alinua\/wp-json\/wp\/v2\/pages\/109","targetHints":{"allow":["GET"]}}],"collection":[{"href":"https:\/\/blogs.ua.es\/alinua\/wp-json\/wp\/v2\/pages"}],"about":[{"href":"https:\/\/blogs.ua.es\/alinua\/wp-json\/wp\/v2\/types\/page"}],"author":[{"embeddable":true,"href":"https:\/\/blogs.ua.es\/alinua\/wp-json\/wp\/v2\/users\/3047"}],"replies":[{"embeddable":true,"href":"https:\/\/blogs.ua.es\/alinua\/wp-json\/wp\/v2\/comments?post=109"}],"version-history":[{"count":5,"href":"https:\/\/blogs.ua.es\/alinua\/wp-json\/wp\/v2\/pages\/109\/revisions"}],"predecessor-version":[{"id":149,"href":"https:\/\/blogs.ua.es\/alinua\/wp-json\/wp\/v2\/pages\/109\/revisions\/149"}],"wp:attachment":[{"href":"https:\/\/blogs.ua.es\/alinua\/wp-json\/wp\/v2\/media?parent=109"}],"curies":[{"name":"wp","href":"https:\/\/api.w.org\/{rel}","templated":true}]}}